{"id":7285,"date":"2015-01-05T07:32:14","date_gmt":"2015-01-05T07:32:14","guid":{"rendered":"http:\/\/www.tesla-lighting.cz\/?page_id=7285"},"modified":"2022-12-30T00:21:20","modified_gmt":"2022-12-30T00:21:20","slug":"ochrana-osobnich-udaju","status":"publish","type":"page","link":"https:\/\/tesla-lighting.cz\/en\/ochrana-osobnich-udaju\/","title":{"rendered":"Processing and protection of personal data"},"content":{"rendered":"<div data-elementor-type=\"wp-page\" data-elementor-id=\"7285\" class=\"elementor elementor-7285\" data-elementor-post-type=\"page\">\n\t\t\t\t\t\t<section class=\"elementor-section elementor-top-section elementor-element elementor-element-fc7b061 elementor-section-boxed elementor-section-height-default elementor-section-height-default\" data-id=\"fc7b061\" data-element_type=\"section\" data-e-type=\"section\">\n\t\t\t\t\t\t<div class=\"elementor-container elementor-column-gap-default\">\n\t\t\t\t\t<div class=\"elementor-column elementor-col-100 elementor-top-column elementor-element elementor-element-639ed625\" data-id=\"639ed625\" data-element_type=\"column\" data-e-type=\"column\">\n\t\t\t<div class=\"elementor-widget-wrap elementor-element-populated\">\n\t\t\t\t\t\t<div class=\"elementor-element elementor-element-a83998a elementor-widget elementor-widget-heading\" data-id=\"a83998a\" data-element_type=\"widget\" data-e-type=\"widget\" data-widget_type=\"heading.default\">\n\t\t\t\t<div class=\"elementor-widget-container\">\n\t\t\t\t\t<h1 class=\"elementor-heading-title elementor-size-default\">Our services<\/h1>\t\t\t\t<\/div>\n\t\t\t\t<\/div>\n\t\t\t\t<div class=\"elementor-element elementor-element-bf60f02 elementor-widget elementor-widget-text-editor\" data-id=\"bf60f02\" data-element_type=\"widget\" data-e-type=\"widget\" data-widget_type=\"text-editor.default\">\n\t\t\t\t<div class=\"elementor-widget-container\">\n\t\t\t\t\t\t\t\t\t<p>By submitting my personal data filled in the form on the website www.tesla-lighting.cz, i.e. by clicking on the \"Submit\" button, I grant TESLA LIGHTING s.r.o. consent to the processing of my personal data and agree to be contacted back by TESLA LIGHTING s.r.o.<\/p><p>TESLA LIGHTING s.r.o., ID No. 27103668, processes personal data in accordance with Act No. 101\/2000 Coll., on the protection of personal data.<\/p><p>The company is also a registered data controller with the Office for Personal Data Protection (OPPD). Registration can be verified on the website <a href=\"https:\/\/www.uoou.cz\/verejny-registr-zpracovani-osobnich-udaju.asp\" target=\"_blank\" rel=\"noopener\">the Data Protection Authority<\/a> under registration number 00033548.<\/p><h2><strong>What data do we process?<\/strong><\/h2><p>We process and store the personal data you fill in the contact form. When submitting the form, you enter your name, surname and email address. We protect all the data provided from misuse, consider it confidential and undertake not to provide it to any third party.<\/p><p>If you wish to withdraw your consent, <a href=\"https:\/\/tesla-lighting.cz\/en\/kontaktujte-nas\/\">contact us<\/a>We will delete and dispose of your personal data in accordance with applicable legislation.<\/p><h2><strong>Cookies<\/strong><\/h2><p>This website uses cookies - small text files that are sent by the web server to the browser, which, depending on its settings, stores them on the user's computer. The use of cookies improves the user experience of the website, identifies popular pages and sections of the website and allows us to adapt it to your needs.<\/p><p>The use of cookies is a normal part of the operation of websites. However, if you prefer, you can set your browser not to accept cookies.<\/p><h2><strong>Enquiries<\/strong><\/h2><p>If you have any questions about the privacy policy of TESLA LIGHTING s.r.o., <a href=\"https:\/\/tesla-lighting.cz\/en\/kontaktujte-nas\/\">do not hesitate to contact us<\/a>. We do our best to protect your personal data.<\/p>\t\t\t\t\t\t\t\t<\/div>\n\t\t\t\t<\/div>\n\t\t\t\t\t<\/div>\n\t\t<\/div>\n\t\t\t\t\t<\/div>\n\t\t<\/section>\n\t\t\t\t<\/div>","protected":false},"excerpt":{"rendered":"<p>Na\u0161e slu\u017eby Odesl\u00e1n\u00edm sv\u00fdch osobn\u00edch \u00fadaj\u016f vypln\u011bn\u00fdch ve formul\u00e1\u0159i na webov\u00fdch str\u00e1nk\u00e1ch www.tesla-lighting.cz, tj. kliknut\u00edm na tla\u010d\u00edtko &#8222;Odeslat&#8220; ud\u011bluji spole\u010dnosti TESLA LIGHTING s.r.o. souhlas se zpracov\u00e1n\u00edm sv\u00fdch uveden\u00fdch osobn\u00edch \u00fadaj\u016f a souhlas\u00edm se zp\u011btn\u00fdm osloven\u00edm ze strany TESLA LIGHTING s.r.o.. Spole\u010dnost TESLA LIGHTING s.r.o., I\u010cO 27103668, zpracov\u00e1v\u00e1 osobn\u00ed \u00fadaje v souladu se z\u00e1konem \u010d\u00edslo 101\/2000 [&hellip;]<\/p>\n","protected":false},"author":11,"featured_media":0,"parent":0,"menu_order":0,"comment_status":"closed","ping_status":"closed","template":"","meta":{"footnotes":""},"class_list":["post-7285","page","type-page","status-publish","hentry"],"_links":{"self":[{"href":"https:\/\/tesla-lighting.cz\/en\/wp-json\/wp\/v2\/pages\/7285","targetHints":{"allow":["GET"]}}],"collection":[{"href":"https:\/\/tesla-lighting.cz\/en\/wp-json\/wp\/v2\/pages"}],"about":[{"href":"https:\/\/tesla-lighting.cz\/en\/wp-json\/wp\/v2\/types\/page"}],"author":[{"embeddable":true,"href":"https:\/\/tesla-lighting.cz\/en\/wp-json\/wp\/v2\/users\/11"}],"replies":[{"embeddable":true,"href":"https:\/\/tesla-lighting.cz\/en\/wp-json\/wp\/v2\/comments?post=7285"}],"version-history":[{"count":0,"href":"https:\/\/tesla-lighting.cz\/en\/wp-json\/wp\/v2\/pages\/7285\/revisions"}],"wp:attachment":[{"href":"https:\/\/tesla-lighting.cz\/en\/wp-json\/wp\/v2\/media?parent=7285"}],"curies":[{"name":"wp","href":"https:\/\/api.w.org\/{rel}","templated":true}]}}