{"id":6355,"date":"2014-09-29T14:13:43","date_gmt":"2014-09-29T14:13:43","guid":{"rendered":"http:\/\/www.tesla-lighting.cz\/?page_id=6355"},"modified":"2024-06-11T21:02:34","modified_gmt":"2024-06-11T21:02:34","slug":"tesla-produktove-listy","status":"publish","type":"page","link":"https:\/\/tesla-lighting.cz\/en\/tesla-produktove-listy\/","title":{"rendered":"TESLA Product sheets"},"content":{"rendered":"<div data-elementor-type=\"wp-page\" data-elementor-id=\"6355\" class=\"elementor elementor-6355\" data-elementor-post-type=\"page\">\n\t\t\t\t\t\t<section class=\"elementor-section elementor-top-section elementor-element elementor-element-55fdc3c elementor-section-boxed elementor-section-height-default elementor-section-height-default\" data-id=\"55fdc3c\" data-element_type=\"section\" data-e-type=\"section\">\n\t\t\t\t\t\t<div class=\"elementor-container elementor-column-gap-no\">\n\t\t\t\t\t<div class=\"elementor-column elementor-col-100 elementor-top-column elementor-element elementor-element-521f1d4\" data-id=\"521f1d4\" data-element_type=\"column\" data-e-type=\"column\">\n\t\t\t<div class=\"elementor-widget-wrap elementor-element-populated\">\n\t\t\t\t\t\t<div class=\"elementor-element elementor-element-92fcb52 elementor-widget elementor-widget-heading\" data-id=\"92fcb52\" data-element_type=\"widget\" data-e-type=\"widget\" data-widget_type=\"heading.default\">\n\t\t\t\t<div class=\"elementor-widget-container\">\n\t\t\t\t\t<h3 class=\"elementor-heading-title elementor-size-default\">Product sheets<\/h3>\t\t\t\t<\/div>\n\t\t\t\t<\/div>\n\t\t\t\t<div class=\"elementor-element elementor-element-0b352e5 elementor-widget elementor-widget-text-editor\" data-id=\"0b352e5\" data-element_type=\"widget\" data-e-type=\"widget\" data-widget_type=\"text-editor.default\">\n\t\t\t\t<div class=\"elementor-widget-container\">\n\t\t\t\t\t\t\t\t\t<h3><span style=\"color: #104492;\"><strong>For the household<\/strong><\/span><\/h3><ol><li><span style=\"color: #324a6d;\"><a style=\"color: #324a6d;\" href=\"https:\/\/tesla-lighting.cz\/wp-content\/uploads\/2022\/12\/PS_dekorativni_LED_retezy_CZ.pdf\" target=\"_blank\" rel=\"noopener\">Decorative LED chains<\/a><\/span><\/li><li><span style=\"color: #324a6d;\"><a style=\"color: #324a6d;\" href=\"https:\/\/tesla-lighting.cz\/wp-content\/uploads\/2022\/12\/PS_LED_retezy_s_8_funkcemi_CZ.pdf\" target=\"_blank\" rel=\"noopener\">Chains with 8 functions<\/a><\/span><\/li><li><span style=\"color: #324a6d;\"><a style=\"color: #324a6d;\" href=\"https:\/\/tesla-lighting.cz\/wp-content\/uploads\/2022\/12\/PS_LED_zarovky_E14_Classic_CZ.pdf\" target=\"_blank\" rel=\"noopener\">LED bulbs E14 classic<\/a><\/span><\/li><li><span style=\"color: #324a6d;\"><a style=\"color: #324a6d;\" href=\"https:\/\/tesla-lighting.cz\/wp-content\/uploads\/2022\/12\/PS_LED_zarovky_E14_Filament_CZ.pdf\" target=\"_blank\" rel=\"noopener\">LED bulbs E14 filament<\/a><\/span><\/li><li><span style=\"color: #324a6d;\"><a style=\"color: #324a6d;\" href=\"https:\/\/tesla-lighting.cz\/wp-content\/uploads\/2022\/12\/PS_LED_zarovky_E27_Classic_CZ.pdf\" target=\"_blank\" rel=\"noopener\">LED bulbs E27 classic<\/a><\/span><\/li><li><a href=\"https:\/\/tesla-lighting.cz\/wp-content\/uploads\/2022\/12\/PS_LED_zarovky_E27_Design_CZ.pdf\"><span style=\"color: #324a6d;\">LED bulbs E27 design<\/span><\/a><\/li><li><span style=\"color: #324a6d;\"><a style=\"color: #324a6d;\" href=\"https:\/\/tesla-lighting.cz\/wp-content\/uploads\/2022\/12\/PS_LED_zarovky_E27_Filament_CZ.pdf\" target=\"_blank\" rel=\"noopener\">LED bulbs E27 filament<\/a><\/span><\/li><li><span style=\"color: #324a6d;\"><a style=\"color: #324a6d;\" href=\"https:\/\/tesla-lighting.cz\/wp-content\/uploads\/2022\/12\/PS_LED_zarovky_E27_Vintage_CZ.pdf\" target=\"_blank\" rel=\"noopener\">LED bulbs E27 vintage<\/a><\/span><\/li><li><span style=\"color: #324a6d;\"><a style=\"color: #324a6d;\" href=\"https:\/\/tesla-lighting.cz\/wp-content\/uploads\/2022\/12\/PS_LED_zarovky_G4_CZ.pdf\" target=\"_blank\" rel=\"noopener\">LED bulbs G4<\/a><\/span><\/li><li><span style=\"color: #324a6d;\"><a style=\"color: #324a6d;\" href=\"https:\/\/tesla-lighting.cz\/wp-content\/uploads\/2022\/12\/PS_LED_zarovky_G9_CZ.pdf\" target=\"_blank\" rel=\"noopener\">LED bulbs G9<\/a><\/span><\/li><li><span style=\"color: #324a6d;\"><a style=\"color: #324a6d;\" href=\"https:\/\/tesla-lighting.cz\/wp-content\/uploads\/2022\/12\/PS_LED_zarovky_G53_CZ.pdf\" target=\"_blank\" rel=\"noopener\">LED bulbs G53<\/a><\/span><\/li><li><span style=\"color: #324a6d;\"><a style=\"color: #324a6d;\" href=\"https:\/\/tesla-lighting.cz\/wp-content\/uploads\/2022\/12\/PS_LED_zarovky_GU53_CZ.pdf\" target=\"_blank\" rel=\"noopener\">LED bulbs GU5,3<\/a><\/span><\/li><li><span style=\"color: #324a6d;\"><a style=\"color: #324a6d;\" href=\"https:\/\/tesla-lighting.cz\/wp-content\/uploads\/2022\/12\/PS_LED_zarovky_GU10_CZ.pdf\" target=\"_blank\" rel=\"noopener\">LED bulbs GU10<\/a><\/span><\/li><li><span style=\"color: #324a6d;\"><a style=\"color: #324a6d;\" href=\"https:\/\/tesla-lighting.cz\/wp-content\/uploads\/2022\/12\/PS_LED_zarovky_GX53_CZ.pdf\" target=\"_blank\" rel=\"noopener\">LED bulbs GX<\/a><a style=\"color: #324a6d;\" href=\"https:\/\/www.tesla-lighting.cz\/wp-content\/uploads\/2021\/07\/Tesla-lighting-LED-TRIPROOF-6F-v4.pdf\" target=\"_blank\" rel=\"noopener\">53<\/a><\/span><\/li><li><span style=\"color: #324a6d;\"><a style=\"color: #324a6d;\" href=\"https:\/\/tesla-lighting.cz\/wp-content\/uploads\/2022\/12\/PS_nano_retezy_CZ.pdf\" target=\"_blank\" rel=\"noopener\">NANO LED chains<\/a><\/span><br \/><small><\/small><small><\/small><\/li><\/ol>\t\t\t\t\t\t\t\t<\/div>\n\t\t\t\t<\/div>\n\t\t\t\t<div class=\"elementor-element elementor-element-d92ded7 elementor-widget elementor-widget-text-editor\" data-id=\"d92ded7\" data-element_type=\"widget\" data-e-type=\"widget\" data-widget_type=\"text-editor.default\">\n\t\t\t\t<div class=\"elementor-widget-container\">\n\t\t\t\t\t\t\t\t\t<h3><span style=\"color: #104492;\"><strong>For companies<\/strong><\/span><\/h3><ol><li><span style=\"color: #324a6d;\"><a style=\"color: #324a6d;\" href=\"https:\/\/tesla-lighting.cz\/wp-content\/uploads\/2022\/12\/PS_High_Bay_heavy_duty_CZ.pdf\" target=\"_blank\" rel=\"noopener\">High Bay HEAVY DUTY<\/a><\/span><\/li><li><span style=\"color: #324a6d;\"><a style=\"color: #324a6d;\" href=\"https:\/\/tesla-lighting.cz\/wp-content\/uploads\/2022\/12\/PS_High_Bay_series6_CZ.pdf\" target=\"_blank\" rel=\"noopener\">High Bay<\/a>\u00a0series 6<\/span><\/li><li><span style=\"color: #324a6d;\"><a style=\"color: #324a6d;\" href=\"https:\/\/tesla-lighting.cz\/wp-content\/uploads\/2022\/12\/PS_LED_panely_CZ.pdf\" target=\"_blank\" rel=\"noopener\">LED panels<\/a><\/span><\/li><li><span style=\"color: #324a6d;\"><a style=\"color: #324a6d;\" href=\"https:\/\/tesla-lighting.cz\/wp-content\/uploads\/2022\/12\/PS_nouzova_svitidla_CZ.pdf\" target=\"_blank\" rel=\"noopener\">Emergency luminaires<\/a><\/span><\/li><li><a href=\"https:\/\/tesla-lighting.cz\/wp-content\/uploads\/2022\/12\/PS_pracovni_reflektory_CZ.pdf\"><span style=\"color: #324a6d;\">Working spotlights<\/span><\/a><\/li><li><span style=\"color: #324a6d;\"><a style=\"color: #324a6d;\" href=\"https:\/\/tesla-lighting.cz\/wp-content\/uploads\/2022\/12\/PS_prachotesna_svitidla_a_trubice_T8_CZ.pdf\" target=\"_blank\" rel=\"noopener\">Dustproof luminaires and T8 tubes<\/a><\/span><\/li><li><span style=\"color: #324a6d;\"><a style=\"color: #324a6d;\" href=\"https:\/\/tesla-lighting.cz\/wp-content\/uploads\/2022\/12\/PS_reflektory_CZ.pdf\" target=\"_blank\" rel=\"noopener\">Spotlights<\/a><\/span><\/li><li><span style=\"color: #324a6d;\"><a style=\"color: #324a6d;\" href=\"https:\/\/tesla-lighting.cz\/wp-content\/uploads\/2022\/12\/PS_reflektory_Professional_CZ.pdf\" target=\"_blank\" rel=\"noopener\">Spotlights professional<\/a><\/span><\/li><li><span style=\"color: #324a6d;\"><a style=\"color: #324a6d;\" href=\"https:\/\/tesla-lighting.cz\/wp-content\/uploads\/2022\/12\/PS_reflektory_Professional_s_vymenitelnou_optikou_CZ.pdf\" target=\"_blank\" rel=\"noopener\">Spotlights professional<\/a>\u00a0with interchangeable optics<\/span><\/li><li><span style=\"color: #324a6d;\"><a style=\"color: #324a6d;\" href=\"https:\/\/tesla-lighting.cz\/wp-content\/uploads\/2022\/12\/PS_reflektrory_pro_sportoviste_CZ.pdf\" target=\"_blank\" rel=\"noopener\">Spotlights<\/a>\u00a0for sports grounds<\/span><\/li><li><span style=\"color: #324a6d;\"><a style=\"color: #324a6d;\" href=\"https:\/\/tesla-lighting.cz\/wp-content\/uploads\/2022\/12\/PS_stropni_svitidla_prisazena_CZ.pdf\" target=\"_blank\" rel=\"noopener\">Ceiling mounted luminaires<\/a><\/span><\/li><li><span style=\"color: #324a6d;\"><a style=\"color: #324a6d;\" href=\"https:\/\/tesla-lighting.cz\/wp-content\/uploads\/2022\/12\/PS_Triproof_6F_CZ.pdf\" target=\"_blank\" rel=\"noopener\">LED triproof 6F<\/a><\/span><\/li><li><a href=\"https:\/\/tesla-lighting.cz\/wp-content\/uploads\/2022\/12\/PS_verejne_osvetleni_Panorama_CZ.pdf\"><span style=\"color: #324a6d;\">Lighting fixtures PANORAMA<\/span><\/a><\/li><li><span style=\"color: #324a6d;\"><a style=\"color: #324a6d;\" href=\"https:\/\/tesla-lighting.cz\/wp-content\/uploads\/2022\/12\/PS_verejne_osvetleni_Popular_CZ.pdf\" target=\"_blank\" rel=\"noopener\">POPULAR public lighting luminaires<\/a><\/span><br \/><small><\/small><small><\/small><\/li><\/ol>\t\t\t\t\t\t\t\t<\/div>\n\t\t\t\t<\/div>\n\t\t\t\t\t<\/div>\n\t\t<\/div>\n\t\t\t\t\t<\/div>\n\t\t<\/section>\n\t\t\t\t<\/div>","protected":false},"excerpt":{"rendered":"<p>Produktov\u00e9 listy Pro dom\u00e1cnost Dekorativn\u00ed LED \u0159et\u011bzy \u0158et\u011bzy s 8 funkcemi LED \u017e\u00e1rovky E14 classic LED \u017e\u00e1rovky E14 filament LED \u017e\u00e1rovky E27 classic LED \u017e\u00e1rovky E27 design LED \u017e\u00e1rovky E27 filament LED \u017e\u00e1rovky E27 vintage LED \u017e\u00e1rovky G4 LED \u017e\u00e1rovky G9 LED \u017e\u00e1rovky G53 LED \u017e\u00e1rovky GU5,3 LED \u017e\u00e1rovky GU10 LED \u017e\u00e1rovky GX53 NANO LED [&hellip;]<\/p>\n","protected":false},"author":11,"featured_media":0,"parent":0,"menu_order":0,"comment_status":"closed","ping_status":"closed","template":"","meta":{"footnotes":""},"class_list":["post-6355","page","type-page","status-publish","hentry"],"yoast_head":"<!-- This site is optimized with the Yoast SEO plugin v27.3 - https:\/\/yoast.com\/product\/yoast-seo-wordpress\/ -->\n<title>TESLA Produktov\u00e9 listy - Tesla lighting<\/title>\n<meta name=\"description\" content=\"Produktov\u00e9 listy Tesla Lighting a podrobn\u00e9 informace o na\u0161ich sv\u00edtidlech. Technick\u00e9 specifikace a v\u00fdhody na jednom m\u00edst\u011b.\" \/>\n<meta name=\"robots\" content=\"index, follow, max-snippet:-1, max-image-preview:large, max-video-preview:-1\" \/>\n<link rel=\"canonical\" href=\"https:\/\/tesla-lighting.cz\/en\/tesla-produktove-listy\/\" \/>\n<meta property=\"og:locale\" content=\"en_US\" \/>\n<meta property=\"og:type\" content=\"article\" \/>\n<meta property=\"og:title\" content=\"TESLA Produktov\u00e9 listy - Tesla lighting\" \/>\n<meta property=\"og:description\" content=\"Produktov\u00e9 listy Tesla Lighting a podrobn\u00e9 informace o na\u0161ich sv\u00edtidlech. Technick\u00e9 specifikace a v\u00fdhody na jednom m\u00edst\u011b.\" \/>\n<meta property=\"og:url\" content=\"https:\/\/tesla-lighting.cz\/en\/tesla-produktove-listy\/\" \/>\n<meta property=\"og:site_name\" content=\"Tesla lighting\" \/>\n<meta property=\"article:publisher\" content=\"https:\/\/www.facebook.com\/teslalightingcz\" \/>\n<meta property=\"article:modified_time\" content=\"2024-06-11T21:02:34+00:00\" \/>\n<meta name=\"twitter:card\" content=\"summary_large_image\" \/>\n<meta name=\"twitter:label1\" content=\"Est. reading time\" \/>\n\t<meta name=\"twitter:data1\" content=\"1 minute\" \/>\n<script type=\"application\/ld+json\" class=\"yoast-schema-graph\">{\"@context\":\"https:\\\/\\\/schema.org\",\"@graph\":[{\"@type\":\"WebPage\",\"@id\":\"https:\\\/\\\/tesla-lighting.cz\\\/tesla-produktove-listy\\\/\",\"url\":\"https:\\\/\\\/tesla-lighting.cz\\\/tesla-produktove-listy\\\/\",\"name\":\"TESLA Produktov\u00e9 listy - Tesla lighting\",\"isPartOf\":{\"@id\":\"https:\\\/\\\/tesla-lighting.cz\\\/#website\"},\"datePublished\":\"2014-09-29T14:13:43+00:00\",\"dateModified\":\"2024-06-11T21:02:34+00:00\",\"description\":\"Produktov\u00e9 listy Tesla Lighting a podrobn\u00e9 informace o na\u0161ich sv\u00edtidlech. Technick\u00e9 specifikace a v\u00fdhody na jednom m\u00edst\u011b.\",\"breadcrumb\":{\"@id\":\"https:\\\/\\\/tesla-lighting.cz\\\/tesla-produktove-listy\\\/#breadcrumb\"},\"inLanguage\":\"en-US\",\"potentialAction\":[{\"@type\":\"ReadAction\",\"target\":[\"https:\\\/\\\/tesla-lighting.cz\\\/tesla-produktove-listy\\\/\"]}]},{\"@type\":\"BreadcrumbList\",\"@id\":\"https:\\\/\\\/tesla-lighting.cz\\\/tesla-produktove-listy\\\/#breadcrumb\",\"itemListElement\":[{\"@type\":\"ListItem\",\"position\":1,\"name\":\"Dom\u016f\",\"item\":\"https:\\\/\\\/tesla-lighting.cz\\\/\"},{\"@type\":\"ListItem\",\"position\":2,\"name\":\"TESLA Produktov\u00e9 listy\"}]},{\"@type\":\"WebSite\",\"@id\":\"https:\\\/\\\/tesla-lighting.cz\\\/#website\",\"url\":\"https:\\\/\\\/tesla-lighting.cz\\\/\",\"name\":\"Tesla lighting\",\"description\":\"Tesla\",\"publisher\":{\"@id\":\"https:\\\/\\\/tesla-lighting.cz\\\/#organization\"},\"potentialAction\":[{\"@type\":\"SearchAction\",\"target\":{\"@type\":\"EntryPoint\",\"urlTemplate\":\"https:\\\/\\\/tesla-lighting.cz\\\/?s={search_term_string}\"},\"query-input\":{\"@type\":\"PropertyValueSpecification\",\"valueRequired\":true,\"valueName\":\"search_term_string\"}}],\"inLanguage\":\"en-US\"},{\"@type\":\"Organization\",\"@id\":\"https:\\\/\\\/tesla-lighting.cz\\\/#organization\",\"name\":\"Tesla lighting\",\"url\":\"https:\\\/\\\/tesla-lighting.cz\\\/\",\"logo\":{\"@type\":\"ImageObject\",\"inLanguage\":\"en-US\",\"@id\":\"https:\\\/\\\/tesla-lighting.cz\\\/#\\\/schema\\\/logo\\\/image\\\/\",\"url\":\"https:\\\/\\\/tesla-lighting.cz\\\/wp-content\\\/uploads\\\/2022\\\/05\\\/TESLA_Lighting_logo.png\",\"contentUrl\":\"https:\\\/\\\/tesla-lighting.cz\\\/wp-content\\\/uploads\\\/2022\\\/05\\\/TESLA_Lighting_logo.png\",\"width\":512,\"height\":251,\"caption\":\"Tesla lighting\"},\"image\":{\"@id\":\"https:\\\/\\\/tesla-lighting.cz\\\/#\\\/schema\\\/logo\\\/image\\\/\"},\"sameAs\":[\"https:\\\/\\\/www.facebook.com\\\/teslalightingcz\",\"https:\\\/\\\/www.instagram.com\\\/teslalightingcz\\\/\",\"https:\\\/\\\/www.linkedin.com\\\/company\\\/tesla-lighting-s-r-o-\\\/\"]}]}<\/script>\n<!-- \/ Yoast SEO plugin. -->","yoast_head_json":{"title":"TESLA Produktov\u00e9 listy - Tesla lighting","description":"Produktov\u00e9 listy Tesla Lighting a podrobn\u00e9 informace o na\u0161ich sv\u00edtidlech. Technick\u00e9 specifikace a v\u00fdhody na jednom m\u00edst\u011b.","robots":{"index":"index","follow":"follow","max-snippet":"max-snippet:-1","max-image-preview":"max-image-preview:large","max-video-preview":"max-video-preview:-1"},"canonical":"https:\/\/tesla-lighting.cz\/en\/tesla-produktove-listy\/","og_locale":"en_US","og_type":"article","og_title":"TESLA Produktov\u00e9 listy - Tesla lighting","og_description":"Produktov\u00e9 listy Tesla Lighting a podrobn\u00e9 informace o na\u0161ich sv\u00edtidlech. Technick\u00e9 specifikace a v\u00fdhody na jednom m\u00edst\u011b.","og_url":"https:\/\/tesla-lighting.cz\/en\/tesla-produktove-listy\/","og_site_name":"Tesla lighting","article_publisher":"https:\/\/www.facebook.com\/teslalightingcz","article_modified_time":"2024-06-11T21:02:34+00:00","twitter_card":"summary_large_image","twitter_misc":{"Est. reading time":"1 minute"},"schema":{"@context":"https:\/\/schema.org","@graph":[{"@type":"WebPage","@id":"https:\/\/tesla-lighting.cz\/tesla-produktove-listy\/","url":"https:\/\/tesla-lighting.cz\/tesla-produktove-listy\/","name":"TESLA Produktov\u00e9 listy - Tesla lighting","isPartOf":{"@id":"https:\/\/tesla-lighting.cz\/#website"},"datePublished":"2014-09-29T14:13:43+00:00","dateModified":"2024-06-11T21:02:34+00:00","description":"Produktov\u00e9 listy Tesla Lighting a podrobn\u00e9 informace o na\u0161ich sv\u00edtidlech. Technick\u00e9 specifikace a v\u00fdhody na jednom m\u00edst\u011b.","breadcrumb":{"@id":"https:\/\/tesla-lighting.cz\/tesla-produktove-listy\/#breadcrumb"},"inLanguage":"en-US","potentialAction":[{"@type":"ReadAction","target":["https:\/\/tesla-lighting.cz\/tesla-produktove-listy\/"]}]},{"@type":"BreadcrumbList","@id":"https:\/\/tesla-lighting.cz\/tesla-produktove-listy\/#breadcrumb","itemListElement":[{"@type":"ListItem","position":1,"name":"Dom\u016f","item":"https:\/\/tesla-lighting.cz\/"},{"@type":"ListItem","position":2,"name":"TESLA Produktov\u00e9 listy"}]},{"@type":"WebSite","@id":"https:\/\/tesla-lighting.cz\/#website","url":"https:\/\/tesla-lighting.cz\/","name":"Tesla lighting","description":"Tesla","publisher":{"@id":"https:\/\/tesla-lighting.cz\/#organization"},"potentialAction":[{"@type":"SearchAction","target":{"@type":"EntryPoint","urlTemplate":"https:\/\/tesla-lighting.cz\/?s={search_term_string}"},"query-input":{"@type":"PropertyValueSpecification","valueRequired":true,"valueName":"search_term_string"}}],"inLanguage":"en-US"},{"@type":"Organization","@id":"https:\/\/tesla-lighting.cz\/#organization","name":"Tesla lighting","url":"https:\/\/tesla-lighting.cz\/","logo":{"@type":"ImageObject","inLanguage":"en-US","@id":"https:\/\/tesla-lighting.cz\/#\/schema\/logo\/image\/","url":"https:\/\/tesla-lighting.cz\/wp-content\/uploads\/2022\/05\/TESLA_Lighting_logo.png","contentUrl":"https:\/\/tesla-lighting.cz\/wp-content\/uploads\/2022\/05\/TESLA_Lighting_logo.png","width":512,"height":251,"caption":"Tesla lighting"},"image":{"@id":"https:\/\/tesla-lighting.cz\/#\/schema\/logo\/image\/"},"sameAs":["https:\/\/www.facebook.com\/teslalightingcz","https:\/\/www.instagram.com\/teslalightingcz\/","https:\/\/www.linkedin.com\/company\/tesla-lighting-s-r-o-\/"]}]}},"_links":{"self":[{"href":"https:\/\/tesla-lighting.cz\/en\/wp-json\/wp\/v2\/pages\/6355","targetHints":{"allow":["GET"]}}],"collection":[{"href":"https:\/\/tesla-lighting.cz\/en\/wp-json\/wp\/v2\/pages"}],"about":[{"href":"https:\/\/tesla-lighting.cz\/en\/wp-json\/wp\/v2\/types\/page"}],"author":[{"embeddable":true,"href":"https:\/\/tesla-lighting.cz\/en\/wp-json\/wp\/v2\/users\/11"}],"replies":[{"embeddable":true,"href":"https:\/\/tesla-lighting.cz\/en\/wp-json\/wp\/v2\/comments?post=6355"}],"version-history":[{"count":0,"href":"https:\/\/tesla-lighting.cz\/en\/wp-json\/wp\/v2\/pages\/6355\/revisions"}],"wp:attachment":[{"href":"https:\/\/tesla-lighting.cz\/en\/wp-json\/wp\/v2\/media?parent=6355"}],"curies":[{"name":"wp","href":"https:\/\/api.w.org\/{rel}","templated":true}]}}