{"id":48552,"date":"2024-11-28T18:15:04","date_gmt":"2024-11-28T18:15:04","guid":{"rendered":"https:\/\/tesla-lighting.cz\/?page_id=48552"},"modified":"2024-11-28T18:16:44","modified_gmt":"2024-11-28T18:16:44","slug":"svetelny-technik-led-osvetleni","status":"publish","type":"page","link":"https:\/\/tesla-lighting.cz\/en\/kariera\/svetelny-technik-led-osvetleni\/","title":{"rendered":"LIGHTING TECHNICIAN - LED lighting"},"content":{"rendered":"\t\t<div data-elementor-type=\"wp-page\" data-elementor-id=\"48552\" class=\"elementor elementor-48552\" data-elementor-post-type=\"page\">\n\t\t\t\t\t\t<section class=\"elementor-section elementor-top-section elementor-element elementor-element-e85eb09 elementor-section-boxed elementor-section-height-default elementor-section-height-default\" data-id=\"e85eb09\" data-element_type=\"section\" data-e-type=\"section\" data-settings=\"{&quot;background_background&quot;:&quot;classic&quot;}\">\n\t\t\t\t\t\t<div class=\"elementor-container elementor-column-gap-default\">\n\t\t\t\t\t<div class=\"elementor-column elementor-col-100 elementor-top-column elementor-element elementor-element-b589523\" data-id=\"b589523\" data-element_type=\"column\" data-e-type=\"column\">\n\t\t\t<div class=\"elementor-widget-wrap elementor-element-populated\">\n\t\t\t\t\t\t<div class=\"elementor-element elementor-element-446e0dc elementor-widget__width-initial elementor-widget elementor-widget-heading\" data-id=\"446e0dc\" data-element_type=\"widget\" data-e-type=\"widget\" data-widget_type=\"heading.default\">\n\t\t\t\t<div class=\"elementor-widget-container\">\n\t\t\t\t\t<h2 class=\"elementor-heading-title elementor-size-default\">SV\u011aTELN\u00dd TECHNIK \u2013 LED osv\u011btlen\u00ed<\/h2>\t\t\t\t<\/div>\n\t\t\t\t<\/div>\n\t\t\t\t<div class=\"elementor-element elementor-element-881cc69 elementor-widget__width-initial elementor-widget elementor-widget-heading\" data-id=\"881cc69\" data-element_type=\"widget\" data-e-type=\"widget\" data-widget_type=\"heading.default\">\n\t\t\t\t<div class=\"elementor-widget-container\">\n\t\t\t\t\t<h2 class=\"elementor-heading-title elementor-size-default\">Lokace: Praha | \u00davazek: Full time<\/h2>\t\t\t\t<\/div>\n\t\t\t\t<\/div>\n\t\t\t\t<div class=\"elementor-element elementor-element-e04fb59 elementor-widget__width-initial elementor-widget elementor-widget-text-editor\" data-id=\"e04fb59\" data-element_type=\"widget\" data-e-type=\"widget\" data-widget_type=\"text-editor.default\">\n\t\t\t\t<div class=\"elementor-widget-container\">\n\t\t\t\t\t\t\t\t\t<p><b><span data-contrast=\"none\">Jste sv\u00fdm zam\u011b\u0159en\u00edm technik a chcete \u0159e\u0161it slo\u017eit\u011bj\u0161\u00ed technick\u00e9 probl\u00e9my? Kontakt se z\u00e1kazn\u00edkem je pro V\u00e1s p\u0159\u00edjemnou sou\u010d\u00e1st\u00ed Va\u0161\u00ed pr\u00e1ce? Chcete se pod\u00edlet na expanzi \u010desk\u00e9 zna\u010dky? Pak ur\u010dit\u011b \u010dt\u011bte d\u00e1l.<\/span><\/b><span data-ccp-props=\"{&quot;201341983&quot;:0,&quot;335559739&quot;:0,&quot;335559740&quot;:240}\">\u00a0<\/span><\/p><p><span data-ccp-props=\"{&quot;201341983&quot;:0,&quot;335559739&quot;:0,&quot;335559740&quot;:240}\">\u00a0<\/span><b><span data-contrast=\"none\">TESLA lighting <\/span><\/b><span data-contrast=\"none\">je \u010desk\u00e1 zna\u010dka a \u010desk\u00e1 firma zn\u00e1m\u00e1 po cel\u00e9m sv\u011bt\u011b jako p\u0159edn\u00ed dodavatel sv\u011bteln\u00fdch zdroj\u016f<\/span><span data-contrast=\"auto\"> a osv\u011btlen\u00ed <\/span><span data-contrast=\"none\">pro v\u0161echny segmenty rodinn\u00e9ho i profesn\u00edho \u017eivota.\u00a0<\/span><span data-ccp-props=\"{&quot;201341983&quot;:0,&quot;335559739&quot;:0,&quot;335559740&quot;:240}\">\u00a0<\/span><\/p><p><span data-ccp-props=\"{&quot;201341983&quot;:0,&quot;335559739&quot;:0,&quot;335559740&quot;:240}\">\u00a0<\/span><b><span data-contrast=\"none\">TESLA lighting<\/span><\/b><span data-contrast=\"none\"> maxim\u00e1ln\u011b pracuje na inovac\u00edch a kvalit\u011b \u2013 v\u0161echna na\u0161e sv\u011btla proch\u00e1z\u00ed s\u00e9ri\u00ed m\u011b\u0159en\u00ed ve vlastn\u00edch laborato\u0159\u00edch, aby se k z\u00e1kazn\u00edk\u016fm dostalo sv\u011btlo jen t\u00e9 nejvy\u0161\u0161\u00ed kvality.\u202f<\/span><b><span data-contrast=\"none\">TESLA lighting <\/span><\/b><span data-contrast=\"none\">je sou\u010d\u00e1st\u00ed skupiny FWG Atlantiso (<\/span><a href=\"http:\/\/www.fwgatlantiso.com\/\"><span data-contrast=\"none\">www.fwgatlantiso.com<\/span><\/a><span data-contrast=\"none\">).<\/span><span data-ccp-props=\"{&quot;201341983&quot;:0,&quot;335559739&quot;:0,&quot;335559740&quot;:240}\">\u00a0<\/span><\/p><p>\u00a0<\/p><p><span data-ccp-props=\"{&quot;134233117&quot;:false,&quot;134233118&quot;:false,&quot;201341983&quot;:0,&quot;335557856&quot;:16777215,&quot;335559738&quot;:0,&quot;335559739&quot;:0,&quot;335559740&quot;:240}\">\u00a0<\/span><b><span data-contrast=\"none\">Co u n\u00e1s na t\u00e9to pozici budete d\u011blat?<\/span><\/b><span data-ccp-props=\"{&quot;201341983&quot;:0,&quot;335559739&quot;:0,&quot;335559740&quot;:240}\">\u00a0<\/span><\/p><ul><li data-leveltext=\"\uf0b7\" data-font=\"Symbol\" data-listid=\"11\" data-list-defn-props=\"{&quot;335552541&quot;:1,&quot;335559685&quot;:1080,&quot;335559991&quot;:360,&quot;469769226&quot;:&quot;Symbol&quot;,&quot;469769242&quot;:[8226],&quot;469777803&quot;:&quot;left&quot;,&quot;469777804&quot;:&quot;\uf0b7&quot;,&quot;469777815&quot;:&quot;hybridMultilevel&quot;}\" aria-setsize=\"-1\" data-aria-posinset=\"1\" data-aria-level=\"1\"><span data-contrast=\"auto\">M\u011b\u0159it technick\u00e9 parametry jednotliv\u00fdch sv\u011bteln\u00fdch produkt\u016f.<\/span><span data-ccp-props=\"{&quot;201341983&quot;:0,&quot;335559739&quot;:0,&quot;335559740&quot;:240}\">\u00a0<\/span><\/li><li data-leveltext=\"\uf0b7\" data-font=\"Symbol\" data-listid=\"11\" data-list-defn-props=\"{&quot;335552541&quot;:1,&quot;335559685&quot;:1080,&quot;335559991&quot;:360,&quot;469769226&quot;:&quot;Symbol&quot;,&quot;469769242&quot;:[8226],&quot;469777803&quot;:&quot;left&quot;,&quot;469777804&quot;:&quot;\uf0b7&quot;,&quot;469777815&quot;:&quot;hybridMultilevel&quot;}\" aria-setsize=\"-1\" data-aria-posinset=\"1\" data-aria-level=\"1\"><span data-contrast=\"auto\">Dan\u00e9 parametry kontrolovat a testovat kvalitu prod\u00e1van\u00fdch produkt\u016f.<\/span><span data-ccp-props=\"{&quot;201341983&quot;:0,&quot;335559739&quot;:0,&quot;335559740&quot;:276}\">\u00a0<\/span><\/li><li data-leveltext=\"\uf0b7\" data-font=\"Symbol\" data-listid=\"11\" data-list-defn-props=\"{&quot;335552541&quot;:1,&quot;335559685&quot;:1080,&quot;335559991&quot;:360,&quot;469769226&quot;:&quot;Symbol&quot;,&quot;469769242&quot;:[8226],&quot;469777803&quot;:&quot;left&quot;,&quot;469777804&quot;:&quot;\uf0b7&quot;,&quot;469777815&quot;:&quot;hybridMultilevel&quot;}\" aria-setsize=\"-1\" data-aria-posinset=\"1\" data-aria-level=\"1\"><span data-contrast=\"auto\">N\u00e1vrhy sv\u011bteln\u00fdch \u0159e\u0161en\u00ed budete zpracov\u00e1vat a zakreslovat v\u202fprogramu Dialux \u2013 nau\u010d\u00edme V\u00e1s.<\/span><span data-ccp-props=\"{&quot;201341983&quot;:0,&quot;335559739&quot;:0,&quot;335559740&quot;:276}\">\u00a0<\/span><\/li><li data-leveltext=\"\uf0b7\" data-font=\"Symbol\" data-listid=\"11\" data-list-defn-props=\"{&quot;335552541&quot;:1,&quot;335559685&quot;:1080,&quot;335559991&quot;:360,&quot;469769226&quot;:&quot;Symbol&quot;,&quot;469769242&quot;:[8226],&quot;469777803&quot;:&quot;left&quot;,&quot;469777804&quot;:&quot;\uf0b7&quot;,&quot;469777815&quot;:&quot;hybridMultilevel&quot;}\" aria-setsize=\"-1\" data-aria-posinset=\"1\" data-aria-level=\"1\"><span data-contrast=\"auto\">P\u0159\u00edprava podklad\u016f pro \u0159\u00edzen\u00ed sv\u011btel LOXON a FOXTRON.<\/span><span data-ccp-props=\"{&quot;201341983&quot;:0,&quot;335559739&quot;:0,&quot;335559740&quot;:276}\">\u00a0<\/span><\/li><li data-leveltext=\"\uf0b7\" data-font=\"Symbol\" data-listid=\"11\" data-list-defn-props=\"{&quot;335552541&quot;:1,&quot;335559685&quot;:1080,&quot;335559991&quot;:360,&quot;469769226&quot;:&quot;Symbol&quot;,&quot;469769242&quot;:[8226],&quot;469777803&quot;:&quot;left&quot;,&quot;469777804&quot;:&quot;\uf0b7&quot;,&quot;469777815&quot;:&quot;hybridMultilevel&quot;}\" aria-setsize=\"-1\" data-aria-posinset=\"1\" data-aria-level=\"1\"><span data-contrast=\"auto\">Sou\u010d\u00e1st\u00ed n\u00e1pln\u011b pr\u00e1ce bude i spolupr\u00e1ce na posuzov\u00e1n\u00ed opr\u00e1vn\u011bnosti reklamac\u00ed, p\u0159\u00edpadn\u011b v\u00fdb\u011br vhodn\u00e9 varianty postupu opravy \u010di v\u00fdm\u011bny.<\/span><\/li><li data-leveltext=\"\uf0b7\" data-font=\"Symbol\" data-listid=\"11\" data-list-defn-props=\"{&quot;335552541&quot;:1,&quot;335559685&quot;:1080,&quot;335559991&quot;:360,&quot;469769226&quot;:&quot;Symbol&quot;,&quot;469769242&quot;:[8226],&quot;469777803&quot;:&quot;left&quot;,&quot;469777804&quot;:&quot;\uf0b7&quot;,&quot;469777815&quot;:&quot;hybridMultilevel&quot;}\" aria-setsize=\"-1\" data-aria-posinset=\"1\" data-aria-level=\"1\"><span data-contrast=\"auto\">Ob\u010dasn\u00e9 v\u00fdjezdy na instalace \u010di reklamace u z\u00e1kazn\u00edk\u016f.<\/span><span data-ccp-props=\"{&quot;201341983&quot;:0,&quot;335559739&quot;:0,&quot;335559740&quot;:276}\">\u00a0<\/span><\/li><li data-leveltext=\"\uf0b7\" data-font=\"Symbol\" data-listid=\"11\" data-list-defn-props=\"{&quot;335552541&quot;:1,&quot;335559685&quot;:1080,&quot;335559991&quot;:360,&quot;469769226&quot;:&quot;Symbol&quot;,&quot;469769242&quot;:[8226],&quot;469777803&quot;:&quot;left&quot;,&quot;469777804&quot;:&quot;\uf0b7&quot;,&quot;469777815&quot;:&quot;hybridMultilevel&quot;}\" aria-setsize=\"-1\" data-aria-posinset=\"1\" data-aria-level=\"1\"><span data-contrast=\"auto\">Opravy sv\u00edtidel, vyhled\u00e1v\u00e1n\u00ed n\u00e1hradn\u00edch komponent, jejich kompletace.<\/span><\/li><li data-leveltext=\"\uf0b7\" data-font=\"Symbol\" data-listid=\"11\" data-list-defn-props=\"{&quot;335552541&quot;:1,&quot;335559685&quot;:1080,&quot;335559991&quot;:360,&quot;469769226&quot;:&quot;Symbol&quot;,&quot;469769242&quot;:[8226],&quot;469777803&quot;:&quot;left&quot;,&quot;469777804&quot;:&quot;\uf0b7&quot;,&quot;469777815&quot;:&quot;hybridMultilevel&quot;}\" aria-setsize=\"-1\" data-aria-posinset=\"1\" data-aria-level=\"1\"><span data-contrast=\"auto\">Podpora obchodn\u00edho a produktov\u00e9ho t\u00fdmu t\u00fdkaj\u00edc\u00ed se technick\u00fdch \u0159e\u0161en\u00ed.<\/span><span data-ccp-props=\"{&quot;201341983&quot;:0,&quot;335559739&quot;:0,&quot;335559740&quot;:276}\">\u00a0<\/span><\/li><\/ul><p>\u00a0<\/p><p><span data-ccp-props=\"{&quot;134233117&quot;:false,&quot;134233118&quot;:false,&quot;201341983&quot;:0,&quot;335557856&quot;:16777215,&quot;335559738&quot;:0,&quot;335559739&quot;:0,&quot;335559740&quot;:240}\">\u00a0<\/span><b><span data-contrast=\"auto\">Co od v\u00e1s pot\u0159ebujeme?<\/span><\/b><span data-ccp-props=\"{&quot;134233117&quot;:false,&quot;134233118&quot;:false,&quot;201341983&quot;:0,&quot;335557856&quot;:16777215,&quot;335559738&quot;:0,&quot;335559739&quot;:0,&quot;335559740&quot;:240}\">\u00a0<\/span><\/p><ul><li data-leveltext=\"\uf0b7\" data-font=\"Symbol\" data-listid=\"12\" data-list-defn-props=\"{&quot;335552541&quot;:1,&quot;335559685&quot;:1080,&quot;335559991&quot;:360,&quot;469769226&quot;:&quot;Symbol&quot;,&quot;469769242&quot;:[8226],&quot;469777803&quot;:&quot;left&quot;,&quot;469777804&quot;:&quot;\uf0b7&quot;,&quot;469777815&quot;:&quot;hybridMultilevel&quot;}\" aria-setsize=\"-1\" data-aria-posinset=\"1\" data-aria-level=\"1\"><span data-contrast=\"auto\">Odbornou kvalifikaci dle NV 194\/2022 Sb. (d\u0159\u00edve \u00a76 vyhl\u00e1\u0161ky 50).<\/span><\/li><li data-leveltext=\"\uf0b7\" data-font=\"Symbol\" data-listid=\"12\" data-list-defn-props=\"{&quot;335552541&quot;:1,&quot;335559685&quot;:1080,&quot;335559991&quot;:360,&quot;469769226&quot;:&quot;Symbol&quot;,&quot;469769242&quot;:[8226],&quot;469777803&quot;:&quot;left&quot;,&quot;469777804&quot;:&quot;\uf0b7&quot;,&quot;469777815&quot;:&quot;hybridMultilevel&quot;}\" aria-setsize=\"-1\" data-aria-posinset=\"1\" data-aria-level=\"1\"><span data-contrast=\"auto\">P\u00e1jen\u00ed a zru\u010dnost \u2013 pro p\u0159\u00edpadn\u00e9 opravy \/ \u00fapravy sv\u00edtidel.<\/span><\/li><li data-leveltext=\"\uf0b7\" data-font=\"Symbol\" data-listid=\"12\" data-list-defn-props=\"{&quot;335552541&quot;:1,&quot;335559685&quot;:1080,&quot;335559991&quot;:360,&quot;469769226&quot;:&quot;Symbol&quot;,&quot;469769242&quot;:[8226],&quot;469777803&quot;:&quot;left&quot;,&quot;469777804&quot;:&quot;\uf0b7&quot;,&quot;469777815&quot;:&quot;hybridMultilevel&quot;}\" aria-setsize=\"-1\" data-aria-posinset=\"1\" data-aria-level=\"1\"><span data-contrast=\"auto\">\u0158idi\u010dsk\u00fd pr\u016fkaz sk. B \u2013 aktivn\u00ed \u0159idi\u010d.<\/span><\/li><li data-leveltext=\"\uf0b7\" data-font=\"Symbol\" data-listid=\"12\" data-list-defn-props=\"{&quot;335552541&quot;:1,&quot;335559685&quot;:1080,&quot;335559991&quot;:360,&quot;469769226&quot;:&quot;Symbol&quot;,&quot;469769242&quot;:[8226],&quot;469777803&quot;:&quot;left&quot;,&quot;469777804&quot;:&quot;\uf0b7&quot;,&quot;469777815&quot;:&quot;hybridMultilevel&quot;}\" aria-setsize=\"-1\" data-aria-posinset=\"1\" data-aria-level=\"1\"><span data-contrast=\"auto\">Vst\u0159\u00edcnost, dochvilnost, samostatnost, spolehlivost.<\/span><\/li><li data-leveltext=\"\uf0b7\" data-font=\"Symbol\" data-listid=\"12\" data-list-defn-props=\"{&quot;335552541&quot;:1,&quot;335559685&quot;:1080,&quot;335559991&quot;:360,&quot;469769226&quot;:&quot;Symbol&quot;,&quot;469769242&quot;:[8226],&quot;469777803&quot;:&quot;left&quot;,&quot;469777804&quot;:&quot;\uf0b7&quot;,&quot;469777815&quot;:&quot;hybridMultilevel&quot;}\" aria-setsize=\"-1\" data-aria-posinset=\"1\" data-aria-level=\"1\"><span data-contrast=\"auto\">A hled\u00e1me t\u00fdmov\u00e9ho par\u0165\u00e1ka.<\/span><span data-ccp-props=\"{&quot;201341983&quot;:0,&quot;335559739&quot;:0,&quot;335559740&quot;:240}\">\u00a0<\/span><\/li><\/ul><p>\u00a0<\/p><p><span data-contrast=\"auto\">\u202f\u202f\u202f\u202f<\/span><span data-ccp-props=\"{&quot;134233117&quot;:false,&quot;134233118&quot;:false,&quot;201341983&quot;:0,&quot;335557856&quot;:16777215,&quot;335559738&quot;:0,&quot;335559739&quot;:0,&quot;335559740&quot;:240}\">\u00a0<\/span><b><span data-contrast=\"auto\">A co V\u00e1m nab\u00eddneme?<\/span><\/b><\/p><ul><li>Motiva\u010dn\u00ed finan\u010dn\u00ed ohodnocen\u00ed.<\/li><li>Flexibiln\u00ed za\u010d\u00e1tek a konec pracovn\u00ed doby.<\/li><li>Osobn\u00ed p\u0159\u00edstup a podporu skv\u011bl\u00e9ho a p\u0159\u00e1telsk\u00e9ho t\u00fdmu.<\/li><li>Slevy na firemn\u00ed produkty.<\/li><li>Mo\u017enost nau\u010dit se n\u011bco nov\u00e9ho a prohloubit si odbornost v oblasti osv\u011btlen\u00ed.<\/li><li>Pracovi\u0161t\u011b Praha Hloub\u011bt\u00edn (kancel\u00e1\u0159) a laborato\u0159 v technologick\u00e9m parku Kbely.<\/li><\/ul><p>\u00a0<\/p><p><span data-contrast=\"auto\">Chcete se dozv\u011bd\u011bt v\u00edc? Pros\u00edm kontaktujte n\u00e1s, po\u0161lete CV nebo zavolejte na 601\u202f267\u202f289. R\u00e1di se s V\u00e1mi setk\u00e1me osobn\u011b a probereme vz\u00e1jemn\u00e1 o\u010dek\u00e1v\u00e1n\u00ed.<\/span><span data-ccp-props=\"{&quot;201341983&quot;:0,&quot;335557856&quot;:16777215,&quot;335559739&quot;:0,&quot;335559740&quot;:240}\">\u00a0<\/span><\/p>\t\t\t\t\t\t\t\t<\/div>\n\t\t\t\t<\/div>\n\t\t\t\t\t<\/div>\n\t\t<\/div>\n\t\t\t\t\t<\/div>\n\t\t<\/section>\n\t\t\t\t<section class=\"elementor-section elementor-top-section elementor-element elementor-element-299a36c elementor-section-boxed elementor-section-height-default elementor-section-height-default\" data-id=\"299a36c\" data-element_type=\"section\" data-e-type=\"section\">\n\t\t\t\t\t\t<div class=\"elementor-container elementor-column-gap-default\">\n\t\t\t\t\t<div class=\"elementor-column elementor-col-100 elementor-top-column elementor-element elementor-element-8175835\" data-id=\"8175835\" data-element_type=\"column\" data-e-type=\"column\">\n\t\t\t<div class=\"elementor-widget-wrap elementor-element-populated\">\n\t\t\t\t\t\t<div class=\"elementor-element elementor-element-0312dc5 elementor-align-center elementor-widget elementor-widget-button\" data-id=\"0312dc5\" data-element_type=\"widget\" data-e-type=\"widget\" data-widget_type=\"button.default\">\n\t\t\t\t<div class=\"elementor-widget-container\">\n\t\t\t\t\t\t\t\t\t<div class=\"elementor-button-wrapper\">\n\t\t\t\t\t<a class=\"elementor-button elementor-button-link elementor-size-sm\" href=\"https:\/\/tesla-lighting.cz\/kariera\/\">\n\t\t\t\t\t\t<span class=\"elementor-button-content-wrapper\">\n\t\t\t\t\t\t\t\t\t<span class=\"elementor-button-text\">Zp\u011bt na voln\u00e1 m\u00edsta<\/span>\n\t\t\t\t\t<\/span>\n\t\t\t\t\t<\/a>\n\t\t\t\t<\/div>\n\t\t\t\t\t\t\t\t<\/div>\n\t\t\t\t<\/div>\n\t\t\t\t\t<\/div>\n\t\t<\/div>\n\t\t\t\t\t<\/div>\n\t\t<\/section>\n\t\t\t\t<\/div>\n\t\t","protected":false},"excerpt":{"rendered":"<p>SV\u011aTELN\u00dd TECHNIK \u2013 LED osv\u011btlen\u00ed Lokace: Praha | \u00davazek: Full time Jste sv\u00fdm zam\u011b\u0159en\u00edm technik a chcete \u0159e\u0161it slo\u017eit\u011bj\u0161\u00ed technick\u00e9 probl\u00e9my? Kontakt se z\u00e1kazn\u00edkem je pro V\u00e1s p\u0159\u00edjemnou sou\u010d\u00e1st\u00ed Va\u0161\u00ed pr\u00e1ce? Chcete se pod\u00edlet na expanzi \u010desk\u00e9 zna\u010dky? Pak ur\u010dit\u011b \u010dt\u011bte d\u00e1l.\u00a0 \u00a0TESLA lighting je \u010desk\u00e1 zna\u010dka a \u010desk\u00e1 firma zn\u00e1m\u00e1 po cel\u00e9m sv\u011bt\u011b jako [&hellip;]<\/p>\n","protected":false},"author":17,"featured_media":0,"parent":44802,"menu_order":0,"comment_status":"closed","ping_status":"closed","template":"","meta":{"footnotes":""},"class_list":["post-48552","page","type-page","status-publish","hentry"],"_links":{"self":[{"href":"https:\/\/tesla-lighting.cz\/en\/wp-json\/wp\/v2\/pages\/48552","targetHints":{"allow":["GET"]}}],"collection":[{"href":"https:\/\/tesla-lighting.cz\/en\/wp-json\/wp\/v2\/pages"}],"about":[{"href":"https:\/\/tesla-lighting.cz\/en\/wp-json\/wp\/v2\/types\/page"}],"author":[{"embeddable":true,"href":"https:\/\/tesla-lighting.cz\/en\/wp-json\/wp\/v2\/users\/17"}],"replies":[{"embeddable":true,"href":"https:\/\/tesla-lighting.cz\/en\/wp-json\/wp\/v2\/comments?post=48552"}],"version-history":[{"count":0,"href":"https:\/\/tesla-lighting.cz\/en\/wp-json\/wp\/v2\/pages\/48552\/revisions"}],"up":[{"embeddable":true,"href":"https:\/\/tesla-lighting.cz\/en\/wp-json\/wp\/v2\/pages\/44802"}],"wp:attachment":[{"href":"https:\/\/tesla-lighting.cz\/en\/wp-json\/wp\/v2\/media?parent=48552"}],"curies":[{"name":"wp","href":"https:\/\/api.w.org\/{rel}","templated":true}]}}