{"id":48538,"date":"2024-11-28T18:10:51","date_gmt":"2024-11-28T18:10:51","guid":{"rendered":"https:\/\/tesla-lighting.cz\/?page_id=48538"},"modified":"2024-12-09T12:34:11","modified_gmt":"2024-12-09T12:34:11","slug":"product-manager-osvetleni-a-led-technika","status":"publish","type":"page","link":"https:\/\/tesla-lighting.cz\/en\/kariera\/product-manager-osvetleni-a-led-technika\/","title":{"rendered":"PRODUCT Manager - lighting and LED technology"},"content":{"rendered":"<div data-elementor-type=\"wp-page\" data-elementor-id=\"48538\" class=\"elementor elementor-48538\" data-elementor-post-type=\"page\">\n\t\t\t\t\t\t<section class=\"elementor-section elementor-top-section elementor-element elementor-element-e85eb09 elementor-section-boxed elementor-section-height-default elementor-section-height-default\" data-id=\"e85eb09\" data-element_type=\"section\" data-e-type=\"section\" data-settings=\"{&quot;background_background&quot;:&quot;classic&quot;}\">\n\t\t\t\t\t\t<div class=\"elementor-container elementor-column-gap-default\">\n\t\t\t\t\t<div class=\"elementor-column elementor-col-100 elementor-top-column elementor-element elementor-element-b589523\" data-id=\"b589523\" data-element_type=\"column\" data-e-type=\"column\">\n\t\t\t<div class=\"elementor-widget-wrap elementor-element-populated\">\n\t\t\t\t\t\t<div class=\"elementor-element elementor-element-446e0dc elementor-widget__width-initial elementor-widget elementor-widget-heading\" data-id=\"446e0dc\" data-element_type=\"widget\" data-e-type=\"widget\" data-widget_type=\"heading.default\">\n\t\t\t\t<div class=\"elementor-widget-container\">\n\t\t\t\t\t<h2 class=\"elementor-heading-title elementor-size-default\">PRODUCT Manager - lighting and LED technology<\/h2>\t\t\t\t<\/div>\n\t\t\t\t<\/div>\n\t\t\t\t<div class=\"elementor-element elementor-element-881cc69 elementor-widget__width-initial elementor-widget elementor-widget-heading\" data-id=\"881cc69\" data-element_type=\"widget\" data-e-type=\"widget\" data-widget_type=\"heading.default\">\n\t\t\t\t<div class=\"elementor-widget-container\">\n\t\t\t\t\t<h2 class=\"elementor-heading-title elementor-size-default\">Location:Prague | Full time<\/h2>\t\t\t\t<\/div>\n\t\t\t\t<\/div>\n\t\t\t\t<div class=\"elementor-element elementor-element-e04fb59 elementor-widget__width-initial elementor-widget elementor-widget-text-editor\" data-id=\"e04fb59\" data-element_type=\"widget\" data-e-type=\"widget\" data-widget_type=\"text-editor.default\">\n\t\t\t\t<div class=\"elementor-widget-container\">\n\t\t\t\t\t\t\t\t\t<p><strong>TESLA lighting<\/strong>\u00a0is a Czech brand and a Czech company known worldwide as a leading supplier of light sources and lighting for all segments of family and professional life.\u00a0<strong>TESLA lighting<\/strong>\u00a0works as hard as possible on innovation and quality - all our lights undergo a series of measurements in our own laboratories to ensure that only the highest quality light reaches our customers.<\/p><p>To complement our existing team, we are looking for a replacement for the position of\u00a0<strong>Product Manager<\/strong>.<\/p><p><strong>What will you be doing?<\/strong><\/p><ul><li>Development of existing and new product portfolio.<\/li><li>Monitoring the development and performance of the product portfolio.<\/li><li>Communication and negotiation of terms with suppliers.<\/li><li>Market analysis and search for new suppliers, products and directions.<\/li><li>Working with data - proper analysis and decision making, market monitoring.<\/li><li>Participating in the development of business strategy and pricing policy.<\/li><li>Reporting on the development of the entrusted portfolio.<\/li><li>Product information management in ERP.<\/li><li>Strengthening the brand awareness of TESLA lighting and creating demand for its products.<\/li><li>Creating light studies in Dialux.<\/li><\/ul><p><strong>What do we expect from you?<\/strong><\/p><ul><li>Excellent knowledge of English.<\/li><li>Previous experience as a Product Manager.<\/li><li>Active and enthusiastic approach to work, diligence.<\/li><li>Good analytical thinking and ability to work with data.<\/li><li>A desire to continuously learn and develop.<\/li><\/ul><p><strong>And plus points for you?<\/strong><\/p><ul><li>If you already have relevant experience in the field of luminaires - light sources from the position of Product Manager.<\/li><li>If you are already involved in foreign trade, trading, logistics (international transport).<\/li><li>DIALux and Loxone are not unfamiliar to you.<\/li><\/ul><p><strong>We will offer you:<\/strong><\/p><ul><li>We will train you well at the beginning so that you can work independently as soon as possible.<\/li><li>Motivating financial remuneration.<\/li><li>Flexible working hours with the possibility of occasional homeoffice.<\/li><li>Friendly working environment, personal approach and we are happy to give you the opportunity for professional growth.<\/li><li>And other benefits such as discounts on company products, an extra week of vacation, language courses, refreshments at the workplace, etc.<\/li><\/ul><p>Are we looking for you? Contact us. We would be happy to meet you in person and discuss mutual expectations.<\/p>\t\t\t\t\t\t\t\t<\/div>\n\t\t\t\t<\/div>\n\t\t\t\t<div class=\"elementor-element elementor-element-5723cb3 elementor-widget__width-initial elementor-widget elementor-widget-text-editor\" data-id=\"5723cb3\" data-element_type=\"widget\" data-e-type=\"widget\" data-widget_type=\"text-editor.default\">\n\t\t\t\t<div class=\"elementor-widget-container\">\n\t\t\t\t\t\t\t\t\t<p><strong>Do you like working with people and can you negotiate skillfully? Do you have ideas, and do you lack the ability and motivation to push them through and implement them? Do you want to dig for a successful Czech brand?<\/strong><\/p><p><strong>\u00a0<\/strong><strong>TESLA lighting <\/strong>is part of the FWG Atlantiso group (<a href=\"http:\/\/www.fwgatlantiso.com\/\">www.fwgatlantiso.com<\/a>). <strong>TESLA lighting <\/strong>is a Czech brand and a Czech company known worldwide as a leading supplier of light sources and lighting for all segments of family and professional life.<\/p><p>\u00a0<\/p><p>To complement our existing team we are looking for a replacement for the position of:<\/p><h4><strong>Product Manager\/Business Development Manager<\/strong><\/h4><p>\u00a0<\/p><p><strong>What will you be doing?<\/strong><\/p><ul><li>Development of existing and new product portfolio.<\/li><li>Monitoring the development and performance of the product portfolio.<\/li><li>Communication and negotiation of terms with suppliers.<\/li><li>Market analysis and search for new suppliers, products and directions.<\/li><li>Participating in the development of business strategy and pricing policy.<\/li><li>Reporting on the development of the entrusted portfolio.<\/li><li>Product information management in ERP.<\/li><li>Strengthening the brand awareness of TESLA lighting and creating demand for its products.<\/li><\/ul><p><strong>What do we expect from you?<\/strong><\/p><ul><li>Excellent knowledge of English.<\/li><li>Previous experience as a Product Manager.<\/li><li>Active and enthusiastic approach to work, diligence.<\/li><li>Good analytical thinking and ability to work with data.<\/li><li>A desire to continuously learn and develop.<\/li><\/ul><p><strong>And plus points for you?<\/strong><\/p><ul><li>If you already have relevant experience in the field of luminaires - light sources.<\/li><li>If you are already involved in foreign trade, trading, logistics (international transport).<\/li><li>DIALux and Loxone are not unfamiliar to you.<\/li><\/ul><p><strong>We will offer you:<\/strong><\/p><ul><li>We will train you well at the beginning so that you can work independently as soon as possible.<\/li><li>Motivating financial remuneration.<\/li><li>Flexible working hours with the possibility of occasional homeoffice.<\/li><li>Friendly working environment, personal approach and we are happy to give you the opportunity for professional growth.<\/li><li>And other benefits such as discounts on company products, an extra week of vacation, language courses, refreshments at the workplace, etc.<\/li><\/ul><p>Are we looking for you? Contact us. We would be happy to meet you in person and discuss mutual expectations.<\/p>\t\t\t\t\t\t\t\t<\/div>\n\t\t\t\t<\/div>\n\t\t\t\t\t<\/div>\n\t\t<\/div>\n\t\t\t\t\t<\/div>\n\t\t<\/section>\n\t\t\t\t<section class=\"elementor-section elementor-top-section elementor-element elementor-element-299a36c elementor-section-boxed elementor-section-height-default elementor-section-height-default\" data-id=\"299a36c\" data-element_type=\"section\" data-e-type=\"section\">\n\t\t\t\t\t\t<div class=\"elementor-container elementor-column-gap-default\">\n\t\t\t\t\t<div class=\"elementor-column elementor-col-100 elementor-top-column elementor-element elementor-element-8175835\" data-id=\"8175835\" data-element_type=\"column\" data-e-type=\"column\">\n\t\t\t<div class=\"elementor-widget-wrap elementor-element-populated\">\n\t\t\t\t\t\t<div class=\"elementor-element elementor-element-0312dc5 elementor-align-center elementor-widget elementor-widget-button\" data-id=\"0312dc5\" data-element_type=\"widget\" data-e-type=\"widget\" data-widget_type=\"button.default\">\n\t\t\t\t<div class=\"elementor-widget-container\">\n\t\t\t\t\t\t\t\t\t<div class=\"elementor-button-wrapper\">\n\t\t\t\t\t<a class=\"elementor-button elementor-button-link elementor-size-sm\" href=\"https:\/\/tesla-lighting.cz\/en\/kariera\/\">\n\t\t\t\t\t\t<span class=\"elementor-button-content-wrapper\">\n\t\t\t\t\t\t\t\t\t<span class=\"elementor-button-text\">Back to Vacancies<\/span>\n\t\t\t\t\t<\/span>\n\t\t\t\t\t<\/a>\n\t\t\t\t<\/div>\n\t\t\t\t\t\t\t\t<\/div>\n\t\t\t\t<\/div>\n\t\t\t\t\t<\/div>\n\t\t<\/div>\n\t\t\t\t\t<\/div>\n\t\t<\/section>\n\t\t\t\t<\/div>","protected":false},"excerpt":{"rendered":"<p>PRODUCT Manager \u2013 osv\u011btlen\u00ed a LED technika Lokace: Praha | \u00davazek: Full time TESLA lighting\u00a0je \u010desk\u00e1 zna\u010dka a \u010desk\u00e1 firma zn\u00e1m\u00e1 po cel\u00e9m sv\u011bt\u011b jako p\u0159edn\u00ed dodavatel sv\u011bteln\u00fdch zdroj\u016f a osv\u011btlen\u00ed pro v\u0161echny segmenty rodinn\u00e9ho i profesn\u00edho \u017eivota.\u00a0TESLA lighting\u00a0maxim\u00e1ln\u011b pracuje na inovac\u00edch a kvalit\u011b \u2013 v\u0161echna na\u0161e sv\u011btla proch\u00e1z\u00ed s\u00e9ri\u00ed m\u011b\u0159en\u00ed ve vlastn\u00edch laborato\u0159\u00edch, aby [&hellip;]<\/p>\n","protected":false},"author":17,"featured_media":0,"parent":44802,"menu_order":0,"comment_status":"closed","ping_status":"closed","template":"","meta":{"footnotes":""},"class_list":["post-48538","page","type-page","status-publish","hentry"],"yoast_head":"<!-- This site is optimized with the Yoast SEO plugin v27.4 - https:\/\/yoast.com\/product\/yoast-seo-wordpress\/ -->\n<title>PRODUCT Manager \u2013 osv\u011btlen\u00ed a LED technika - Tesla lighting<\/title>\n<meta name=\"robots\" content=\"index, follow, max-snippet:-1, max-image-preview:large, max-video-preview:-1\" \/>\n<link rel=\"canonical\" href=\"https:\/\/tesla-lighting.cz\/en\/kariera\/product-manager-osvetleni-a-led-technika\/\" \/>\n<meta property=\"og:locale\" content=\"en_US\" \/>\n<meta property=\"og:type\" content=\"article\" \/>\n<meta property=\"og:title\" content=\"PRODUCT Manager \u2013 osv\u011btlen\u00ed a LED technika - Tesla lighting\" \/>\n<meta property=\"og:description\" content=\"PRODUCT Manager \u2013 osv\u011btlen\u00ed a LED technika Lokace: Praha | \u00davazek: Full time TESLA lighting\u00a0je \u010desk\u00e1 zna\u010dka a \u010desk\u00e1 firma zn\u00e1m\u00e1 po cel\u00e9m sv\u011bt\u011b jako p\u0159edn\u00ed dodavatel sv\u011bteln\u00fdch zdroj\u016f a osv\u011btlen\u00ed pro v\u0161echny segmenty rodinn\u00e9ho i profesn\u00edho \u017eivota.\u00a0TESLA lighting\u00a0maxim\u00e1ln\u011b pracuje na inovac\u00edch a kvalit\u011b \u2013 v\u0161echna na\u0161e sv\u011btla proch\u00e1z\u00ed s\u00e9ri\u00ed m\u011b\u0159en\u00ed ve vlastn\u00edch laborato\u0159\u00edch, aby [&hellip;]\" \/>\n<meta property=\"og:url\" content=\"https:\/\/tesla-lighting.cz\/en\/kariera\/product-manager-osvetleni-a-led-technika\/\" \/>\n<meta property=\"og:site_name\" content=\"Tesla lighting\" \/>\n<meta property=\"article:publisher\" content=\"https:\/\/www.facebook.com\/teslalightingcz\" \/>\n<meta property=\"article:modified_time\" content=\"2024-12-09T12:34:11+00:00\" \/>\n<meta name=\"twitter:card\" content=\"summary_large_image\" \/>\n<meta name=\"twitter:label1\" content=\"Est. reading time\" \/>\n\t<meta name=\"twitter:data1\" content=\"4 minutes\" \/>\n<script type=\"application\/ld+json\" class=\"yoast-schema-graph\">{\"@context\":\"https:\\\/\\\/schema.org\",\"@graph\":[{\"@type\":\"WebPage\",\"@id\":\"https:\\\/\\\/tesla-lighting.cz\\\/kariera\\\/product-manager-osvetleni-a-led-technika\\\/\",\"url\":\"https:\\\/\\\/tesla-lighting.cz\\\/kariera\\\/product-manager-osvetleni-a-led-technika\\\/\",\"name\":\"PRODUCT Manager \u2013 osv\u011btlen\u00ed a LED technika - Tesla lighting\",\"isPartOf\":{\"@id\":\"https:\\\/\\\/tesla-lighting.cz\\\/#website\"},\"datePublished\":\"2024-11-28T18:10:51+00:00\",\"dateModified\":\"2024-12-09T12:34:11+00:00\",\"breadcrumb\":{\"@id\":\"https:\\\/\\\/tesla-lighting.cz\\\/kariera\\\/product-manager-osvetleni-a-led-technika\\\/#breadcrumb\"},\"inLanguage\":\"en-US\",\"potentialAction\":[{\"@type\":\"ReadAction\",\"target\":[\"https:\\\/\\\/tesla-lighting.cz\\\/kariera\\\/product-manager-osvetleni-a-led-technika\\\/\"]}]},{\"@type\":\"BreadcrumbList\",\"@id\":\"https:\\\/\\\/tesla-lighting.cz\\\/kariera\\\/product-manager-osvetleni-a-led-technika\\\/#breadcrumb\",\"itemListElement\":[{\"@type\":\"ListItem\",\"position\":1,\"name\":\"Dom\u016f\",\"item\":\"https:\\\/\\\/tesla-lighting.cz\\\/\"},{\"@type\":\"ListItem\",\"position\":2,\"name\":\"Kari\u00e9ra\",\"item\":\"https:\\\/\\\/tesla-lighting.cz\\\/kariera\\\/\"},{\"@type\":\"ListItem\",\"position\":3,\"name\":\"PRODUCT Manager \u2013 osv\u011btlen\u00ed a LED technika\"}]},{\"@type\":\"WebSite\",\"@id\":\"https:\\\/\\\/tesla-lighting.cz\\\/#website\",\"url\":\"https:\\\/\\\/tesla-lighting.cz\\\/\",\"name\":\"Tesla lighting\",\"description\":\"Tesla\",\"publisher\":{\"@id\":\"https:\\\/\\\/tesla-lighting.cz\\\/#organization\"},\"potentialAction\":[{\"@type\":\"SearchAction\",\"target\":{\"@type\":\"EntryPoint\",\"urlTemplate\":\"https:\\\/\\\/tesla-lighting.cz\\\/?s={search_term_string}\"},\"query-input\":{\"@type\":\"PropertyValueSpecification\",\"valueRequired\":true,\"valueName\":\"search_term_string\"}}],\"inLanguage\":\"en-US\"},{\"@type\":\"Organization\",\"@id\":\"https:\\\/\\\/tesla-lighting.cz\\\/#organization\",\"name\":\"Tesla lighting\",\"url\":\"https:\\\/\\\/tesla-lighting.cz\\\/\",\"logo\":{\"@type\":\"ImageObject\",\"inLanguage\":\"en-US\",\"@id\":\"https:\\\/\\\/tesla-lighting.cz\\\/#\\\/schema\\\/logo\\\/image\\\/\",\"url\":\"https:\\\/\\\/tesla-lighting.cz\\\/wp-content\\\/uploads\\\/2022\\\/05\\\/TESLA_Lighting_logo.png\",\"contentUrl\":\"https:\\\/\\\/tesla-lighting.cz\\\/wp-content\\\/uploads\\\/2022\\\/05\\\/TESLA_Lighting_logo.png\",\"width\":512,\"height\":251,\"caption\":\"Tesla lighting\"},\"image\":{\"@id\":\"https:\\\/\\\/tesla-lighting.cz\\\/#\\\/schema\\\/logo\\\/image\\\/\"},\"sameAs\":[\"https:\\\/\\\/www.facebook.com\\\/teslalightingcz\",\"https:\\\/\\\/www.instagram.com\\\/teslalightingcz\\\/\",\"https:\\\/\\\/www.linkedin.com\\\/company\\\/tesla-lighting-s-r-o-\\\/\"]}]}<\/script>\n<!-- \/ Yoast SEO plugin. -->","yoast_head_json":{"title":"PRODUCT Manager \u2013 osv\u011btlen\u00ed a LED technika - Tesla lighting","robots":{"index":"index","follow":"follow","max-snippet":"max-snippet:-1","max-image-preview":"max-image-preview:large","max-video-preview":"max-video-preview:-1"},"canonical":"https:\/\/tesla-lighting.cz\/en\/kariera\/product-manager-osvetleni-a-led-technika\/","og_locale":"en_US","og_type":"article","og_title":"PRODUCT Manager \u2013 osv\u011btlen\u00ed a LED technika - Tesla lighting","og_description":"PRODUCT Manager \u2013 osv\u011btlen\u00ed a LED technika Lokace: Praha | \u00davazek: Full time TESLA lighting\u00a0je \u010desk\u00e1 zna\u010dka a \u010desk\u00e1 firma zn\u00e1m\u00e1 po cel\u00e9m sv\u011bt\u011b jako p\u0159edn\u00ed dodavatel sv\u011bteln\u00fdch zdroj\u016f a osv\u011btlen\u00ed pro v\u0161echny segmenty rodinn\u00e9ho i profesn\u00edho \u017eivota.\u00a0TESLA lighting\u00a0maxim\u00e1ln\u011b pracuje na inovac\u00edch a kvalit\u011b \u2013 v\u0161echna na\u0161e sv\u011btla proch\u00e1z\u00ed s\u00e9ri\u00ed m\u011b\u0159en\u00ed ve vlastn\u00edch laborato\u0159\u00edch, aby [&hellip;]","og_url":"https:\/\/tesla-lighting.cz\/en\/kariera\/product-manager-osvetleni-a-led-technika\/","og_site_name":"Tesla lighting","article_publisher":"https:\/\/www.facebook.com\/teslalightingcz","article_modified_time":"2024-12-09T12:34:11+00:00","twitter_card":"summary_large_image","twitter_misc":{"Est. reading time":"4 minutes"},"schema":{"@context":"https:\/\/schema.org","@graph":[{"@type":"WebPage","@id":"https:\/\/tesla-lighting.cz\/kariera\/product-manager-osvetleni-a-led-technika\/","url":"https:\/\/tesla-lighting.cz\/kariera\/product-manager-osvetleni-a-led-technika\/","name":"PRODUCT Manager \u2013 osv\u011btlen\u00ed a LED technika - Tesla lighting","isPartOf":{"@id":"https:\/\/tesla-lighting.cz\/#website"},"datePublished":"2024-11-28T18:10:51+00:00","dateModified":"2024-12-09T12:34:11+00:00","breadcrumb":{"@id":"https:\/\/tesla-lighting.cz\/kariera\/product-manager-osvetleni-a-led-technika\/#breadcrumb"},"inLanguage":"en-US","potentialAction":[{"@type":"ReadAction","target":["https:\/\/tesla-lighting.cz\/kariera\/product-manager-osvetleni-a-led-technika\/"]}]},{"@type":"BreadcrumbList","@id":"https:\/\/tesla-lighting.cz\/kariera\/product-manager-osvetleni-a-led-technika\/#breadcrumb","itemListElement":[{"@type":"ListItem","position":1,"name":"Dom\u016f","item":"https:\/\/tesla-lighting.cz\/"},{"@type":"ListItem","position":2,"name":"Kari\u00e9ra","item":"https:\/\/tesla-lighting.cz\/kariera\/"},{"@type":"ListItem","position":3,"name":"PRODUCT Manager \u2013 osv\u011btlen\u00ed a LED technika"}]},{"@type":"WebSite","@id":"https:\/\/tesla-lighting.cz\/#website","url":"https:\/\/tesla-lighting.cz\/","name":"Tesla lighting","description":"Tesla","publisher":{"@id":"https:\/\/tesla-lighting.cz\/#organization"},"potentialAction":[{"@type":"SearchAction","target":{"@type":"EntryPoint","urlTemplate":"https:\/\/tesla-lighting.cz\/?s={search_term_string}"},"query-input":{"@type":"PropertyValueSpecification","valueRequired":true,"valueName":"search_term_string"}}],"inLanguage":"en-US"},{"@type":"Organization","@id":"https:\/\/tesla-lighting.cz\/#organization","name":"Tesla lighting","url":"https:\/\/tesla-lighting.cz\/","logo":{"@type":"ImageObject","inLanguage":"en-US","@id":"https:\/\/tesla-lighting.cz\/#\/schema\/logo\/image\/","url":"https:\/\/tesla-lighting.cz\/wp-content\/uploads\/2022\/05\/TESLA_Lighting_logo.png","contentUrl":"https:\/\/tesla-lighting.cz\/wp-content\/uploads\/2022\/05\/TESLA_Lighting_logo.png","width":512,"height":251,"caption":"Tesla lighting"},"image":{"@id":"https:\/\/tesla-lighting.cz\/#\/schema\/logo\/image\/"},"sameAs":["https:\/\/www.facebook.com\/teslalightingcz","https:\/\/www.instagram.com\/teslalightingcz\/","https:\/\/www.linkedin.com\/company\/tesla-lighting-s-r-o-\/"]}]}},"_links":{"self":[{"href":"https:\/\/tesla-lighting.cz\/en\/wp-json\/wp\/v2\/pages\/48538","targetHints":{"allow":["GET"]}}],"collection":[{"href":"https:\/\/tesla-lighting.cz\/en\/wp-json\/wp\/v2\/pages"}],"about":[{"href":"https:\/\/tesla-lighting.cz\/en\/wp-json\/wp\/v2\/types\/page"}],"author":[{"embeddable":true,"href":"https:\/\/tesla-lighting.cz\/en\/wp-json\/wp\/v2\/users\/17"}],"replies":[{"embeddable":true,"href":"https:\/\/tesla-lighting.cz\/en\/wp-json\/wp\/v2\/comments?post=48538"}],"version-history":[{"count":0,"href":"https:\/\/tesla-lighting.cz\/en\/wp-json\/wp\/v2\/pages\/48538\/revisions"}],"up":[{"embeddable":true,"href":"https:\/\/tesla-lighting.cz\/en\/wp-json\/wp\/v2\/pages\/44802"}],"wp:attachment":[{"href":"https:\/\/tesla-lighting.cz\/en\/wp-json\/wp\/v2\/media?parent=48538"}],"curies":[{"name":"wp","href":"https:\/\/api.w.org\/{rel}","templated":true}]}}