{"id":48513,"date":"2024-11-28T17:32:37","date_gmt":"2024-11-28T17:32:37","guid":{"rendered":"https:\/\/tesla-lighting.cz\/?page_id=48513"},"modified":"2025-07-28T11:51:30","modified_gmt":"2025-07-28T11:51:30","slug":"account-manager-prumyslove-a-led-osvetleni","status":"publish","type":"page","link":"https:\/\/tesla-lighting.cz\/en\/kariera\/account-manager-prumyslove-a-led-osvetleni\/","title":{"rendered":"ACCOUNT MANAGER - industrial and LED lighting"},"content":{"rendered":"<div data-elementor-type=\"wp-page\" data-elementor-id=\"48513\" class=\"elementor elementor-48513\" data-elementor-post-type=\"page\">\n\t\t\t\t\t\t<section class=\"elementor-section elementor-top-section elementor-element elementor-element-e85eb09 elementor-section-boxed elementor-section-height-default elementor-section-height-default\" data-id=\"e85eb09\" data-element_type=\"section\" data-e-type=\"section\" data-settings=\"{&quot;background_background&quot;:&quot;classic&quot;}\">\n\t\t\t\t\t\t<div class=\"elementor-container elementor-column-gap-default\">\n\t\t\t\t\t<div class=\"elementor-column elementor-col-100 elementor-top-column elementor-element elementor-element-b589523\" data-id=\"b589523\" data-element_type=\"column\" data-e-type=\"column\">\n\t\t\t<div class=\"elementor-widget-wrap elementor-element-populated\">\n\t\t\t\t\t\t<div class=\"elementor-element elementor-element-446e0dc elementor-widget__width-initial elementor-widget elementor-widget-heading\" data-id=\"446e0dc\" data-element_type=\"widget\" data-e-type=\"widget\" data-widget_type=\"heading.default\">\n\t\t\t\t<div class=\"elementor-widget-container\">\n\t\t\t\t\t<h2 class=\"elementor-heading-title elementor-size-default\">ACCOUNT MANAGER - industrial and LED lighting<\/h2>\t\t\t\t<\/div>\n\t\t\t\t<\/div>\n\t\t\t\t<div class=\"elementor-element elementor-element-881cc69 elementor-widget__width-initial elementor-widget elementor-widget-heading\" data-id=\"881cc69\" data-element_type=\"widget\" data-e-type=\"widget\" data-widget_type=\"heading.default\">\n\t\t\t\t<div class=\"elementor-widget-container\">\n\t\t\t\t\t<h2 class=\"elementor-heading-title elementor-size-default\">Lokace: Cel\u00e1 \u010cR<\/h2>\t\t\t\t<\/div>\n\t\t\t\t<\/div>\n\t\t\t\t<div class=\"elementor-element elementor-element-e04fb59 elementor-widget__width-initial elementor-widget elementor-widget-text-editor\" data-id=\"e04fb59\" data-element_type=\"widget\" data-e-type=\"widget\" data-widget_type=\"text-editor.default\">\n\t\t\t\t<div class=\"elementor-widget-container\">\n\t\t\t\t\t\t\t\t\t<p><strong>Do you have the pull and the business in your blood? Do you come, see, establish new cooperation? Do you have experience<br \/>with a business in the lighting segment? YES? Then we may have just found each other!<\/strong><\/p><p>To complement our existing team, we are looking for a replacement for the position of\u00a0<strong>Account Manager<\/strong>.<\/p><p>\"<em>We are developing our sales team and are looking for colleagues who are not afraid of work and who are able to establish <\/em><em>long-term cooperation with the customer and solve their problems. I don't want a light bulb salesman, but a mature\u00a0<\/em><em>people for whom a complication is a challenge to overcome and a challenging goal is an incentive to achieve. We are a small team,\u00a0<\/em><em>we all know each other personally. If you are willing and want to see the results behind you, I would be happy to meet you.\" <\/em>says Pepa, who leads the Tesla team.<\/p><p>\u00a0<\/p><p><strong>Your job will be:<\/strong><\/p><ul><li>At the beginning we will train you in detail in the TESLA lighting range, no worries.<\/li><li>And we will offer you a database of active contacts to develop business opportunities.<\/li><li>For a quick start, it is an advantage if you already have personal connections you can turn to.<\/li><li>You will actively look after existing customers, but also seek out new business opportunities in your region.<\/li><\/ul><p>\u00a0<\/p><p><strong>What can we offer you right at the beginning?<\/strong><\/p><ul><li>All equipment such as laptop, phone, car (also for private use) is a matter of course.<\/li><li>Independence, but also a huge support team, quality products that we will put our hands in the fire for.<\/li><li>An extraordinary opportunity in a business segment that has enormous potential.<\/li><\/ul><p>\u00a0<\/p><p><strong>And what do we need from you?<\/strong><\/p><ul><li>Experience in sales and marketing of any product, ideally technical, we are looking for a motivated salesperson and teammate to help us take TESLA lighting one step further.<\/li><li>Proactive, enthusiastic approach to work and excellent communication skills.<\/li><li>A sense of humor and a hunger for information.<\/li><li>Orientation in the lighting industry and business contacts are an advantage, not a necessity.<\/li><li>Driving licence sk. B, active driver.<\/li><\/ul><p>\u00a0<\/p><p>Want to know more about the offer? Contact us. We'd love to hear from you or see you.<\/p>\t\t\t\t\t\t\t\t<\/div>\n\t\t\t\t<\/div>\n\t\t\t\t\t<\/div>\n\t\t<\/div>\n\t\t\t\t\t<\/div>\n\t\t<\/section>\n\t\t\t\t<section class=\"elementor-section elementor-top-section elementor-element elementor-element-299a36c elementor-section-boxed elementor-section-height-default elementor-section-height-default\" data-id=\"299a36c\" data-element_type=\"section\" data-e-type=\"section\">\n\t\t\t\t\t\t<div class=\"elementor-container elementor-column-gap-default\">\n\t\t\t\t\t<div class=\"elementor-column elementor-col-100 elementor-top-column elementor-element elementor-element-8175835\" data-id=\"8175835\" data-element_type=\"column\" data-e-type=\"column\">\n\t\t\t<div class=\"elementor-widget-wrap elementor-element-populated\">\n\t\t\t\t\t\t<div class=\"elementor-element elementor-element-0312dc5 elementor-align-center elementor-widget elementor-widget-button\" data-id=\"0312dc5\" data-element_type=\"widget\" data-e-type=\"widget\" data-widget_type=\"button.default\">\n\t\t\t\t<div class=\"elementor-widget-container\">\n\t\t\t\t\t\t\t\t\t<div class=\"elementor-button-wrapper\">\n\t\t\t\t\t<a class=\"elementor-button elementor-button-link elementor-size-sm\" href=\"https:\/\/tesla-lighting.cz\/en\/kariera\/\">\n\t\t\t\t\t\t<span class=\"elementor-button-content-wrapper\">\n\t\t\t\t\t\t\t\t\t<span class=\"elementor-button-text\">Back to Vacancies<\/span>\n\t\t\t\t\t<\/span>\n\t\t\t\t\t<\/a>\n\t\t\t\t<\/div>\n\t\t\t\t\t\t\t\t<\/div>\n\t\t\t\t<\/div>\n\t\t\t\t\t<\/div>\n\t\t<\/div>\n\t\t\t\t\t<\/div>\n\t\t<\/section>\n\t\t\t\t<\/div>","protected":false},"excerpt":{"rendered":"<p>ACCOUNT MANAGER \u2013 pr\u016fmyslov\u00e9 a LED osv\u011btlen\u00ed Lokace: Cel\u00e1 \u010cR M\u00e1te tah na branku a obchod v krvi? P\u0159ijdete, vid\u00edte, nav\u00e1\u017eete novou spolupr\u00e1ci? M\u00e1te zku\u0161enostis obchodem v lighting segmentu? ANO? Pak jsme se mo\u017en\u00e1 pr\u00e1v\u011b na\u0161li! Pro dopln\u011bn\u00ed st\u00e1vaj\u00edc\u00edho t\u00fdmu hled\u00e1me posilu na pozici\u00a0Account Manager. \u201eRozv\u00edj\u00edme n\u00e1\u0161 obchodn\u00ed t\u00fdm a hled\u00e1me kolegy, kte\u0159\u00ed se neboj\u00ed [&hellip;]<\/p>\n","protected":false},"author":17,"featured_media":0,"parent":44802,"menu_order":0,"comment_status":"closed","ping_status":"closed","template":"","meta":{"footnotes":""},"class_list":["post-48513","page","type-page","status-publish","hentry"],"yoast_head":"<!-- This site is optimized with the Yoast SEO plugin v27.4 - https:\/\/yoast.com\/product\/yoast-seo-wordpress\/ -->\n<title>ACCOUNT MANAGER \u2013 pr\u016fmyslov\u00e9 a LED osv\u011btlen\u00ed - Tesla lighting<\/title>\n<meta name=\"robots\" content=\"index, follow, max-snippet:-1, max-image-preview:large, max-video-preview:-1\" \/>\n<link rel=\"canonical\" href=\"https:\/\/tesla-lighting.cz\/en\/kariera\/account-manager-prumyslove-a-led-osvetleni\/\" \/>\n<meta property=\"og:locale\" content=\"en_US\" \/>\n<meta property=\"og:type\" content=\"article\" \/>\n<meta property=\"og:title\" content=\"ACCOUNT MANAGER \u2013 pr\u016fmyslov\u00e9 a LED osv\u011btlen\u00ed - Tesla lighting\" \/>\n<meta property=\"og:description\" content=\"ACCOUNT MANAGER \u2013 pr\u016fmyslov\u00e9 a LED osv\u011btlen\u00ed Lokace: Cel\u00e1 \u010cR M\u00e1te tah na branku a obchod v krvi? P\u0159ijdete, vid\u00edte, nav\u00e1\u017eete novou spolupr\u00e1ci? M\u00e1te zku\u0161enostis obchodem v lighting segmentu? ANO? Pak jsme se mo\u017en\u00e1 pr\u00e1v\u011b na\u0161li! Pro dopln\u011bn\u00ed st\u00e1vaj\u00edc\u00edho t\u00fdmu hled\u00e1me posilu na pozici\u00a0Account Manager. \u201eRozv\u00edj\u00edme n\u00e1\u0161 obchodn\u00ed t\u00fdm a hled\u00e1me kolegy, kte\u0159\u00ed se neboj\u00ed [&hellip;]\" \/>\n<meta property=\"og:url\" content=\"https:\/\/tesla-lighting.cz\/en\/kariera\/account-manager-prumyslove-a-led-osvetleni\/\" \/>\n<meta property=\"og:site_name\" content=\"Tesla lighting\" \/>\n<meta property=\"article:publisher\" content=\"https:\/\/www.facebook.com\/teslalightingcz\" \/>\n<meta property=\"article:modified_time\" content=\"2025-07-28T11:51:30+00:00\" \/>\n<meta name=\"twitter:card\" content=\"summary_large_image\" \/>\n<meta name=\"twitter:label1\" content=\"Est. reading time\" \/>\n\t<meta name=\"twitter:data1\" content=\"2 minutes\" \/>\n<script type=\"application\/ld+json\" class=\"yoast-schema-graph\">{\"@context\":\"https:\\\/\\\/schema.org\",\"@graph\":[{\"@type\":\"WebPage\",\"@id\":\"https:\\\/\\\/tesla-lighting.cz\\\/kariera\\\/account-manager-prumyslove-a-led-osvetleni\\\/\",\"url\":\"https:\\\/\\\/tesla-lighting.cz\\\/kariera\\\/account-manager-prumyslove-a-led-osvetleni\\\/\",\"name\":\"ACCOUNT MANAGER \u2013 pr\u016fmyslov\u00e9 a LED osv\u011btlen\u00ed - Tesla lighting\",\"isPartOf\":{\"@id\":\"https:\\\/\\\/tesla-lighting.cz\\\/#website\"},\"datePublished\":\"2024-11-28T17:32:37+00:00\",\"dateModified\":\"2025-07-28T11:51:30+00:00\",\"breadcrumb\":{\"@id\":\"https:\\\/\\\/tesla-lighting.cz\\\/kariera\\\/account-manager-prumyslove-a-led-osvetleni\\\/#breadcrumb\"},\"inLanguage\":\"en-US\",\"potentialAction\":[{\"@type\":\"ReadAction\",\"target\":[\"https:\\\/\\\/tesla-lighting.cz\\\/kariera\\\/account-manager-prumyslove-a-led-osvetleni\\\/\"]}]},{\"@type\":\"BreadcrumbList\",\"@id\":\"https:\\\/\\\/tesla-lighting.cz\\\/kariera\\\/account-manager-prumyslove-a-led-osvetleni\\\/#breadcrumb\",\"itemListElement\":[{\"@type\":\"ListItem\",\"position\":1,\"name\":\"Dom\u016f\",\"item\":\"https:\\\/\\\/tesla-lighting.cz\\\/\"},{\"@type\":\"ListItem\",\"position\":2,\"name\":\"Kari\u00e9ra\",\"item\":\"https:\\\/\\\/tesla-lighting.cz\\\/kariera\\\/\"},{\"@type\":\"ListItem\",\"position\":3,\"name\":\"ACCOUNT MANAGER \u2013 pr\u016fmyslov\u00e9 a LED osv\u011btlen\u00ed\"}]},{\"@type\":\"WebSite\",\"@id\":\"https:\\\/\\\/tesla-lighting.cz\\\/#website\",\"url\":\"https:\\\/\\\/tesla-lighting.cz\\\/\",\"name\":\"Tesla lighting\",\"description\":\"Tesla\",\"publisher\":{\"@id\":\"https:\\\/\\\/tesla-lighting.cz\\\/#organization\"},\"potentialAction\":[{\"@type\":\"SearchAction\",\"target\":{\"@type\":\"EntryPoint\",\"urlTemplate\":\"https:\\\/\\\/tesla-lighting.cz\\\/?s={search_term_string}\"},\"query-input\":{\"@type\":\"PropertyValueSpecification\",\"valueRequired\":true,\"valueName\":\"search_term_string\"}}],\"inLanguage\":\"en-US\"},{\"@type\":\"Organization\",\"@id\":\"https:\\\/\\\/tesla-lighting.cz\\\/#organization\",\"name\":\"Tesla lighting\",\"url\":\"https:\\\/\\\/tesla-lighting.cz\\\/\",\"logo\":{\"@type\":\"ImageObject\",\"inLanguage\":\"en-US\",\"@id\":\"https:\\\/\\\/tesla-lighting.cz\\\/#\\\/schema\\\/logo\\\/image\\\/\",\"url\":\"https:\\\/\\\/tesla-lighting.cz\\\/wp-content\\\/uploads\\\/2022\\\/05\\\/TESLA_Lighting_logo.png\",\"contentUrl\":\"https:\\\/\\\/tesla-lighting.cz\\\/wp-content\\\/uploads\\\/2022\\\/05\\\/TESLA_Lighting_logo.png\",\"width\":512,\"height\":251,\"caption\":\"Tesla lighting\"},\"image\":{\"@id\":\"https:\\\/\\\/tesla-lighting.cz\\\/#\\\/schema\\\/logo\\\/image\\\/\"},\"sameAs\":[\"https:\\\/\\\/www.facebook.com\\\/teslalightingcz\",\"https:\\\/\\\/www.instagram.com\\\/teslalightingcz\\\/\",\"https:\\\/\\\/www.linkedin.com\\\/company\\\/tesla-lighting-s-r-o-\\\/\"]}]}<\/script>\n<!-- \/ Yoast SEO plugin. -->","yoast_head_json":{"title":"ACCOUNT MANAGER \u2013 pr\u016fmyslov\u00e9 a LED osv\u011btlen\u00ed - Tesla lighting","robots":{"index":"index","follow":"follow","max-snippet":"max-snippet:-1","max-image-preview":"max-image-preview:large","max-video-preview":"max-video-preview:-1"},"canonical":"https:\/\/tesla-lighting.cz\/en\/kariera\/account-manager-prumyslove-a-led-osvetleni\/","og_locale":"en_US","og_type":"article","og_title":"ACCOUNT MANAGER \u2013 pr\u016fmyslov\u00e9 a LED osv\u011btlen\u00ed - Tesla lighting","og_description":"ACCOUNT MANAGER \u2013 pr\u016fmyslov\u00e9 a LED osv\u011btlen\u00ed Lokace: Cel\u00e1 \u010cR M\u00e1te tah na branku a obchod v krvi? P\u0159ijdete, vid\u00edte, nav\u00e1\u017eete novou spolupr\u00e1ci? M\u00e1te zku\u0161enostis obchodem v lighting segmentu? ANO? Pak jsme se mo\u017en\u00e1 pr\u00e1v\u011b na\u0161li! Pro dopln\u011bn\u00ed st\u00e1vaj\u00edc\u00edho t\u00fdmu hled\u00e1me posilu na pozici\u00a0Account Manager. \u201eRozv\u00edj\u00edme n\u00e1\u0161 obchodn\u00ed t\u00fdm a hled\u00e1me kolegy, kte\u0159\u00ed se neboj\u00ed [&hellip;]","og_url":"https:\/\/tesla-lighting.cz\/en\/kariera\/account-manager-prumyslove-a-led-osvetleni\/","og_site_name":"Tesla lighting","article_publisher":"https:\/\/www.facebook.com\/teslalightingcz","article_modified_time":"2025-07-28T11:51:30+00:00","twitter_card":"summary_large_image","twitter_misc":{"Est. reading time":"2 minutes"},"schema":{"@context":"https:\/\/schema.org","@graph":[{"@type":"WebPage","@id":"https:\/\/tesla-lighting.cz\/kariera\/account-manager-prumyslove-a-led-osvetleni\/","url":"https:\/\/tesla-lighting.cz\/kariera\/account-manager-prumyslove-a-led-osvetleni\/","name":"ACCOUNT MANAGER \u2013 pr\u016fmyslov\u00e9 a LED osv\u011btlen\u00ed - Tesla lighting","isPartOf":{"@id":"https:\/\/tesla-lighting.cz\/#website"},"datePublished":"2024-11-28T17:32:37+00:00","dateModified":"2025-07-28T11:51:30+00:00","breadcrumb":{"@id":"https:\/\/tesla-lighting.cz\/kariera\/account-manager-prumyslove-a-led-osvetleni\/#breadcrumb"},"inLanguage":"en-US","potentialAction":[{"@type":"ReadAction","target":["https:\/\/tesla-lighting.cz\/kariera\/account-manager-prumyslove-a-led-osvetleni\/"]}]},{"@type":"BreadcrumbList","@id":"https:\/\/tesla-lighting.cz\/kariera\/account-manager-prumyslove-a-led-osvetleni\/#breadcrumb","itemListElement":[{"@type":"ListItem","position":1,"name":"Dom\u016f","item":"https:\/\/tesla-lighting.cz\/"},{"@type":"ListItem","position":2,"name":"Kari\u00e9ra","item":"https:\/\/tesla-lighting.cz\/kariera\/"},{"@type":"ListItem","position":3,"name":"ACCOUNT MANAGER \u2013 pr\u016fmyslov\u00e9 a LED osv\u011btlen\u00ed"}]},{"@type":"WebSite","@id":"https:\/\/tesla-lighting.cz\/#website","url":"https:\/\/tesla-lighting.cz\/","name":"Tesla lighting","description":"Tesla","publisher":{"@id":"https:\/\/tesla-lighting.cz\/#organization"},"potentialAction":[{"@type":"SearchAction","target":{"@type":"EntryPoint","urlTemplate":"https:\/\/tesla-lighting.cz\/?s={search_term_string}"},"query-input":{"@type":"PropertyValueSpecification","valueRequired":true,"valueName":"search_term_string"}}],"inLanguage":"en-US"},{"@type":"Organization","@id":"https:\/\/tesla-lighting.cz\/#organization","name":"Tesla lighting","url":"https:\/\/tesla-lighting.cz\/","logo":{"@type":"ImageObject","inLanguage":"en-US","@id":"https:\/\/tesla-lighting.cz\/#\/schema\/logo\/image\/","url":"https:\/\/tesla-lighting.cz\/wp-content\/uploads\/2022\/05\/TESLA_Lighting_logo.png","contentUrl":"https:\/\/tesla-lighting.cz\/wp-content\/uploads\/2022\/05\/TESLA_Lighting_logo.png","width":512,"height":251,"caption":"Tesla lighting"},"image":{"@id":"https:\/\/tesla-lighting.cz\/#\/schema\/logo\/image\/"},"sameAs":["https:\/\/www.facebook.com\/teslalightingcz","https:\/\/www.instagram.com\/teslalightingcz\/","https:\/\/www.linkedin.com\/company\/tesla-lighting-s-r-o-\/"]}]}},"_links":{"self":[{"href":"https:\/\/tesla-lighting.cz\/en\/wp-json\/wp\/v2\/pages\/48513","targetHints":{"allow":["GET"]}}],"collection":[{"href":"https:\/\/tesla-lighting.cz\/en\/wp-json\/wp\/v2\/pages"}],"about":[{"href":"https:\/\/tesla-lighting.cz\/en\/wp-json\/wp\/v2\/types\/page"}],"author":[{"embeddable":true,"href":"https:\/\/tesla-lighting.cz\/en\/wp-json\/wp\/v2\/users\/17"}],"replies":[{"embeddable":true,"href":"https:\/\/tesla-lighting.cz\/en\/wp-json\/wp\/v2\/comments?post=48513"}],"version-history":[{"count":0,"href":"https:\/\/tesla-lighting.cz\/en\/wp-json\/wp\/v2\/pages\/48513\/revisions"}],"up":[{"embeddable":true,"href":"https:\/\/tesla-lighting.cz\/en\/wp-json\/wp\/v2\/pages\/44802"}],"wp:attachment":[{"href":"https:\/\/tesla-lighting.cz\/en\/wp-json\/wp\/v2\/media?parent=48513"}],"curies":[{"name":"wp","href":"https:\/\/api.w.org\/{rel}","templated":true}]}}