{"id":48107,"date":"2024-05-23T06:11:22","date_gmt":"2024-05-23T06:11:22","guid":{"rendered":"https:\/\/tesla-lighting.cz\/?page_id=48107"},"modified":"2024-06-11T20:34:04","modified_gmt":"2024-06-11T20:34:04","slug":"cez-spoluprace","status":"publish","type":"page","link":"https:\/\/tesla-lighting.cz\/en\/cez-spoluprace\/","title":{"rendered":"CEZ cooperation"},"content":{"rendered":"\t\t<div data-elementor-type=\"wp-page\" data-elementor-id=\"48107\" class=\"elementor elementor-48107\" data-elementor-post-type=\"page\">\n\t\t\t\t\t\t<section class=\"elementor-section elementor-top-section elementor-element elementor-element-18684acf elementor-section-boxed elementor-section-height-default elementor-section-height-default\" data-id=\"18684acf\" data-element_type=\"section\" data-e-type=\"section\" id=\"napiste-nam\">\n\t\t\t\t\t\t<div class=\"elementor-container elementor-column-gap-no\">\n\t\t\t\t\t<div class=\"elementor-column elementor-col-100 elementor-top-column elementor-element elementor-element-526b9ef1\" data-id=\"526b9ef1\" data-element_type=\"column\" data-e-type=\"column\">\n\t\t\t<div class=\"elementor-widget-wrap elementor-element-populated\">\n\t\t\t\t\t\t<div class=\"elementor-element elementor-element-74c40e3d elementor-widget elementor-widget-heading\" data-id=\"74c40e3d\" data-element_type=\"widget\" data-e-type=\"widget\" data-widget_type=\"heading.default\">\n\t\t\t\t<div class=\"elementor-widget-container\">\n\t\t\t\t\t<h2 class=\"elementor-heading-title elementor-size-default\">Nechte n\u00e1m kontakt<\/h2>\t\t\t\t<\/div>\n\t\t\t\t<\/div>\n\t\t\t\t<div class=\"elementor-element elementor-element-a30fc27 elementor-button-align-center elementor-widget elementor-widget-form\" data-id=\"a30fc27\" data-element_type=\"widget\" data-e-type=\"widget\" data-settings=\"{&quot;step_next_label&quot;:&quot;Dal\\u0161\\u00ed&quot;,&quot;step_previous_label&quot;:&quot;P\\u0159edchoz\\u00ed&quot;,&quot;button_width_tablet&quot;:&quot;100&quot;,&quot;button_width&quot;:&quot;100&quot;,&quot;step_type&quot;:&quot;number_text&quot;,&quot;step_icon_shape&quot;:&quot;circle&quot;}\" data-widget_type=\"form.default\">\n\t\t\t\t<div class=\"elementor-widget-container\">\n\t\t\t\t\t\t\t<form class=\"elementor-form\" method=\"post\" name=\"Contact Form\" aria-label=\"Contact Form\">\n\t\t\t<input type=\"hidden\" name=\"post_id\" value=\"48107\"\/>\n\t\t\t<input type=\"hidden\" name=\"form_id\" value=\"a30fc27\"\/>\n\t\t\t<input type=\"hidden\" name=\"referer_title\" value=\"\u010cEZ spolupr\u00e1ce - Tesla lighting\" \/>\n\n\t\t\t\t\t\t\t<input type=\"hidden\" name=\"queried_id\" value=\"48107\"\/>\n\t\t\t\n\t\t\t<div class=\"elementor-form-fields-wrapper elementor-labels-\">\n\t\t\t\t\t\t\t\t<div class=\"elementor-field-type-text elementor-field-group elementor-column elementor-field-group-name elementor-col-50 elementor-field-required\">\n\t\t\t\t\t\t\t\t\t\t\t\t<label for=\"form-field-name\" class=\"elementor-field-label elementor-screen-only\">\n\t\t\t\t\t\t\t\tJm\u00e9no\t\t\t\t\t\t\t<\/label>\n\t\t\t\t\t\t\t\t\t\t\t\t\t\t<input size=\"1\" type=\"text\" name=\"form_fields[name]\" id=\"form-field-name\" class=\"elementor-field elementor-size-xs  elementor-field-textual\" placeholder=\"Jm\u00e9no\" required=\"required\">\n\t\t\t\t\t\t\t\t\t\t\t<\/div>\n\t\t\t\t\t\t\t\t<div class=\"elementor-field-type-tel elementor-field-group elementor-column elementor-field-group-field_5057311 elementor-col-50 elementor-md-50\">\n\t\t\t\t\t\t\t\t\t\t\t\t<label for=\"form-field-field_5057311\" class=\"elementor-field-label elementor-screen-only\">\n\t\t\t\t\t\t\t\tTel. \u010d\u00edslo\t\t\t\t\t\t\t<\/label>\n\t\t\t\t\t\t\t\t<input size=\"1\" type=\"tel\" name=\"form_fields[field_5057311]\" id=\"form-field-field_5057311\" class=\"elementor-field elementor-size-xs  elementor-field-textual\" placeholder=\"Tel. \u010d\u00edslo\" pattern=\"[0-9()#&amp;+*-=.]+\" title=\"Akceptov\u00e1ny jsou pouze \u010d\u00edsla a telefonn\u00ed znaky (#, -, * atd.).\">\n\n\t\t\t\t\t\t<\/div>\n\t\t\t\t\t\t\t\t<div class=\"elementor-field-type-email elementor-field-group elementor-column elementor-field-group-email elementor-col-100 elementor-md-50 elementor-field-required\">\n\t\t\t\t\t\t\t\t\t\t\t\t<label for=\"form-field-email\" class=\"elementor-field-label elementor-screen-only\">\n\t\t\t\t\t\t\t\tE-mail\t\t\t\t\t\t\t<\/label>\n\t\t\t\t\t\t\t\t\t\t\t\t\t\t<input size=\"1\" type=\"email\" name=\"form_fields[email]\" id=\"form-field-email\" class=\"elementor-field elementor-size-xs  elementor-field-textual\" placeholder=\"E-mail\" required=\"required\">\n\t\t\t\t\t\t\t\t\t\t\t<\/div>\n\t\t\t\t\t\t\t\t<div class=\"elementor-field-type-textarea elementor-field-group elementor-column elementor-field-group-field_71766c7 elementor-col-100\">\n\t\t\t\t\t\t\t\t\t\t\t\t<label for=\"form-field-field_71766c7\" class=\"elementor-field-label elementor-screen-only\">\n\t\t\t\t\t\t\t\tZpr\u00e1va\t\t\t\t\t\t\t<\/label>\n\t\t\t\t\t\t<textarea class=\"elementor-field-textual elementor-field  elementor-size-xs\" name=\"form_fields[field_71766c7]\" id=\"form-field-field_71766c7\" rows=\"4\" placeholder=\"Zpr\u00e1va\"><\/textarea>\t\t\t\t<\/div>\n\t\t\t\t\t\t\t\t<div class=\"elementor-field-type-acceptance elementor-field-group elementor-column elementor-field-group-field_931bd4a elementor-col-100 elementor-field-required\">\n\t\t\t\t\t\t\t\t\t\t\t\t<label for=\"form-field-field_931bd4a\" class=\"elementor-field-label elementor-screen-only\">\n\t\t\t\t\t\t\t\tcheckbox\t\t\t\t\t\t\t<\/label>\n\t\t\t\t\t\t\t\t<div class=\"elementor-field-subgroup\">\n\t\t\t<span class=\"elementor-field-option\">\n\t\t\t\t<input type=\"checkbox\" name=\"form_fields[field_931bd4a]\" id=\"form-field-field_931bd4a\" class=\"elementor-field elementor-size-xs  elementor-acceptance-field\" required=\"required\" checked=\"checked\">\n\t\t\t\t<label for=\"form-field-field_931bd4a\">Odesl\u00e1n\u00edm formul\u00e1\u0159e souhlas\u00edte se zpracov\u00e1n\u00edm osobn\u00edch \u00fadaj\u016f<\/label>\t\t\t<\/span>\n\t\t<\/div>\n\t\t\t\t\t\t<\/div>\n\t\t\t\t\t\t\t\t<div class=\"elementor-field-type-recaptcha elementor-field-group elementor-column elementor-field-group-field_f5d8067 elementor-col-100\">\n\t\t\t\t\t<div class=\"elementor-field\" id=\"form-field-field_f5d8067\"><div class=\"elementor-g-recaptcha\" data-sitekey=\"6Le3wx0kAAAAAMOR4QTPGssmiKT3r5tXtW7CV0xM\" data-type=\"v2_checkbox\" data-theme=\"light\" data-size=\"normal\"><\/div><\/div>\t\t\t\t<\/div>\n\t\t\t\t\t\t\t\t<div class=\"elementor-field-group elementor-column elementor-field-type-submit elementor-col-100 e-form__buttons elementor-md-100\">\n\t\t\t\t\t<button class=\"elementor-button elementor-size-md\" type=\"submit\">\n\t\t\t\t\t\t<span class=\"elementor-button-content-wrapper\">\n\t\t\t\t\t\t\t\t\t\t\t\t\t\t\t\t\t\t\t\t\t\t<span class=\"elementor-button-text\">Odeslat<\/span>\n\t\t\t\t\t\t\t\t\t\t\t\t\t<\/span>\n\t\t\t\t\t<\/button>\n\t\t\t\t<\/div>\n\t\t\t<\/div>\n\t\t<\/form>\n\t\t\t\t\t\t<\/div>\n\t\t\t\t<\/div>\n\t\t\t\t\t<\/div>\n\t\t<\/div>\n\t\t\t\t\t<\/div>\n\t\t<\/section>\n\t\t\t\t<\/div>\n\t\t","protected":false},"excerpt":{"rendered":"<p>Leave us a contact<\/p>","protected":false},"author":15,"featured_media":48116,"parent":0,"menu_order":0,"comment_status":"closed","ping_status":"closed","template":"","meta":{"footnotes":""},"class_list":["post-48107","page","type-page","status-publish","has-post-thumbnail","hentry"],"yoast_head":"<!-- This site is optimized with the Yoast SEO plugin v27.5 - https:\/\/yoast.com\/product\/yoast-seo-wordpress\/ -->\n<title>\u010cEZ spolupr\u00e1ce - Tesla lighting<\/title>\n<meta name=\"description\" content=\"Spojen\u00ed ve\u0159ejn\u00e9ho osv\u011btlen\u00ed Tesla Lighting a \u010cEZ pro obce. Zaji\u0161\u0165ujeme energeticky \u00fasporn\u00e1 a inovativn\u00ed sv\u00edtidla.\" \/>\n<meta name=\"robots\" content=\"index, follow, max-snippet:-1, max-image-preview:large, max-video-preview:-1\" \/>\n<link rel=\"canonical\" href=\"https:\/\/tesla-lighting.cz\/en\/cez-spoluprace\/\" \/>\n<meta property=\"og:locale\" content=\"en_US\" \/>\n<meta property=\"og:type\" content=\"article\" \/>\n<meta property=\"og:title\" content=\"\u010cEZ spolupr\u00e1ce - Tesla lighting\" \/>\n<meta property=\"og:description\" content=\"Spojen\u00ed ve\u0159ejn\u00e9ho osv\u011btlen\u00ed Tesla Lighting a \u010cEZ pro obce. Zaji\u0161\u0165ujeme energeticky \u00fasporn\u00e1 a inovativn\u00ed sv\u00edtidla.\" \/>\n<meta property=\"og:url\" content=\"https:\/\/tesla-lighting.cz\/en\/cez-spoluprace\/\" \/>\n<meta property=\"og:site_name\" content=\"Tesla lighting\" \/>\n<meta property=\"article:publisher\" content=\"https:\/\/www.facebook.com\/teslalightingcz\" \/>\n<meta property=\"article:modified_time\" content=\"2024-06-11T20:34:04+00:00\" \/>\n<meta property=\"og:image\" content=\"https:\/\/tesla-lighting.cz\/wp-content\/uploads\/2024\/05\/CEZ_VO_za_korunu_2.png\" \/>\n\t<meta property=\"og:image:width\" content=\"1080\" \/>\n\t<meta property=\"og:image:height\" content=\"420\" \/>\n\t<meta property=\"og:image:type\" content=\"image\/png\" \/>\n<meta name=\"twitter:card\" content=\"summary_large_image\" \/>\n<meta name=\"twitter:label1\" content=\"Est. reading time\" \/>\n\t<meta name=\"twitter:data1\" content=\"1 minute\" \/>\n<script type=\"application\/ld+json\" class=\"yoast-schema-graph\">{\"@context\":\"https:\\\/\\\/schema.org\",\"@graph\":[{\"@type\":\"WebPage\",\"@id\":\"https:\\\/\\\/tesla-lighting.cz\\\/cez-spoluprace\\\/\",\"url\":\"https:\\\/\\\/tesla-lighting.cz\\\/cez-spoluprace\\\/\",\"name\":\"\u010cEZ spolupr\u00e1ce - Tesla lighting\",\"isPartOf\":{\"@id\":\"https:\\\/\\\/tesla-lighting.cz\\\/#website\"},\"primaryImageOfPage\":{\"@id\":\"https:\\\/\\\/tesla-lighting.cz\\\/cez-spoluprace\\\/#primaryimage\"},\"image\":{\"@id\":\"https:\\\/\\\/tesla-lighting.cz\\\/cez-spoluprace\\\/#primaryimage\"},\"thumbnailUrl\":\"https:\\\/\\\/tesla-lighting.cz\\\/wp-content\\\/uploads\\\/2024\\\/05\\\/CEZ_VO_za_korunu_2.png\",\"datePublished\":\"2024-05-23T06:11:22+00:00\",\"dateModified\":\"2024-06-11T20:34:04+00:00\",\"description\":\"Spojen\u00ed ve\u0159ejn\u00e9ho osv\u011btlen\u00ed Tesla Lighting a \u010cEZ pro obce. Zaji\u0161\u0165ujeme energeticky \u00fasporn\u00e1 a inovativn\u00ed sv\u00edtidla.\",\"breadcrumb\":{\"@id\":\"https:\\\/\\\/tesla-lighting.cz\\\/cez-spoluprace\\\/#breadcrumb\"},\"inLanguage\":\"en-US\",\"potentialAction\":[{\"@type\":\"ReadAction\",\"target\":[\"https:\\\/\\\/tesla-lighting.cz\\\/cez-spoluprace\\\/\"]}]},{\"@type\":\"ImageObject\",\"inLanguage\":\"en-US\",\"@id\":\"https:\\\/\\\/tesla-lighting.cz\\\/cez-spoluprace\\\/#primaryimage\",\"url\":\"https:\\\/\\\/tesla-lighting.cz\\\/wp-content\\\/uploads\\\/2024\\\/05\\\/CEZ_VO_za_korunu_2.png\",\"contentUrl\":\"https:\\\/\\\/tesla-lighting.cz\\\/wp-content\\\/uploads\\\/2024\\\/05\\\/CEZ_VO_za_korunu_2.png\",\"width\":1080,\"height\":420},{\"@type\":\"BreadcrumbList\",\"@id\":\"https:\\\/\\\/tesla-lighting.cz\\\/cez-spoluprace\\\/#breadcrumb\",\"itemListElement\":[{\"@type\":\"ListItem\",\"position\":1,\"name\":\"Dom\u016f\",\"item\":\"https:\\\/\\\/tesla-lighting.cz\\\/\"},{\"@type\":\"ListItem\",\"position\":2,\"name\":\"\u010cEZ spolupr\u00e1ce\"}]},{\"@type\":\"WebSite\",\"@id\":\"https:\\\/\\\/tesla-lighting.cz\\\/#website\",\"url\":\"https:\\\/\\\/tesla-lighting.cz\\\/\",\"name\":\"Tesla lighting\",\"description\":\"Tesla\",\"publisher\":{\"@id\":\"https:\\\/\\\/tesla-lighting.cz\\\/#organization\"},\"potentialAction\":[{\"@type\":\"SearchAction\",\"target\":{\"@type\":\"EntryPoint\",\"urlTemplate\":\"https:\\\/\\\/tesla-lighting.cz\\\/?s={search_term_string}\"},\"query-input\":{\"@type\":\"PropertyValueSpecification\",\"valueRequired\":true,\"valueName\":\"search_term_string\"}}],\"inLanguage\":\"en-US\"},{\"@type\":\"Organization\",\"@id\":\"https:\\\/\\\/tesla-lighting.cz\\\/#organization\",\"name\":\"Tesla lighting\",\"url\":\"https:\\\/\\\/tesla-lighting.cz\\\/\",\"logo\":{\"@type\":\"ImageObject\",\"inLanguage\":\"en-US\",\"@id\":\"https:\\\/\\\/tesla-lighting.cz\\\/#\\\/schema\\\/logo\\\/image\\\/\",\"url\":\"https:\\\/\\\/tesla-lighting.cz\\\/wp-content\\\/uploads\\\/2022\\\/05\\\/TESLA_Lighting_logo.png\",\"contentUrl\":\"https:\\\/\\\/tesla-lighting.cz\\\/wp-content\\\/uploads\\\/2022\\\/05\\\/TESLA_Lighting_logo.png\",\"width\":512,\"height\":251,\"caption\":\"Tesla lighting\"},\"image\":{\"@id\":\"https:\\\/\\\/tesla-lighting.cz\\\/#\\\/schema\\\/logo\\\/image\\\/\"},\"sameAs\":[\"https:\\\/\\\/www.facebook.com\\\/teslalightingcz\",\"https:\\\/\\\/www.instagram.com\\\/teslalightingcz\\\/\",\"https:\\\/\\\/www.linkedin.com\\\/company\\\/tesla-lighting-s-r-o-\\\/\"]}]}<\/script>\n<!-- \/ Yoast SEO plugin. -->","yoast_head_json":{"title":"\u010cEZ spolupr\u00e1ce - Tesla lighting","description":"Spojen\u00ed ve\u0159ejn\u00e9ho osv\u011btlen\u00ed Tesla Lighting a \u010cEZ pro obce. Zaji\u0161\u0165ujeme energeticky \u00fasporn\u00e1 a inovativn\u00ed sv\u00edtidla.","robots":{"index":"index","follow":"follow","max-snippet":"max-snippet:-1","max-image-preview":"max-image-preview:large","max-video-preview":"max-video-preview:-1"},"canonical":"https:\/\/tesla-lighting.cz\/en\/cez-spoluprace\/","og_locale":"en_US","og_type":"article","og_title":"\u010cEZ spolupr\u00e1ce - Tesla lighting","og_description":"Spojen\u00ed ve\u0159ejn\u00e9ho osv\u011btlen\u00ed Tesla Lighting a \u010cEZ pro obce. Zaji\u0161\u0165ujeme energeticky \u00fasporn\u00e1 a inovativn\u00ed sv\u00edtidla.","og_url":"https:\/\/tesla-lighting.cz\/en\/cez-spoluprace\/","og_site_name":"Tesla lighting","article_publisher":"https:\/\/www.facebook.com\/teslalightingcz","article_modified_time":"2024-06-11T20:34:04+00:00","og_image":[{"width":1080,"height":420,"url":"https:\/\/tesla-lighting.cz\/wp-content\/uploads\/2024\/05\/CEZ_VO_za_korunu_2.png","type":"image\/png"}],"twitter_card":"summary_large_image","twitter_misc":{"Est. reading time":"1 minute"},"schema":{"@context":"https:\/\/schema.org","@graph":[{"@type":"WebPage","@id":"https:\/\/tesla-lighting.cz\/cez-spoluprace\/","url":"https:\/\/tesla-lighting.cz\/cez-spoluprace\/","name":"\u010cEZ spolupr\u00e1ce - Tesla lighting","isPartOf":{"@id":"https:\/\/tesla-lighting.cz\/#website"},"primaryImageOfPage":{"@id":"https:\/\/tesla-lighting.cz\/cez-spoluprace\/#primaryimage"},"image":{"@id":"https:\/\/tesla-lighting.cz\/cez-spoluprace\/#primaryimage"},"thumbnailUrl":"https:\/\/tesla-lighting.cz\/wp-content\/uploads\/2024\/05\/CEZ_VO_za_korunu_2.png","datePublished":"2024-05-23T06:11:22+00:00","dateModified":"2024-06-11T20:34:04+00:00","description":"Spojen\u00ed ve\u0159ejn\u00e9ho osv\u011btlen\u00ed Tesla Lighting a \u010cEZ pro obce. Zaji\u0161\u0165ujeme energeticky \u00fasporn\u00e1 a inovativn\u00ed sv\u00edtidla.","breadcrumb":{"@id":"https:\/\/tesla-lighting.cz\/cez-spoluprace\/#breadcrumb"},"inLanguage":"en-US","potentialAction":[{"@type":"ReadAction","target":["https:\/\/tesla-lighting.cz\/cez-spoluprace\/"]}]},{"@type":"ImageObject","inLanguage":"en-US","@id":"https:\/\/tesla-lighting.cz\/cez-spoluprace\/#primaryimage","url":"https:\/\/tesla-lighting.cz\/wp-content\/uploads\/2024\/05\/CEZ_VO_za_korunu_2.png","contentUrl":"https:\/\/tesla-lighting.cz\/wp-content\/uploads\/2024\/05\/CEZ_VO_za_korunu_2.png","width":1080,"height":420},{"@type":"BreadcrumbList","@id":"https:\/\/tesla-lighting.cz\/cez-spoluprace\/#breadcrumb","itemListElement":[{"@type":"ListItem","position":1,"name":"Dom\u016f","item":"https:\/\/tesla-lighting.cz\/"},{"@type":"ListItem","position":2,"name":"\u010cEZ spolupr\u00e1ce"}]},{"@type":"WebSite","@id":"https:\/\/tesla-lighting.cz\/#website","url":"https:\/\/tesla-lighting.cz\/","name":"Tesla lighting","description":"Tesla","publisher":{"@id":"https:\/\/tesla-lighting.cz\/#organization"},"potentialAction":[{"@type":"SearchAction","target":{"@type":"EntryPoint","urlTemplate":"https:\/\/tesla-lighting.cz\/?s={search_term_string}"},"query-input":{"@type":"PropertyValueSpecification","valueRequired":true,"valueName":"search_term_string"}}],"inLanguage":"en-US"},{"@type":"Organization","@id":"https:\/\/tesla-lighting.cz\/#organization","name":"Tesla lighting","url":"https:\/\/tesla-lighting.cz\/","logo":{"@type":"ImageObject","inLanguage":"en-US","@id":"https:\/\/tesla-lighting.cz\/#\/schema\/logo\/image\/","url":"https:\/\/tesla-lighting.cz\/wp-content\/uploads\/2022\/05\/TESLA_Lighting_logo.png","contentUrl":"https:\/\/tesla-lighting.cz\/wp-content\/uploads\/2022\/05\/TESLA_Lighting_logo.png","width":512,"height":251,"caption":"Tesla lighting"},"image":{"@id":"https:\/\/tesla-lighting.cz\/#\/schema\/logo\/image\/"},"sameAs":["https:\/\/www.facebook.com\/teslalightingcz","https:\/\/www.instagram.com\/teslalightingcz\/","https:\/\/www.linkedin.com\/company\/tesla-lighting-s-r-o-\/"]}]}},"_links":{"self":[{"href":"https:\/\/tesla-lighting.cz\/en\/wp-json\/wp\/v2\/pages\/48107","targetHints":{"allow":["GET"]}}],"collection":[{"href":"https:\/\/tesla-lighting.cz\/en\/wp-json\/wp\/v2\/pages"}],"about":[{"href":"https:\/\/tesla-lighting.cz\/en\/wp-json\/wp\/v2\/types\/page"}],"author":[{"embeddable":true,"href":"https:\/\/tesla-lighting.cz\/en\/wp-json\/wp\/v2\/users\/15"}],"replies":[{"embeddable":true,"href":"https:\/\/tesla-lighting.cz\/en\/wp-json\/wp\/v2\/comments?post=48107"}],"version-history":[{"count":0,"href":"https:\/\/tesla-lighting.cz\/en\/wp-json\/wp\/v2\/pages\/48107\/revisions"}],"wp:featuredmedia":[{"embeddable":true,"href":"https:\/\/tesla-lighting.cz\/en\/wp-json\/wp\/v2\/media\/48116"}],"wp:attachment":[{"href":"https:\/\/tesla-lighting.cz\/en\/wp-json\/wp\/v2\/media?parent=48107"}],"curies":[{"name":"wp","href":"https:\/\/api.w.org\/{rel}","templated":true}]}}