{"id":47028,"date":"2023-01-25T13:25:01","date_gmt":"2023-01-25T13:25:01","guid":{"rendered":"https:\/\/tesla-lighting.cz\/?page_id=47028"},"modified":"2024-06-11T20:49:41","modified_gmt":"2024-06-11T20:49:41","slug":"ke-stazeni","status":"publish","type":"page","link":"https:\/\/tesla-lighting.cz\/en\/ke-stazeni\/","title":{"rendered":"Download"},"content":{"rendered":"\t\t<div data-elementor-type=\"wp-page\" data-elementor-id=\"47028\" class=\"elementor elementor-47028\" data-elementor-post-type=\"page\">\n\t\t\t\t\t\t<section class=\"elementor-section elementor-top-section elementor-element elementor-element-42ac3406 elementor-section-content-middle elementor-reverse-mobile elementor-reverse-tablet elementor-section-boxed elementor-section-height-default elementor-section-height-default\" data-id=\"42ac3406\" data-element_type=\"section\" data-e-type=\"section\" data-settings=\"{&quot;background_background&quot;:&quot;classic&quot;}\">\n\t\t\t\t\t\t<div class=\"elementor-container elementor-column-gap-no\">\n\t\t\t\t\t<div class=\"elementor-column elementor-col-33 elementor-top-column elementor-element elementor-element-72c4c6e5\" data-id=\"72c4c6e5\" data-element_type=\"column\" data-e-type=\"column\" data-settings=\"{&quot;background_background&quot;:&quot;classic&quot;}\">\n\t\t\t<div class=\"elementor-widget-wrap\">\n\t\t\t\t\t\t\t<\/div>\n\t\t<\/div>\n\t\t\t\t<div class=\"elementor-column elementor-col-33 elementor-top-column elementor-element elementor-element-e4f0d1f\" data-id=\"e4f0d1f\" data-element_type=\"column\" data-e-type=\"column\" data-settings=\"{&quot;background_background&quot;:&quot;classic&quot;}\">\n\t\t\t<div class=\"elementor-widget-wrap elementor-element-populated\">\n\t\t\t\t\t\t<div class=\"elementor-element elementor-element-1774702 e-transform elementor-view-default elementor-position-block-start elementor-mobile-position-block-start elementor-widget elementor-widget-icon-box\" data-id=\"1774702\" data-element_type=\"widget\" data-e-type=\"widget\" data-settings=\"{&quot;_transform_scale_effect_hover&quot;:{&quot;unit&quot;:&quot;px&quot;,&quot;size&quot;:1.1,&quot;sizes&quot;:[]},&quot;_transform_scale_effect_hover_tablet&quot;:{&quot;unit&quot;:&quot;px&quot;,&quot;size&quot;:&quot;&quot;,&quot;sizes&quot;:[]},&quot;_transform_scale_effect_hover_mobile&quot;:{&quot;unit&quot;:&quot;px&quot;,&quot;size&quot;:&quot;&quot;,&quot;sizes&quot;:[]}}\" data-widget_type=\"icon-box.default\">\n\t\t\t\t<div class=\"elementor-widget-container\">\n\t\t\t\t\t\t\t<div class=\"elementor-icon-box-wrapper\">\n\n\t\t\t\t\t\t<div class=\"elementor-icon-box-icon\">\n\t\t\t\t<a href=\"https:\/\/tesla-lighting.cz\/wp-content\/uploads\/2023\/01\/EULUM-DATA-TESLA-PROFI.zip\" target=\"_blank\" class=\"elementor-icon\" tabindex=\"-1\" aria-label=\"EULUM data\">\n\t\t\t\t<i aria-hidden=\"true\" class=\"far fa-file-archive\"><\/i>\t\t\t\t<\/a>\n\t\t\t<\/div>\n\t\t\t\n\t\t\t\t\t\t<div class=\"elementor-icon-box-content\">\n\n\t\t\t\t\t\t\t\t\t<h3 class=\"elementor-icon-box-title\">\n\t\t\t\t\t\t<a href=\"https:\/\/tesla-lighting.cz\/wp-content\/uploads\/2023\/01\/EULUM-DATA-TESLA-PROFI.zip\" target=\"_blank\" >\n\t\t\t\t\t\t\tEULUM data\t\t\t\t\t\t<\/a>\n\t\t\t\t\t<\/h3>\n\t\t\t\t\n\t\t\t\t\n\t\t\t<\/div>\n\t\t\t\n\t\t<\/div>\n\t\t\t\t\t\t<\/div>\n\t\t\t\t<\/div>\n\t\t\t\t\t<\/div>\n\t\t<\/div>\n\t\t\t\t<div class=\"elementor-column elementor-col-33 elementor-top-column elementor-element elementor-element-e039988\" data-id=\"e039988\" data-element_type=\"column\" data-e-type=\"column\" data-settings=\"{&quot;background_background&quot;:&quot;classic&quot;}\">\n\t\t\t<div class=\"elementor-widget-wrap\">\n\t\t\t\t\t\t\t<\/div>\n\t\t<\/div>\n\t\t\t\t\t<\/div>\n\t\t<\/section>\n\t\t\t\t<section class=\"elementor-section elementor-top-section elementor-element elementor-element-673f8651 elementor-section-boxed elementor-section-height-default elementor-section-height-default\" data-id=\"673f8651\" data-element_type=\"section\" data-e-type=\"section\">\n\t\t\t\t\t\t<div class=\"elementor-container elementor-column-gap-no\">\n\t\t\t\t\t<div class=\"elementor-column elementor-col-100 elementor-top-column elementor-element elementor-element-386acb00\" data-id=\"386acb00\" data-element_type=\"column\" data-e-type=\"column\">\n\t\t\t<div class=\"elementor-widget-wrap elementor-element-populated\">\n\t\t\t\t\t\t<div class=\"elementor-element elementor-element-29dc8bc3 elementor-widget elementor-widget-heading\" data-id=\"29dc8bc3\" data-element_type=\"widget\" data-e-type=\"widget\" data-widget_type=\"heading.default\">\n\t\t\t\t<div class=\"elementor-widget-container\">\n\t\t\t\t\t<h2 class=\"elementor-heading-title elementor-size-default\">Napi\u0161te n\u00e1m<\/h2>\t\t\t\t<\/div>\n\t\t\t\t<\/div>\n\t\t\t\t<div class=\"elementor-element elementor-element-d414ab3 elementor-button-align-center elementor-widget elementor-widget-global elementor-global-45360 elementor-widget-form\" data-id=\"d414ab3\" data-element_type=\"widget\" data-e-type=\"widget\" data-settings=\"{&quot;step_next_label&quot;:&quot;Dal\\u0161\\u00ed&quot;,&quot;step_previous_label&quot;:&quot;P\\u0159edchoz\\u00ed&quot;,&quot;button_width_tablet&quot;:&quot;100&quot;,&quot;button_width&quot;:&quot;100&quot;,&quot;step_type&quot;:&quot;number_text&quot;,&quot;step_icon_shape&quot;:&quot;circle&quot;}\" data-widget_type=\"form.default\">\n\t\t\t\t<div class=\"elementor-widget-container\">\n\t\t\t\t\t\t\t<form class=\"elementor-form\" method=\"post\" name=\"TESLA lighting OBCHOD\" aria-label=\"TESLA lighting OBCHOD\">\n\t\t\t<input type=\"hidden\" name=\"post_id\" value=\"47028\"\/>\n\t\t\t<input type=\"hidden\" name=\"form_id\" value=\"d414ab3\"\/>\n\t\t\t<input type=\"hidden\" name=\"referer_title\" value=\"Tesla lighting\" \/>\n\n\t\t\t\n\t\t\t<div class=\"elementor-form-fields-wrapper elementor-labels-\">\n\t\t\t\t\t\t\t\t<div class=\"elementor-field-type-text elementor-field-group elementor-column elementor-field-group-name elementor-col-50 elementor-field-required\">\n\t\t\t\t\t\t\t\t\t\t\t\t<label for=\"form-field-name\" class=\"elementor-field-label elementor-screen-only\">\n\t\t\t\t\t\t\t\tJm\u00e9no\t\t\t\t\t\t\t<\/label>\n\t\t\t\t\t\t\t\t\t\t\t\t\t\t<input size=\"1\" type=\"text\" name=\"form_fields[name]\" id=\"form-field-name\" class=\"elementor-field elementor-size-xs  elementor-field-textual\" placeholder=\"Jm\u00e9no\" required=\"required\">\n\t\t\t\t\t\t\t\t\t\t\t<\/div>\n\t\t\t\t\t\t\t\t<div class=\"elementor-field-type-tel elementor-field-group elementor-column elementor-field-group-field_5057311 elementor-col-50 elementor-md-50\">\n\t\t\t\t\t\t\t\t\t\t\t\t<label for=\"form-field-field_5057311\" class=\"elementor-field-label elementor-screen-only\">\n\t\t\t\t\t\t\t\tTel. \u010d\u00edslo\t\t\t\t\t\t\t<\/label>\n\t\t\t\t\t\t\t\t<input size=\"1\" type=\"tel\" name=\"form_fields[field_5057311]\" id=\"form-field-field_5057311\" class=\"elementor-field elementor-size-xs  elementor-field-textual\" placeholder=\"Tel. \u010d\u00edslo\" pattern=\"[0-9()#&amp;+*-=.]+\" title=\"Only numbers and phone characters (#, -, *, etc) are accepted.\">\n\n\t\t\t\t\t\t<\/div>\n\t\t\t\t\t\t\t\t<div class=\"elementor-field-type-email elementor-field-group elementor-column elementor-field-group-email elementor-col-100 elementor-md-50 elementor-field-required\">\n\t\t\t\t\t\t\t\t\t\t\t\t<label for=\"form-field-email\" class=\"elementor-field-label elementor-screen-only\">\n\t\t\t\t\t\t\t\tE-mail\t\t\t\t\t\t\t<\/label>\n\t\t\t\t\t\t\t\t\t\t\t\t\t\t<input size=\"1\" type=\"email\" name=\"form_fields[email]\" id=\"form-field-email\" class=\"elementor-field elementor-size-xs  elementor-field-textual\" placeholder=\"E-mail\" required=\"required\">\n\t\t\t\t\t\t\t\t\t\t\t<\/div>\n\t\t\t\t\t\t\t\t<div class=\"elementor-field-type-textarea elementor-field-group elementor-column elementor-field-group-field_71766c7 elementor-col-100\">\n\t\t\t\t\t\t\t\t\t\t\t\t<label for=\"form-field-field_71766c7\" class=\"elementor-field-label elementor-screen-only\">\n\t\t\t\t\t\t\t\tZpr\u00e1va\t\t\t\t\t\t\t<\/label>\n\t\t\t\t\t\t<textarea class=\"elementor-field-textual elementor-field  elementor-size-xs\" name=\"form_fields[field_71766c7]\" id=\"form-field-field_71766c7\" rows=\"4\" placeholder=\"Zpr\u00e1va\"><\/textarea>\t\t\t\t<\/div>\n\t\t\t\t\t\t\t\t<div class=\"elementor-field-type-acceptance elementor-field-group elementor-column elementor-field-group-field_931bd4a elementor-col-100 elementor-field-required\">\n\t\t\t\t\t\t\t\t\t\t\t\t<label for=\"form-field-field_931bd4a\" class=\"elementor-field-label elementor-screen-only\">\n\t\t\t\t\t\t\t\tcheckbox\t\t\t\t\t\t\t<\/label>\n\t\t\t\t\t\t\t\t<div class=\"elementor-field-subgroup\">\n\t\t\t<span class=\"elementor-field-option\">\n\t\t\t\t<input type=\"checkbox\" name=\"form_fields[field_931bd4a]\" id=\"form-field-field_931bd4a\" class=\"elementor-field elementor-size-xs  elementor-acceptance-field\" required=\"required\" checked=\"checked\">\n\t\t\t\t<label for=\"form-field-field_931bd4a\">Odesl\u00e1n\u00edm formul\u00e1\u0159e souhlas\u00edte se zpracov\u00e1n\u00edm osobn\u00edch \u00fadaj\u016f<\/label>\t\t\t<\/span>\n\t\t<\/div>\n\t\t\t\t\t\t<\/div>\n\t\t\t\t\t\t\t\t<div class=\"elementor-field-type-acceptance elementor-field-group elementor-column elementor-field-group-field_2ff3a79 elementor-col-100\">\n\t\t\t\t\t\t\t<div class=\"elementor-field-subgroup\">\n\t\t\t<span class=\"elementor-field-option\">\n\t\t\t\t<input type=\"checkbox\" name=\"form_fields[field_2ff3a79]\" id=\"form-field-field_2ff3a79\" class=\"elementor-field elementor-size-xs  elementor-acceptance-field\" checked=\"checked\">\n\t\t\t\t<label for=\"form-field-field_2ff3a79\">M\u00e1m z\u00e1jem o odeb\u00edr\u00e1n\u00ed novinek<\/label>\t\t\t<\/span>\n\t\t<\/div>\n\t\t\t\t\t\t<\/div>\n\t\t\t\t\t\t\t\t<div class=\"elementor-field-type-recaptcha elementor-field-group elementor-column elementor-field-group-field_f31eb59 elementor-col-100\">\n\t\t\t\t\t<div class=\"elementor-field\" id=\"form-field-field_f31eb59\"><div class=\"elementor-g-recaptcha\" data-sitekey=\"6Le3wx0kAAAAAMOR4QTPGssmiKT3r5tXtW7CV0xM\" data-type=\"v2_checkbox\" data-theme=\"light\" data-size=\"normal\"><\/div><\/div>\t\t\t\t<\/div>\n\t\t\t\t\t\t\t\t<div class=\"elementor-field-group elementor-column elementor-field-type-submit elementor-col-100 e-form__buttons elementor-md-100\">\n\t\t\t\t\t<button class=\"elementor-button elementor-size-md\" type=\"submit\">\n\t\t\t\t\t\t<span class=\"elementor-button-content-wrapper\">\n\t\t\t\t\t\t\t\t\t\t\t\t\t\t\t\t\t\t\t\t\t\t<span class=\"elementor-button-text\">Odeslat<\/span>\n\t\t\t\t\t\t\t\t\t\t\t\t\t<\/span>\n\t\t\t\t\t<\/button>\n\t\t\t\t<\/div>\n\t\t\t<\/div>\n\t\t<\/form>\n\t\t\t\t\t\t<\/div>\n\t\t\t\t<\/div>\n\t\t\t\t\t<\/div>\n\t\t<\/div>\n\t\t\t\t\t<\/div>\n\t\t<\/section>\n\t\t\t\t<\/div>\n\t\t","protected":false},"excerpt":{"rendered":"<p>EULUM data Contact us<\/p>","protected":false},"author":11,"featured_media":45970,"parent":0,"menu_order":0,"comment_status":"closed","ping_status":"closed","template":"","meta":{"footnotes":""},"class_list":["post-47028","page","type-page","status-publish","has-post-thumbnail","hentry"],"yoast_head":"<!-- This site is optimized with the Yoast SEO plugin v27.5 - https:\/\/yoast.com\/product\/yoast-seo-wordpress\/ -->\n<title>Ke sta\u017een\u00ed | Tesla Lighting<\/title>\n<meta name=\"description\" content=\"St\u00e1hn\u011bte si u\u017eite\u010dn\u00e9 materi\u00e1ly od Tesla Lighting, v\u010detn\u011b katalog\u016f, technick\u00fdch list\u016f a n\u00e1vod\u016f k pou\u017eit\u00ed a dal\u0161\u00edch dokument\u016f.\" \/>\n<meta name=\"robots\" content=\"index, follow, max-snippet:-1, max-image-preview:large, max-video-preview:-1\" \/>\n<link rel=\"canonical\" href=\"https:\/\/tesla-lighting.cz\/en\/ke-stazeni\/\" \/>\n<meta property=\"og:locale\" content=\"en_US\" \/>\n<meta property=\"og:type\" content=\"article\" \/>\n<meta property=\"og:title\" content=\"Ke sta\u017een\u00ed | Tesla Lighting\" \/>\n<meta property=\"og:description\" content=\"St\u00e1hn\u011bte si u\u017eite\u010dn\u00e9 materi\u00e1ly od Tesla Lighting, v\u010detn\u011b katalog\u016f, technick\u00fdch list\u016f a n\u00e1vod\u016f k pou\u017eit\u00ed a dal\u0161\u00edch dokument\u016f.\" \/>\n<meta property=\"og:url\" content=\"https:\/\/tesla-lighting.cz\/en\/ke-stazeni\/\" \/>\n<meta property=\"og:site_name\" content=\"Tesla lighting\" \/>\n<meta property=\"article:publisher\" content=\"https:\/\/www.facebook.com\/teslalightingcz\" \/>\n<meta property=\"article:modified_time\" content=\"2024-06-11T20:49:41+00:00\" \/>\n<meta property=\"og:image\" content=\"https:\/\/tesla-lighting.cz\/wp-content\/uploads\/2022\/12\/cropped-favicon_blue.png\" \/>\n\t<meta property=\"og:image:width\" content=\"512\" \/>\n\t<meta property=\"og:image:height\" content=\"512\" \/>\n\t<meta property=\"og:image:type\" content=\"image\/png\" \/>\n<meta name=\"twitter:card\" content=\"summary_large_image\" \/>\n<meta name=\"twitter:label1\" content=\"Est. reading time\" \/>\n\t<meta name=\"twitter:data1\" content=\"1 minute\" \/>\n<script type=\"application\/ld+json\" class=\"yoast-schema-graph\">{\"@context\":\"https:\\\/\\\/schema.org\",\"@graph\":[{\"@type\":\"WebPage\",\"@id\":\"https:\\\/\\\/tesla-lighting.cz\\\/ke-stazeni\\\/\",\"url\":\"https:\\\/\\\/tesla-lighting.cz\\\/ke-stazeni\\\/\",\"name\":\"Ke sta\u017een\u00ed | Tesla Lighting\",\"isPartOf\":{\"@id\":\"https:\\\/\\\/tesla-lighting.cz\\\/#website\"},\"primaryImageOfPage\":{\"@id\":\"https:\\\/\\\/tesla-lighting.cz\\\/ke-stazeni\\\/#primaryimage\"},\"image\":{\"@id\":\"https:\\\/\\\/tesla-lighting.cz\\\/ke-stazeni\\\/#primaryimage\"},\"thumbnailUrl\":\"https:\\\/\\\/tesla-lighting.cz\\\/wp-content\\\/uploads\\\/2022\\\/12\\\/cropped-favicon_blue.png\",\"datePublished\":\"2023-01-25T13:25:01+00:00\",\"dateModified\":\"2024-06-11T20:49:41+00:00\",\"description\":\"St\u00e1hn\u011bte si u\u017eite\u010dn\u00e9 materi\u00e1ly od Tesla Lighting, v\u010detn\u011b katalog\u016f, technick\u00fdch list\u016f a n\u00e1vod\u016f k pou\u017eit\u00ed a dal\u0161\u00edch dokument\u016f.\",\"breadcrumb\":{\"@id\":\"https:\\\/\\\/tesla-lighting.cz\\\/ke-stazeni\\\/#breadcrumb\"},\"inLanguage\":\"en-US\",\"potentialAction\":[{\"@type\":\"ReadAction\",\"target\":[\"https:\\\/\\\/tesla-lighting.cz\\\/ke-stazeni\\\/\"]}]},{\"@type\":\"ImageObject\",\"inLanguage\":\"en-US\",\"@id\":\"https:\\\/\\\/tesla-lighting.cz\\\/ke-stazeni\\\/#primaryimage\",\"url\":\"https:\\\/\\\/tesla-lighting.cz\\\/wp-content\\\/uploads\\\/2022\\\/12\\\/cropped-favicon_blue.png\",\"contentUrl\":\"https:\\\/\\\/tesla-lighting.cz\\\/wp-content\\\/uploads\\\/2022\\\/12\\\/cropped-favicon_blue.png\",\"width\":512,\"height\":512},{\"@type\":\"BreadcrumbList\",\"@id\":\"https:\\\/\\\/tesla-lighting.cz\\\/ke-stazeni\\\/#breadcrumb\",\"itemListElement\":[{\"@type\":\"ListItem\",\"position\":1,\"name\":\"Dom\u016f\",\"item\":\"https:\\\/\\\/tesla-lighting.cz\\\/\"},{\"@type\":\"ListItem\",\"position\":2,\"name\":\"Ke sta\u017een\u00ed\"}]},{\"@type\":\"WebSite\",\"@id\":\"https:\\\/\\\/tesla-lighting.cz\\\/#website\",\"url\":\"https:\\\/\\\/tesla-lighting.cz\\\/\",\"name\":\"Tesla lighting\",\"description\":\"Tesla\",\"publisher\":{\"@id\":\"https:\\\/\\\/tesla-lighting.cz\\\/#organization\"},\"potentialAction\":[{\"@type\":\"SearchAction\",\"target\":{\"@type\":\"EntryPoint\",\"urlTemplate\":\"https:\\\/\\\/tesla-lighting.cz\\\/?s={search_term_string}\"},\"query-input\":{\"@type\":\"PropertyValueSpecification\",\"valueRequired\":true,\"valueName\":\"search_term_string\"}}],\"inLanguage\":\"en-US\"},{\"@type\":\"Organization\",\"@id\":\"https:\\\/\\\/tesla-lighting.cz\\\/#organization\",\"name\":\"Tesla lighting\",\"url\":\"https:\\\/\\\/tesla-lighting.cz\\\/\",\"logo\":{\"@type\":\"ImageObject\",\"inLanguage\":\"en-US\",\"@id\":\"https:\\\/\\\/tesla-lighting.cz\\\/#\\\/schema\\\/logo\\\/image\\\/\",\"url\":\"https:\\\/\\\/tesla-lighting.cz\\\/wp-content\\\/uploads\\\/2022\\\/05\\\/TESLA_Lighting_logo.png\",\"contentUrl\":\"https:\\\/\\\/tesla-lighting.cz\\\/wp-content\\\/uploads\\\/2022\\\/05\\\/TESLA_Lighting_logo.png\",\"width\":512,\"height\":251,\"caption\":\"Tesla lighting\"},\"image\":{\"@id\":\"https:\\\/\\\/tesla-lighting.cz\\\/#\\\/schema\\\/logo\\\/image\\\/\"},\"sameAs\":[\"https:\\\/\\\/www.facebook.com\\\/teslalightingcz\",\"https:\\\/\\\/www.instagram.com\\\/teslalightingcz\\\/\",\"https:\\\/\\\/www.linkedin.com\\\/company\\\/tesla-lighting-s-r-o-\\\/\"]}]}<\/script>\n<!-- \/ Yoast SEO plugin. -->","yoast_head_json":{"title":"Ke sta\u017een\u00ed | Tesla Lighting","description":"St\u00e1hn\u011bte si u\u017eite\u010dn\u00e9 materi\u00e1ly od Tesla Lighting, v\u010detn\u011b katalog\u016f, technick\u00fdch list\u016f a n\u00e1vod\u016f k pou\u017eit\u00ed a dal\u0161\u00edch dokument\u016f.","robots":{"index":"index","follow":"follow","max-snippet":"max-snippet:-1","max-image-preview":"max-image-preview:large","max-video-preview":"max-video-preview:-1"},"canonical":"https:\/\/tesla-lighting.cz\/en\/ke-stazeni\/","og_locale":"en_US","og_type":"article","og_title":"Ke sta\u017een\u00ed | Tesla Lighting","og_description":"St\u00e1hn\u011bte si u\u017eite\u010dn\u00e9 materi\u00e1ly od Tesla Lighting, v\u010detn\u011b katalog\u016f, technick\u00fdch list\u016f a n\u00e1vod\u016f k pou\u017eit\u00ed a dal\u0161\u00edch dokument\u016f.","og_url":"https:\/\/tesla-lighting.cz\/en\/ke-stazeni\/","og_site_name":"Tesla lighting","article_publisher":"https:\/\/www.facebook.com\/teslalightingcz","article_modified_time":"2024-06-11T20:49:41+00:00","og_image":[{"width":512,"height":512,"url":"https:\/\/tesla-lighting.cz\/wp-content\/uploads\/2022\/12\/cropped-favicon_blue.png","type":"image\/png"}],"twitter_card":"summary_large_image","twitter_misc":{"Est. reading time":"1 minute"},"schema":{"@context":"https:\/\/schema.org","@graph":[{"@type":"WebPage","@id":"https:\/\/tesla-lighting.cz\/ke-stazeni\/","url":"https:\/\/tesla-lighting.cz\/ke-stazeni\/","name":"Ke sta\u017een\u00ed | Tesla Lighting","isPartOf":{"@id":"https:\/\/tesla-lighting.cz\/#website"},"primaryImageOfPage":{"@id":"https:\/\/tesla-lighting.cz\/ke-stazeni\/#primaryimage"},"image":{"@id":"https:\/\/tesla-lighting.cz\/ke-stazeni\/#primaryimage"},"thumbnailUrl":"https:\/\/tesla-lighting.cz\/wp-content\/uploads\/2022\/12\/cropped-favicon_blue.png","datePublished":"2023-01-25T13:25:01+00:00","dateModified":"2024-06-11T20:49:41+00:00","description":"St\u00e1hn\u011bte si u\u017eite\u010dn\u00e9 materi\u00e1ly od Tesla Lighting, v\u010detn\u011b katalog\u016f, technick\u00fdch list\u016f a n\u00e1vod\u016f k pou\u017eit\u00ed a dal\u0161\u00edch dokument\u016f.","breadcrumb":{"@id":"https:\/\/tesla-lighting.cz\/ke-stazeni\/#breadcrumb"},"inLanguage":"en-US","potentialAction":[{"@type":"ReadAction","target":["https:\/\/tesla-lighting.cz\/ke-stazeni\/"]}]},{"@type":"ImageObject","inLanguage":"en-US","@id":"https:\/\/tesla-lighting.cz\/ke-stazeni\/#primaryimage","url":"https:\/\/tesla-lighting.cz\/wp-content\/uploads\/2022\/12\/cropped-favicon_blue.png","contentUrl":"https:\/\/tesla-lighting.cz\/wp-content\/uploads\/2022\/12\/cropped-favicon_blue.png","width":512,"height":512},{"@type":"BreadcrumbList","@id":"https:\/\/tesla-lighting.cz\/ke-stazeni\/#breadcrumb","itemListElement":[{"@type":"ListItem","position":1,"name":"Dom\u016f","item":"https:\/\/tesla-lighting.cz\/"},{"@type":"ListItem","position":2,"name":"Ke sta\u017een\u00ed"}]},{"@type":"WebSite","@id":"https:\/\/tesla-lighting.cz\/#website","url":"https:\/\/tesla-lighting.cz\/","name":"Tesla lighting","description":"Tesla","publisher":{"@id":"https:\/\/tesla-lighting.cz\/#organization"},"potentialAction":[{"@type":"SearchAction","target":{"@type":"EntryPoint","urlTemplate":"https:\/\/tesla-lighting.cz\/?s={search_term_string}"},"query-input":{"@type":"PropertyValueSpecification","valueRequired":true,"valueName":"search_term_string"}}],"inLanguage":"en-US"},{"@type":"Organization","@id":"https:\/\/tesla-lighting.cz\/#organization","name":"Tesla lighting","url":"https:\/\/tesla-lighting.cz\/","logo":{"@type":"ImageObject","inLanguage":"en-US","@id":"https:\/\/tesla-lighting.cz\/#\/schema\/logo\/image\/","url":"https:\/\/tesla-lighting.cz\/wp-content\/uploads\/2022\/05\/TESLA_Lighting_logo.png","contentUrl":"https:\/\/tesla-lighting.cz\/wp-content\/uploads\/2022\/05\/TESLA_Lighting_logo.png","width":512,"height":251,"caption":"Tesla lighting"},"image":{"@id":"https:\/\/tesla-lighting.cz\/#\/schema\/logo\/image\/"},"sameAs":["https:\/\/www.facebook.com\/teslalightingcz","https:\/\/www.instagram.com\/teslalightingcz\/","https:\/\/www.linkedin.com\/company\/tesla-lighting-s-r-o-\/"]}]}},"_links":{"self":[{"href":"https:\/\/tesla-lighting.cz\/en\/wp-json\/wp\/v2\/pages\/47028","targetHints":{"allow":["GET"]}}],"collection":[{"href":"https:\/\/tesla-lighting.cz\/en\/wp-json\/wp\/v2\/pages"}],"about":[{"href":"https:\/\/tesla-lighting.cz\/en\/wp-json\/wp\/v2\/types\/page"}],"author":[{"embeddable":true,"href":"https:\/\/tesla-lighting.cz\/en\/wp-json\/wp\/v2\/users\/11"}],"replies":[{"embeddable":true,"href":"https:\/\/tesla-lighting.cz\/en\/wp-json\/wp\/v2\/comments?post=47028"}],"version-history":[{"count":0,"href":"https:\/\/tesla-lighting.cz\/en\/wp-json\/wp\/v2\/pages\/47028\/revisions"}],"wp:featuredmedia":[{"embeddable":true,"href":"https:\/\/tesla-lighting.cz\/en\/wp-json\/wp\/v2\/media\/45970"}],"wp:attachment":[{"href":"https:\/\/tesla-lighting.cz\/en\/wp-json\/wp\/v2\/media?parent=47028"}],"curies":[{"name":"wp","href":"https:\/\/api.w.org\/{rel}","templated":true}]}}