{"id":45955,"date":"2022-12-22T16:02:44","date_gmt":"2022-12-22T16:02:44","guid":{"rendered":"https:\/\/tesla-eshop.cz\/?page_id=45955"},"modified":"2023-01-30T16:22:07","modified_gmt":"2023-01-30T16:22:07","slug":"sportovni-hala-kostelec-nad-cernymi-lesy","status":"publish","type":"page","link":"https:\/\/tesla-lighting.cz\/en\/sportovni-hala-kostelec-nad-cernymi-lesy\/","title":{"rendered":"Sports hall Kostelec nad \u010cern\u00fdmi lesy"},"content":{"rendered":"\t\t<div data-elementor-type=\"wp-page\" data-elementor-id=\"45955\" class=\"elementor elementor-45955\" data-elementor-post-type=\"page\">\n\t\t\t\t\t\t<section class=\"elementor-section elementor-top-section elementor-element elementor-element-45063b36 elementor-section-content-middle elementor-reverse-mobile elementor-reverse-tablet elementor-section-boxed elementor-section-height-default elementor-section-height-default\" data-id=\"45063b36\" data-element_type=\"section\" data-e-type=\"section\" data-settings=\"{&quot;background_background&quot;:&quot;classic&quot;}\">\n\t\t\t\t\t\t<div class=\"elementor-container elementor-column-gap-no\">\n\t\t\t\t\t<div class=\"elementor-column elementor-col-50 elementor-top-column elementor-element elementor-element-8eec189\" data-id=\"8eec189\" data-element_type=\"column\" data-e-type=\"column\">\n\t\t\t<div class=\"elementor-widget-wrap elementor-element-populated\">\n\t\t\t\t\t\t<div class=\"elementor-element elementor-element-46e22517 elementor-widget elementor-widget-image\" data-id=\"46e22517\" data-element_type=\"widget\" data-e-type=\"widget\" data-widget_type=\"image.default\">\n\t\t\t\t<div class=\"elementor-widget-container\">\n\t\t\t\t\t\t\t\t\t\t\t\t\t\t\t<img fetchpriority=\"high\" decoding=\"async\" width=\"800\" height=\"653\" src=\"https:\/\/tesla-lighting.cz\/wp-content\/uploads\/2022\/12\/spotovnihala_tesla.png\" class=\"attachment-large size-large wp-image-45911\" alt=\"\" srcset=\"https:\/\/tesla-lighting.cz\/wp-content\/uploads\/2022\/12\/spotovnihala_tesla.png 980w, https:\/\/tesla-lighting.cz\/wp-content\/uploads\/2022\/12\/spotovnihala_tesla-300x245.png 300w, https:\/\/tesla-lighting.cz\/wp-content\/uploads\/2022\/12\/spotovnihala_tesla-768x627.png 768w, https:\/\/tesla-lighting.cz\/wp-content\/uploads\/2022\/12\/spotovnihala_tesla-600x490.png 600w\" sizes=\"(max-width: 800px) 100vw, 800px\" \/>\t\t\t\t\t\t\t\t\t\t\t\t\t\t\t<\/div>\n\t\t\t\t<\/div>\n\t\t\t\t\t<\/div>\n\t\t<\/div>\n\t\t\t\t<div class=\"elementor-column elementor-col-50 elementor-top-column elementor-element elementor-element-39bf46d4\" data-id=\"39bf46d4\" data-element_type=\"column\" data-e-type=\"column\">\n\t\t\t<div class=\"elementor-widget-wrap elementor-element-populated\">\n\t\t\t\t\t\t<div class=\"elementor-element elementor-element-2c7cace4 elementor-widget elementor-widget-heading\" data-id=\"2c7cace4\" data-element_type=\"widget\" data-e-type=\"widget\" data-widget_type=\"heading.default\">\n\t\t\t\t<div class=\"elementor-widget-container\">\n\t\t\t\t\t<h1 class=\"elementor-heading-title elementor-size-default\">Sportovn\u00ed hala Kostelec nad \u010c. lesy<\/h1>\t\t\t\t<\/div>\n\t\t\t\t<\/div>\n\t\t\t\t<div class=\"elementor-element elementor-element-36944a60 elementor-widget elementor-widget-text-editor\" data-id=\"36944a60\" data-element_type=\"widget\" data-e-type=\"widget\" data-widget_type=\"text-editor.default\">\n\t\t\t\t<div class=\"elementor-widget-container\">\n\t\t\t\t\t\t\t\t\t<p>V\u00a0roce 2022 jsme realizovali v\u00fdm\u011bnu osv\u011btlen\u00ed v\u00a0multifunk\u010dn\u00ed sportovn\u00ed hale 24 x 46 metr\u016f v\u00a0Kostelci nad \u010cern\u00fdmi Lesy, za\u0159\u00edzenou pro ko\u0161\u00edkovou, florbal, h\u00e1zenou, odb\u00edjenou, tenis, malou kopanou a rekrea\u010dn\u00ed sporty. P\u016fvodn\u011b byla hala osv\u011btlena celkem 28 sv\u00edtidly, konkr\u00e9tn\u011b v\u00fdbojkami, 400 W. Na z\u00e1klad\u011b m\u011b\u0159en\u00ed byla realizov\u00e1na v\u00fdm\u011bna tzv. \u201ekus za kus\u201c a v\u0161echna p\u016fvodn\u00ed sv\u00edtidla tak byla nahrazena 28 LED sv\u00edtidly High Bay, 150 W. Mlad\u00ed sportovci tak mohou tr\u00e9novat v\u00a0optim\u00e1ln\u011b osv\u011btlen\u00fdch prostor\u00e1ch a sou\u010dasn\u011b se \u0161et\u0159\u00ed na energi\u00edch. Celkov\u00e9 \u00faspory na energi\u00edch jsou nyn\u00ed 50 \u2013 60 % a celkov\u00e1 n\u00e1vratnost investice byla 9 m\u011bs\u00edc\u016f.<\/p>\t\t\t\t\t\t\t\t<\/div>\n\t\t\t\t<\/div>\n\t\t\t\t\t<\/div>\n\t\t<\/div>\n\t\t\t\t\t<\/div>\n\t\t<\/section>\n\t\t\t\t<section class=\"elementor-section elementor-top-section elementor-element elementor-element-7c7bcd35 elementor-section-boxed elementor-section-height-default elementor-section-height-default\" data-id=\"7c7bcd35\" data-element_type=\"section\" data-e-type=\"section\">\n\t\t\t\t\t\t<div class=\"elementor-container elementor-column-gap-no\">\n\t\t\t\t\t<div class=\"elementor-column elementor-col-100 elementor-top-column elementor-element elementor-element-79969fa8\" data-id=\"79969fa8\" data-element_type=\"column\" data-e-type=\"column\">\n\t\t\t<div class=\"elementor-widget-wrap elementor-element-populated\">\n\t\t\t\t\t\t<div class=\"elementor-element elementor-element-58db574a elementor-widget elementor-widget-heading\" data-id=\"58db574a\" data-element_type=\"widget\" data-e-type=\"widget\" data-widget_type=\"heading.default\">\n\t\t\t\t<div class=\"elementor-widget-container\">\n\t\t\t\t\t<h2 class=\"elementor-heading-title elementor-size-default\">Napi\u0161te n\u00e1m<\/h2>\t\t\t\t<\/div>\n\t\t\t\t<\/div>\n\t\t\t\t<div class=\"elementor-element elementor-element-144cdc4a elementor-button-align-center elementor-widget elementor-widget-global elementor-global-45360 elementor-widget-form\" data-id=\"144cdc4a\" data-element_type=\"widget\" data-e-type=\"widget\" data-settings=\"{&quot;step_next_label&quot;:&quot;Dal\\u0161\\u00ed&quot;,&quot;step_previous_label&quot;:&quot;P\\u0159edchoz\\u00ed&quot;,&quot;button_width_tablet&quot;:&quot;100&quot;,&quot;button_width&quot;:&quot;100&quot;,&quot;step_type&quot;:&quot;number_text&quot;,&quot;step_icon_shape&quot;:&quot;circle&quot;}\" data-widget_type=\"form.default\">\n\t\t\t\t<div class=\"elementor-widget-container\">\n\t\t\t\t\t\t\t<form class=\"elementor-form\" method=\"post\" name=\"TESLA lighting OBCHOD\" aria-label=\"TESLA lighting OBCHOD\">\n\t\t\t<input type=\"hidden\" name=\"post_id\" value=\"45955\"\/>\n\t\t\t<input type=\"hidden\" name=\"form_id\" value=\"144cdc4a\"\/>\n\t\t\t<input type=\"hidden\" name=\"referer_title\" value=\"Tesla lighting\" \/>\n\n\t\t\t\n\t\t\t<div class=\"elementor-form-fields-wrapper elementor-labels-\">\n\t\t\t\t\t\t\t\t<div class=\"elementor-field-type-text elementor-field-group elementor-column elementor-field-group-name elementor-col-50 elementor-field-required\">\n\t\t\t\t\t\t\t\t\t\t\t\t<label for=\"form-field-name\" class=\"elementor-field-label elementor-screen-only\">\n\t\t\t\t\t\t\t\tJm\u00e9no\t\t\t\t\t\t\t<\/label>\n\t\t\t\t\t\t\t\t\t\t\t\t\t\t<input size=\"1\" type=\"text\" name=\"form_fields[name]\" id=\"form-field-name\" class=\"elementor-field elementor-size-xs  elementor-field-textual\" placeholder=\"Jm\u00e9no\" required=\"required\">\n\t\t\t\t\t\t\t\t\t\t\t<\/div>\n\t\t\t\t\t\t\t\t<div class=\"elementor-field-type-tel elementor-field-group elementor-column elementor-field-group-field_5057311 elementor-col-50 elementor-md-50\">\n\t\t\t\t\t\t\t\t\t\t\t\t<label for=\"form-field-field_5057311\" class=\"elementor-field-label elementor-screen-only\">\n\t\t\t\t\t\t\t\tTel. \u010d\u00edslo\t\t\t\t\t\t\t<\/label>\n\t\t\t\t\t\t\t\t<input size=\"1\" type=\"tel\" name=\"form_fields[field_5057311]\" id=\"form-field-field_5057311\" class=\"elementor-field elementor-size-xs  elementor-field-textual\" placeholder=\"Tel. \u010d\u00edslo\" pattern=\"[0-9()#&amp;+*-=.]+\" title=\"Only numbers and phone characters (#, -, *, etc) are accepted.\">\n\n\t\t\t\t\t\t<\/div>\n\t\t\t\t\t\t\t\t<div class=\"elementor-field-type-email elementor-field-group elementor-column elementor-field-group-email elementor-col-100 elementor-md-50 elementor-field-required\">\n\t\t\t\t\t\t\t\t\t\t\t\t<label for=\"form-field-email\" class=\"elementor-field-label elementor-screen-only\">\n\t\t\t\t\t\t\t\tE-mail\t\t\t\t\t\t\t<\/label>\n\t\t\t\t\t\t\t\t\t\t\t\t\t\t<input size=\"1\" type=\"email\" name=\"form_fields[email]\" id=\"form-field-email\" class=\"elementor-field elementor-size-xs  elementor-field-textual\" placeholder=\"E-mail\" required=\"required\">\n\t\t\t\t\t\t\t\t\t\t\t<\/div>\n\t\t\t\t\t\t\t\t<div class=\"elementor-field-type-textarea elementor-field-group elementor-column elementor-field-group-field_71766c7 elementor-col-100\">\n\t\t\t\t\t\t\t\t\t\t\t\t<label for=\"form-field-field_71766c7\" class=\"elementor-field-label elementor-screen-only\">\n\t\t\t\t\t\t\t\tZpr\u00e1va\t\t\t\t\t\t\t<\/label>\n\t\t\t\t\t\t<textarea class=\"elementor-field-textual elementor-field  elementor-size-xs\" name=\"form_fields[field_71766c7]\" id=\"form-field-field_71766c7\" rows=\"4\" placeholder=\"Zpr\u00e1va\"><\/textarea>\t\t\t\t<\/div>\n\t\t\t\t\t\t\t\t<div class=\"elementor-field-type-acceptance elementor-field-group elementor-column elementor-field-group-field_931bd4a elementor-col-100 elementor-field-required\">\n\t\t\t\t\t\t\t\t\t\t\t\t<label for=\"form-field-field_931bd4a\" class=\"elementor-field-label elementor-screen-only\">\n\t\t\t\t\t\t\t\tcheckbox\t\t\t\t\t\t\t<\/label>\n\t\t\t\t\t\t\t\t<div class=\"elementor-field-subgroup\">\n\t\t\t<span class=\"elementor-field-option\">\n\t\t\t\t<input type=\"checkbox\" name=\"form_fields[field_931bd4a]\" id=\"form-field-field_931bd4a\" class=\"elementor-field elementor-size-xs  elementor-acceptance-field\" required=\"required\" checked=\"checked\">\n\t\t\t\t<label for=\"form-field-field_931bd4a\">Odesl\u00e1n\u00edm formul\u00e1\u0159e souhlas\u00edte se zpracov\u00e1n\u00edm osobn\u00edch \u00fadaj\u016f<\/label>\t\t\t<\/span>\n\t\t<\/div>\n\t\t\t\t\t\t<\/div>\n\t\t\t\t\t\t\t\t<div class=\"elementor-field-type-acceptance elementor-field-group elementor-column elementor-field-group-field_2ff3a79 elementor-col-100\">\n\t\t\t\t\t\t\t<div class=\"elementor-field-subgroup\">\n\t\t\t<span class=\"elementor-field-option\">\n\t\t\t\t<input type=\"checkbox\" name=\"form_fields[field_2ff3a79]\" id=\"form-field-field_2ff3a79\" class=\"elementor-field elementor-size-xs  elementor-acceptance-field\" checked=\"checked\">\n\t\t\t\t<label for=\"form-field-field_2ff3a79\">M\u00e1m z\u00e1jem o odeb\u00edr\u00e1n\u00ed novinek<\/label>\t\t\t<\/span>\n\t\t<\/div>\n\t\t\t\t\t\t<\/div>\n\t\t\t\t\t\t\t\t<div class=\"elementor-field-type-recaptcha elementor-field-group elementor-column elementor-field-group-field_f31eb59 elementor-col-100\">\n\t\t\t\t\t<div class=\"elementor-field\" id=\"form-field-field_f31eb59\"><div class=\"elementor-g-recaptcha\" data-sitekey=\"6Le3wx0kAAAAAMOR4QTPGssmiKT3r5tXtW7CV0xM\" data-type=\"v2_checkbox\" data-theme=\"light\" data-size=\"normal\"><\/div><\/div>\t\t\t\t<\/div>\n\t\t\t\t\t\t\t\t<div class=\"elementor-field-group elementor-column elementor-field-type-submit elementor-col-100 e-form__buttons elementor-md-100\">\n\t\t\t\t\t<button class=\"elementor-button elementor-size-md\" type=\"submit\">\n\t\t\t\t\t\t<span class=\"elementor-button-content-wrapper\">\n\t\t\t\t\t\t\t\t\t\t\t\t\t\t\t\t\t\t\t\t\t\t<span class=\"elementor-button-text\">Odeslat<\/span>\n\t\t\t\t\t\t\t\t\t\t\t\t\t<\/span>\n\t\t\t\t\t<\/button>\n\t\t\t\t<\/div>\n\t\t\t<\/div>\n\t\t<\/form>\n\t\t\t\t\t\t<\/div>\n\t\t\t\t<\/div>\n\t\t\t\t\t<\/div>\n\t\t<\/div>\n\t\t\t\t\t<\/div>\n\t\t<\/section>\n\t\t\t\t<\/div>\n\t\t","protected":false},"excerpt":{"rendered":"<p>Sportovn\u00ed hala Kostelec nad \u010c. lesy V&nbsp;roce 2022 jsme realizovali v\u00fdm\u011bnu osv\u011btlen\u00ed v&nbsp;multifunk\u010dn\u00ed sportovn\u00ed hale 24 x 46 metr\u016f v&nbsp;Kostelci nad \u010cern\u00fdmi Lesy, za\u0159\u00edzenou pro ko\u0161\u00edkovou, florbal, h\u00e1zenou, odb\u00edjenou, tenis, malou kopanou a rekrea\u010dn\u00ed sporty. P\u016fvodn\u011b byla hala osv\u011btlena celkem 28 sv\u00edtidly, konkr\u00e9tn\u011b v\u00fdbojkami, 400 W. Na z\u00e1klad\u011b m\u011b\u0159en\u00ed byla realizov\u00e1na v\u00fdm\u011bna tzv. \u201ekus za [&hellip;]<\/p>\n","protected":false},"author":11,"featured_media":45911,"parent":0,"menu_order":0,"comment_status":"closed","ping_status":"closed","template":"","meta":{"footnotes":""},"class_list":["post-45955","page","type-page","status-publish","has-post-thumbnail","hentry"],"yoast_head":"<!-- This site is optimized with the Yoast SEO plugin v27.4 - https:\/\/yoast.com\/product\/yoast-seo-wordpress\/ -->\n<title>Sportovn\u00ed hala Kostelec nad \u010cern\u00fdmi lesy - Tesla lighting<\/title>\n<meta name=\"description\" content=\"V roce 2022 jsme realizovali v\u00fdm\u011bnu osv\u011btlen\u00ed v multifunk\u010dn\u00ed sportovn\u00ed hale 24 x 46 metr\u016f v Kostelci nad \u010cern\u00fdmi Lesy.\" \/>\n<meta name=\"robots\" content=\"index, follow, max-snippet:-1, max-image-preview:large, max-video-preview:-1\" \/>\n<link rel=\"canonical\" href=\"https:\/\/tesla-lighting.cz\/en\/sportovni-hala-kostelec-nad-cernymi-lesy\/\" \/>\n<meta property=\"og:locale\" content=\"en_US\" \/>\n<meta property=\"og:type\" content=\"article\" \/>\n<meta property=\"og:title\" content=\"Sportovn\u00ed hala Kostelec nad \u010cern\u00fdmi lesy - Tesla lighting\" \/>\n<meta property=\"og:description\" content=\"V roce 2022 jsme realizovali v\u00fdm\u011bnu osv\u011btlen\u00ed v multifunk\u010dn\u00ed sportovn\u00ed hale 24 x 46 metr\u016f v Kostelci nad \u010cern\u00fdmi Lesy.\" \/>\n<meta property=\"og:url\" content=\"https:\/\/tesla-lighting.cz\/en\/sportovni-hala-kostelec-nad-cernymi-lesy\/\" \/>\n<meta property=\"og:site_name\" content=\"Tesla lighting\" \/>\n<meta property=\"article:publisher\" content=\"https:\/\/www.facebook.com\/teslalightingcz\" \/>\n<meta property=\"article:modified_time\" content=\"2023-01-30T16:22:07+00:00\" \/>\n<meta property=\"og:image\" content=\"https:\/\/tesla-lighting.cz\/wp-content\/uploads\/2022\/12\/spotovnihala_tesla.png\" \/>\n\t<meta property=\"og:image:width\" content=\"980\" \/>\n\t<meta property=\"og:image:height\" content=\"800\" \/>\n\t<meta property=\"og:image:type\" content=\"image\/png\" \/>\n<meta name=\"twitter:card\" content=\"summary_large_image\" \/>\n<meta name=\"twitter:label1\" content=\"Est. reading time\" \/>\n\t<meta name=\"twitter:data1\" content=\"1 minute\" \/>\n<script type=\"application\/ld+json\" class=\"yoast-schema-graph\">{\"@context\":\"https:\\\/\\\/schema.org\",\"@graph\":[{\"@type\":\"WebPage\",\"@id\":\"https:\\\/\\\/tesla-lighting.cz\\\/sportovni-hala-kostelec-nad-cernymi-lesy\\\/\",\"url\":\"https:\\\/\\\/tesla-lighting.cz\\\/sportovni-hala-kostelec-nad-cernymi-lesy\\\/\",\"name\":\"Sportovn\u00ed hala Kostelec nad \u010cern\u00fdmi lesy - Tesla lighting\",\"isPartOf\":{\"@id\":\"https:\\\/\\\/tesla-lighting.cz\\\/#website\"},\"primaryImageOfPage\":{\"@id\":\"https:\\\/\\\/tesla-lighting.cz\\\/sportovni-hala-kostelec-nad-cernymi-lesy\\\/#primaryimage\"},\"image\":{\"@id\":\"https:\\\/\\\/tesla-lighting.cz\\\/sportovni-hala-kostelec-nad-cernymi-lesy\\\/#primaryimage\"},\"thumbnailUrl\":\"https:\\\/\\\/tesla-lighting.cz\\\/wp-content\\\/uploads\\\/2022\\\/12\\\/spotovnihala_tesla.png\",\"datePublished\":\"2022-12-22T16:02:44+00:00\",\"dateModified\":\"2023-01-30T16:22:07+00:00\",\"description\":\"V roce 2022 jsme realizovali v\u00fdm\u011bnu osv\u011btlen\u00ed v multifunk\u010dn\u00ed sportovn\u00ed hale 24 x 46 metr\u016f v Kostelci nad \u010cern\u00fdmi Lesy.\",\"breadcrumb\":{\"@id\":\"https:\\\/\\\/tesla-lighting.cz\\\/sportovni-hala-kostelec-nad-cernymi-lesy\\\/#breadcrumb\"},\"inLanguage\":\"en-US\",\"potentialAction\":[{\"@type\":\"ReadAction\",\"target\":[\"https:\\\/\\\/tesla-lighting.cz\\\/sportovni-hala-kostelec-nad-cernymi-lesy\\\/\"]}]},{\"@type\":\"ImageObject\",\"inLanguage\":\"en-US\",\"@id\":\"https:\\\/\\\/tesla-lighting.cz\\\/sportovni-hala-kostelec-nad-cernymi-lesy\\\/#primaryimage\",\"url\":\"https:\\\/\\\/tesla-lighting.cz\\\/wp-content\\\/uploads\\\/2022\\\/12\\\/spotovnihala_tesla.png\",\"contentUrl\":\"https:\\\/\\\/tesla-lighting.cz\\\/wp-content\\\/uploads\\\/2022\\\/12\\\/spotovnihala_tesla.png\",\"width\":980,\"height\":800},{\"@type\":\"BreadcrumbList\",\"@id\":\"https:\\\/\\\/tesla-lighting.cz\\\/sportovni-hala-kostelec-nad-cernymi-lesy\\\/#breadcrumb\",\"itemListElement\":[{\"@type\":\"ListItem\",\"position\":1,\"name\":\"Dom\u016f\",\"item\":\"https:\\\/\\\/tesla-lighting.cz\\\/\"},{\"@type\":\"ListItem\",\"position\":2,\"name\":\"Sportovn\u00ed hala Kostelec nad \u010cern\u00fdmi lesy\"}]},{\"@type\":\"WebSite\",\"@id\":\"https:\\\/\\\/tesla-lighting.cz\\\/#website\",\"url\":\"https:\\\/\\\/tesla-lighting.cz\\\/\",\"name\":\"Tesla lighting\",\"description\":\"Tesla\",\"publisher\":{\"@id\":\"https:\\\/\\\/tesla-lighting.cz\\\/#organization\"},\"potentialAction\":[{\"@type\":\"SearchAction\",\"target\":{\"@type\":\"EntryPoint\",\"urlTemplate\":\"https:\\\/\\\/tesla-lighting.cz\\\/?s={search_term_string}\"},\"query-input\":{\"@type\":\"PropertyValueSpecification\",\"valueRequired\":true,\"valueName\":\"search_term_string\"}}],\"inLanguage\":\"en-US\"},{\"@type\":\"Organization\",\"@id\":\"https:\\\/\\\/tesla-lighting.cz\\\/#organization\",\"name\":\"Tesla lighting\",\"url\":\"https:\\\/\\\/tesla-lighting.cz\\\/\",\"logo\":{\"@type\":\"ImageObject\",\"inLanguage\":\"en-US\",\"@id\":\"https:\\\/\\\/tesla-lighting.cz\\\/#\\\/schema\\\/logo\\\/image\\\/\",\"url\":\"https:\\\/\\\/tesla-lighting.cz\\\/wp-content\\\/uploads\\\/2022\\\/05\\\/TESLA_Lighting_logo.png\",\"contentUrl\":\"https:\\\/\\\/tesla-lighting.cz\\\/wp-content\\\/uploads\\\/2022\\\/05\\\/TESLA_Lighting_logo.png\",\"width\":512,\"height\":251,\"caption\":\"Tesla lighting\"},\"image\":{\"@id\":\"https:\\\/\\\/tesla-lighting.cz\\\/#\\\/schema\\\/logo\\\/image\\\/\"},\"sameAs\":[\"https:\\\/\\\/www.facebook.com\\\/teslalightingcz\",\"https:\\\/\\\/www.instagram.com\\\/teslalightingcz\\\/\",\"https:\\\/\\\/www.linkedin.com\\\/company\\\/tesla-lighting-s-r-o-\\\/\"]}]}<\/script>\n<!-- \/ Yoast SEO plugin. -->","yoast_head_json":{"title":"Sportovn\u00ed hala Kostelec nad \u010cern\u00fdmi lesy - Tesla lighting","description":"V roce 2022 jsme realizovali v\u00fdm\u011bnu osv\u011btlen\u00ed v multifunk\u010dn\u00ed sportovn\u00ed hale 24 x 46 metr\u016f v Kostelci nad \u010cern\u00fdmi Lesy.","robots":{"index":"index","follow":"follow","max-snippet":"max-snippet:-1","max-image-preview":"max-image-preview:large","max-video-preview":"max-video-preview:-1"},"canonical":"https:\/\/tesla-lighting.cz\/en\/sportovni-hala-kostelec-nad-cernymi-lesy\/","og_locale":"en_US","og_type":"article","og_title":"Sportovn\u00ed hala Kostelec nad \u010cern\u00fdmi lesy - Tesla lighting","og_description":"V roce 2022 jsme realizovali v\u00fdm\u011bnu osv\u011btlen\u00ed v multifunk\u010dn\u00ed sportovn\u00ed hale 24 x 46 metr\u016f v Kostelci nad \u010cern\u00fdmi Lesy.","og_url":"https:\/\/tesla-lighting.cz\/en\/sportovni-hala-kostelec-nad-cernymi-lesy\/","og_site_name":"Tesla lighting","article_publisher":"https:\/\/www.facebook.com\/teslalightingcz","article_modified_time":"2023-01-30T16:22:07+00:00","og_image":[{"width":980,"height":800,"url":"https:\/\/tesla-lighting.cz\/wp-content\/uploads\/2022\/12\/spotovnihala_tesla.png","type":"image\/png"}],"twitter_card":"summary_large_image","twitter_misc":{"Est. reading time":"1 minute"},"schema":{"@context":"https:\/\/schema.org","@graph":[{"@type":"WebPage","@id":"https:\/\/tesla-lighting.cz\/sportovni-hala-kostelec-nad-cernymi-lesy\/","url":"https:\/\/tesla-lighting.cz\/sportovni-hala-kostelec-nad-cernymi-lesy\/","name":"Sportovn\u00ed hala Kostelec nad \u010cern\u00fdmi lesy - Tesla lighting","isPartOf":{"@id":"https:\/\/tesla-lighting.cz\/#website"},"primaryImageOfPage":{"@id":"https:\/\/tesla-lighting.cz\/sportovni-hala-kostelec-nad-cernymi-lesy\/#primaryimage"},"image":{"@id":"https:\/\/tesla-lighting.cz\/sportovni-hala-kostelec-nad-cernymi-lesy\/#primaryimage"},"thumbnailUrl":"https:\/\/tesla-lighting.cz\/wp-content\/uploads\/2022\/12\/spotovnihala_tesla.png","datePublished":"2022-12-22T16:02:44+00:00","dateModified":"2023-01-30T16:22:07+00:00","description":"V roce 2022 jsme realizovali v\u00fdm\u011bnu osv\u011btlen\u00ed v multifunk\u010dn\u00ed sportovn\u00ed hale 24 x 46 metr\u016f v Kostelci nad \u010cern\u00fdmi Lesy.","breadcrumb":{"@id":"https:\/\/tesla-lighting.cz\/sportovni-hala-kostelec-nad-cernymi-lesy\/#breadcrumb"},"inLanguage":"en-US","potentialAction":[{"@type":"ReadAction","target":["https:\/\/tesla-lighting.cz\/sportovni-hala-kostelec-nad-cernymi-lesy\/"]}]},{"@type":"ImageObject","inLanguage":"en-US","@id":"https:\/\/tesla-lighting.cz\/sportovni-hala-kostelec-nad-cernymi-lesy\/#primaryimage","url":"https:\/\/tesla-lighting.cz\/wp-content\/uploads\/2022\/12\/spotovnihala_tesla.png","contentUrl":"https:\/\/tesla-lighting.cz\/wp-content\/uploads\/2022\/12\/spotovnihala_tesla.png","width":980,"height":800},{"@type":"BreadcrumbList","@id":"https:\/\/tesla-lighting.cz\/sportovni-hala-kostelec-nad-cernymi-lesy\/#breadcrumb","itemListElement":[{"@type":"ListItem","position":1,"name":"Dom\u016f","item":"https:\/\/tesla-lighting.cz\/"},{"@type":"ListItem","position":2,"name":"Sportovn\u00ed hala Kostelec nad \u010cern\u00fdmi lesy"}]},{"@type":"WebSite","@id":"https:\/\/tesla-lighting.cz\/#website","url":"https:\/\/tesla-lighting.cz\/","name":"Tesla lighting","description":"Tesla","publisher":{"@id":"https:\/\/tesla-lighting.cz\/#organization"},"potentialAction":[{"@type":"SearchAction","target":{"@type":"EntryPoint","urlTemplate":"https:\/\/tesla-lighting.cz\/?s={search_term_string}"},"query-input":{"@type":"PropertyValueSpecification","valueRequired":true,"valueName":"search_term_string"}}],"inLanguage":"en-US"},{"@type":"Organization","@id":"https:\/\/tesla-lighting.cz\/#organization","name":"Tesla lighting","url":"https:\/\/tesla-lighting.cz\/","logo":{"@type":"ImageObject","inLanguage":"en-US","@id":"https:\/\/tesla-lighting.cz\/#\/schema\/logo\/image\/","url":"https:\/\/tesla-lighting.cz\/wp-content\/uploads\/2022\/05\/TESLA_Lighting_logo.png","contentUrl":"https:\/\/tesla-lighting.cz\/wp-content\/uploads\/2022\/05\/TESLA_Lighting_logo.png","width":512,"height":251,"caption":"Tesla lighting"},"image":{"@id":"https:\/\/tesla-lighting.cz\/#\/schema\/logo\/image\/"},"sameAs":["https:\/\/www.facebook.com\/teslalightingcz","https:\/\/www.instagram.com\/teslalightingcz\/","https:\/\/www.linkedin.com\/company\/tesla-lighting-s-r-o-\/"]}]}},"_links":{"self":[{"href":"https:\/\/tesla-lighting.cz\/en\/wp-json\/wp\/v2\/pages\/45955","targetHints":{"allow":["GET"]}}],"collection":[{"href":"https:\/\/tesla-lighting.cz\/en\/wp-json\/wp\/v2\/pages"}],"about":[{"href":"https:\/\/tesla-lighting.cz\/en\/wp-json\/wp\/v2\/types\/page"}],"author":[{"embeddable":true,"href":"https:\/\/tesla-lighting.cz\/en\/wp-json\/wp\/v2\/users\/11"}],"replies":[{"embeddable":true,"href":"https:\/\/tesla-lighting.cz\/en\/wp-json\/wp\/v2\/comments?post=45955"}],"version-history":[{"count":0,"href":"https:\/\/tesla-lighting.cz\/en\/wp-json\/wp\/v2\/pages\/45955\/revisions"}],"wp:featuredmedia":[{"embeddable":true,"href":"https:\/\/tesla-lighting.cz\/en\/wp-json\/wp\/v2\/media\/45911"}],"wp:attachment":[{"href":"https:\/\/tesla-lighting.cz\/en\/wp-json\/wp\/v2\/media?parent=45955"}],"curies":[{"name":"wp","href":"https:\/\/api.w.org\/{rel}","templated":true}]}}