{"id":45908,"date":"2022-12-22T15:37:56","date_gmt":"2022-12-22T15:37:56","guid":{"rendered":"https:\/\/tesla-eshop.cz\/?page_id=45908"},"modified":"2023-01-30T15:32:28","modified_gmt":"2023-01-30T15:32:28","slug":"jepas-s-r-o","status":"publish","type":"page","link":"https:\/\/tesla-lighting.cz\/en\/jepas-s-r-o\/","title":{"rendered":"JEPAS s.r.o."},"content":{"rendered":"\t\t<div data-elementor-type=\"wp-page\" data-elementor-id=\"45908\" class=\"elementor elementor-45908\" data-elementor-post-type=\"page\">\n\t\t\t\t\t\t<section class=\"elementor-section elementor-top-section elementor-element elementor-element-7f1eb804 elementor-section-content-middle elementor-reverse-mobile elementor-reverse-tablet elementor-section-boxed elementor-section-height-default elementor-section-height-default\" data-id=\"7f1eb804\" data-element_type=\"section\" data-e-type=\"section\" data-settings=\"{&quot;background_background&quot;:&quot;classic&quot;}\">\n\t\t\t\t\t\t<div class=\"elementor-container elementor-column-gap-no\">\n\t\t\t\t\t<div class=\"elementor-column elementor-col-50 elementor-top-column elementor-element elementor-element-326209f3\" data-id=\"326209f3\" data-element_type=\"column\" data-e-type=\"column\">\n\t\t\t<div class=\"elementor-widget-wrap elementor-element-populated\">\n\t\t\t\t\t\t<div class=\"elementor-element elementor-element-66b1da4b elementor-widget elementor-widget-image\" data-id=\"66b1da4b\" data-element_type=\"widget\" data-e-type=\"widget\" data-widget_type=\"image.default\">\n\t\t\t\t<div class=\"elementor-widget-container\">\n\t\t\t\t\t\t\t\t\t\t\t\t\t\t\t<img fetchpriority=\"high\" decoding=\"async\" width=\"800\" height=\"653\" src=\"https:\/\/tesla-lighting.cz\/wp-content\/uploads\/2022\/12\/jepas_tesla.png\" class=\"attachment-large size-large wp-image-45914\" alt=\"\" srcset=\"https:\/\/tesla-lighting.cz\/wp-content\/uploads\/2022\/12\/jepas_tesla.png 980w, https:\/\/tesla-lighting.cz\/wp-content\/uploads\/2022\/12\/jepas_tesla-300x245.png 300w, https:\/\/tesla-lighting.cz\/wp-content\/uploads\/2022\/12\/jepas_tesla-768x627.png 768w, https:\/\/tesla-lighting.cz\/wp-content\/uploads\/2022\/12\/jepas_tesla-600x490.png 600w\" sizes=\"(max-width: 800px) 100vw, 800px\" \/>\t\t\t\t\t\t\t\t\t\t\t\t\t\t\t<\/div>\n\t\t\t\t<\/div>\n\t\t\t\t\t<\/div>\n\t\t<\/div>\n\t\t\t\t<div class=\"elementor-column elementor-col-50 elementor-top-column elementor-element elementor-element-1d8764f\" data-id=\"1d8764f\" data-element_type=\"column\" data-e-type=\"column\">\n\t\t\t<div class=\"elementor-widget-wrap elementor-element-populated\">\n\t\t\t\t\t\t<div class=\"elementor-element elementor-element-879031f elementor-widget elementor-widget-heading\" data-id=\"879031f\" data-element_type=\"widget\" data-e-type=\"widget\" data-widget_type=\"heading.default\">\n\t\t\t\t<div class=\"elementor-widget-container\">\n\t\t\t\t\t<h1 class=\"elementor-heading-title elementor-size-default\">JEPAS s.r.o.<\/h1>\t\t\t\t<\/div>\n\t\t\t\t<\/div>\n\t\t\t\t<div class=\"elementor-element elementor-element-13c247a6 elementor-widget elementor-widget-text-editor\" data-id=\"13c247a6\" data-element_type=\"widget\" data-e-type=\"widget\" data-widget_type=\"text-editor.default\">\n\t\t\t\t<div class=\"elementor-widget-container\">\n\t\t\t\t\t\t\t\t\t<p>Na\u0161\u00edm v\u00fdznamn\u00fdm klientem je \u017eateck\u00e1 v\u00fdrobn\u00ed spole\u010dnost Jepas, s. r. o., kter\u00e1 se zab\u00fdv\u00e1 p\u0159esn\u00fdm CNC obr\u00e1b\u011bn\u00edm kov\u016f, v\u00fdrobou v\u00fdkresov\u00fdch d\u00edl\u016f a zak\u00e1zkovou v\u00fdrobou speci\u00e1ln\u00edho spojovac\u00edho materi\u00e1lu pro energetiku a chemick\u00fd pr\u016fmysl. Na\u0161\u00edm LED osv\u011btlen\u00edm jsme vybavili zcela novou halu i kancel\u00e1\u0159sk\u00e9 prostory, v\u010detn\u011b schodi\u0161t\u011b a venkovn\u00edch prostor. Sou\u010d\u00e1st\u00ed komplexn\u00ed nab\u00eddky byla sv\u00edtidla High Bay, Triproof, prachot\u011bsn\u00e1 sv\u00edtidla, LED panely i ve\u0159ejn\u00e9 osv\u011btlen\u00ed.<\/p>\t\t\t\t\t\t\t\t<\/div>\n\t\t\t\t<\/div>\n\t\t\t\t\t<\/div>\n\t\t<\/div>\n\t\t\t\t\t<\/div>\n\t\t<\/section>\n\t\t\t\t<section class=\"elementor-section elementor-top-section elementor-element elementor-element-c679500 elementor-section-boxed elementor-section-height-default elementor-section-height-default\" data-id=\"c679500\" data-element_type=\"section\" data-e-type=\"section\">\n\t\t\t\t\t\t<div class=\"elementor-container elementor-column-gap-no\">\n\t\t\t\t\t<div class=\"elementor-column elementor-col-100 elementor-top-column elementor-element elementor-element-5cc67d0\" data-id=\"5cc67d0\" data-element_type=\"column\" data-e-type=\"column\">\n\t\t\t<div class=\"elementor-widget-wrap elementor-element-populated\">\n\t\t\t\t\t\t<div class=\"elementor-element elementor-element-27966ee6 elementor-widget elementor-widget-heading\" data-id=\"27966ee6\" data-element_type=\"widget\" data-e-type=\"widget\" data-widget_type=\"heading.default\">\n\t\t\t\t<div class=\"elementor-widget-container\">\n\t\t\t\t\t<h2 class=\"elementor-heading-title elementor-size-default\">Napi\u0161te n\u00e1m<\/h2>\t\t\t\t<\/div>\n\t\t\t\t<\/div>\n\t\t\t\t<div class=\"elementor-element elementor-element-3f8a9ccb elementor-button-align-center elementor-widget elementor-widget-global elementor-global-45360 elementor-widget-form\" data-id=\"3f8a9ccb\" data-element_type=\"widget\" data-e-type=\"widget\" data-settings=\"{&quot;step_next_label&quot;:&quot;Dal\\u0161\\u00ed&quot;,&quot;step_previous_label&quot;:&quot;P\\u0159edchoz\\u00ed&quot;,&quot;button_width_tablet&quot;:&quot;100&quot;,&quot;button_width&quot;:&quot;100&quot;,&quot;step_type&quot;:&quot;number_text&quot;,&quot;step_icon_shape&quot;:&quot;circle&quot;}\" data-widget_type=\"form.default\">\n\t\t\t\t<div class=\"elementor-widget-container\">\n\t\t\t\t\t\t\t<form class=\"elementor-form\" method=\"post\" name=\"TESLA lighting OBCHOD\" aria-label=\"TESLA lighting OBCHOD\">\n\t\t\t<input type=\"hidden\" name=\"post_id\" value=\"45908\"\/>\n\t\t\t<input type=\"hidden\" name=\"form_id\" value=\"3f8a9ccb\"\/>\n\t\t\t<input type=\"hidden\" name=\"referer_title\" value=\"\" \/>\n\n\t\t\t\n\t\t\t<div class=\"elementor-form-fields-wrapper elementor-labels-\">\n\t\t\t\t\t\t\t\t<div class=\"elementor-field-type-text elementor-field-group elementor-column elementor-field-group-name elementor-col-50 elementor-field-required\">\n\t\t\t\t\t\t\t\t\t\t\t\t<label for=\"form-field-name\" class=\"elementor-field-label elementor-screen-only\">\n\t\t\t\t\t\t\t\tJm\u00e9no\t\t\t\t\t\t\t<\/label>\n\t\t\t\t\t\t\t\t\t\t\t\t\t\t<input size=\"1\" type=\"text\" name=\"form_fields[name]\" id=\"form-field-name\" class=\"elementor-field elementor-size-xs  elementor-field-textual\" placeholder=\"Jm\u00e9no\" required=\"required\">\n\t\t\t\t\t\t\t\t\t\t\t<\/div>\n\t\t\t\t\t\t\t\t<div class=\"elementor-field-type-tel elementor-field-group elementor-column elementor-field-group-field_5057311 elementor-col-50 elementor-md-50\">\n\t\t\t\t\t\t\t\t\t\t\t\t<label for=\"form-field-field_5057311\" class=\"elementor-field-label elementor-screen-only\">\n\t\t\t\t\t\t\t\tTel. \u010d\u00edslo\t\t\t\t\t\t\t<\/label>\n\t\t\t\t\t\t\t\t<input size=\"1\" type=\"tel\" name=\"form_fields[field_5057311]\" id=\"form-field-field_5057311\" class=\"elementor-field elementor-size-xs  elementor-field-textual\" placeholder=\"Tel. \u010d\u00edslo\" pattern=\"[0-9()#&amp;+*-=.]+\" title=\"Only numbers and phone characters (#, -, *, etc) are accepted.\">\n\n\t\t\t\t\t\t<\/div>\n\t\t\t\t\t\t\t\t<div class=\"elementor-field-type-email elementor-field-group elementor-column elementor-field-group-email elementor-col-100 elementor-md-50 elementor-field-required\">\n\t\t\t\t\t\t\t\t\t\t\t\t<label for=\"form-field-email\" class=\"elementor-field-label elementor-screen-only\">\n\t\t\t\t\t\t\t\tE-mail\t\t\t\t\t\t\t<\/label>\n\t\t\t\t\t\t\t\t\t\t\t\t\t\t<input size=\"1\" type=\"email\" name=\"form_fields[email]\" id=\"form-field-email\" class=\"elementor-field elementor-size-xs  elementor-field-textual\" placeholder=\"E-mail\" required=\"required\">\n\t\t\t\t\t\t\t\t\t\t\t<\/div>\n\t\t\t\t\t\t\t\t<div class=\"elementor-field-type-textarea elementor-field-group elementor-column elementor-field-group-field_71766c7 elementor-col-100\">\n\t\t\t\t\t\t\t\t\t\t\t\t<label for=\"form-field-field_71766c7\" class=\"elementor-field-label elementor-screen-only\">\n\t\t\t\t\t\t\t\tZpr\u00e1va\t\t\t\t\t\t\t<\/label>\n\t\t\t\t\t\t<textarea class=\"elementor-field-textual elementor-field  elementor-size-xs\" name=\"form_fields[field_71766c7]\" id=\"form-field-field_71766c7\" rows=\"4\" placeholder=\"Zpr\u00e1va\"><\/textarea>\t\t\t\t<\/div>\n\t\t\t\t\t\t\t\t<div class=\"elementor-field-type-acceptance elementor-field-group elementor-column elementor-field-group-field_931bd4a elementor-col-100 elementor-field-required\">\n\t\t\t\t\t\t\t\t\t\t\t\t<label for=\"form-field-field_931bd4a\" class=\"elementor-field-label elementor-screen-only\">\n\t\t\t\t\t\t\t\tcheckbox\t\t\t\t\t\t\t<\/label>\n\t\t\t\t\t\t\t\t<div class=\"elementor-field-subgroup\">\n\t\t\t<span class=\"elementor-field-option\">\n\t\t\t\t<input type=\"checkbox\" name=\"form_fields[field_931bd4a]\" id=\"form-field-field_931bd4a\" class=\"elementor-field elementor-size-xs  elementor-acceptance-field\" required=\"required\" checked=\"checked\">\n\t\t\t\t<label for=\"form-field-field_931bd4a\">Odesl\u00e1n\u00edm formul\u00e1\u0159e souhlas\u00edte se zpracov\u00e1n\u00edm osobn\u00edch \u00fadaj\u016f<\/label>\t\t\t<\/span>\n\t\t<\/div>\n\t\t\t\t\t\t<\/div>\n\t\t\t\t\t\t\t\t<div class=\"elementor-field-type-acceptance elementor-field-group elementor-column elementor-field-group-field_2ff3a79 elementor-col-100\">\n\t\t\t\t\t\t\t<div class=\"elementor-field-subgroup\">\n\t\t\t<span class=\"elementor-field-option\">\n\t\t\t\t<input type=\"checkbox\" name=\"form_fields[field_2ff3a79]\" id=\"form-field-field_2ff3a79\" class=\"elementor-field elementor-size-xs  elementor-acceptance-field\" checked=\"checked\">\n\t\t\t\t<label for=\"form-field-field_2ff3a79\">M\u00e1m z\u00e1jem o odeb\u00edr\u00e1n\u00ed novinek<\/label>\t\t\t<\/span>\n\t\t<\/div>\n\t\t\t\t\t\t<\/div>\n\t\t\t\t\t\t\t\t<div class=\"elementor-field-type-recaptcha elementor-field-group elementor-column elementor-field-group-field_f31eb59 elementor-col-100\">\n\t\t\t\t\t<div class=\"elementor-field\" id=\"form-field-field_f31eb59\"><div class=\"elementor-g-recaptcha\" data-sitekey=\"6Le3wx0kAAAAAMOR4QTPGssmiKT3r5tXtW7CV0xM\" data-type=\"v2_checkbox\" data-theme=\"light\" data-size=\"normal\"><\/div><\/div>\t\t\t\t<\/div>\n\t\t\t\t\t\t\t\t<div class=\"elementor-field-group elementor-column elementor-field-type-submit elementor-col-100 e-form__buttons elementor-md-100\">\n\t\t\t\t\t<button class=\"elementor-button elementor-size-md\" type=\"submit\">\n\t\t\t\t\t\t<span class=\"elementor-button-content-wrapper\">\n\t\t\t\t\t\t\t\t\t\t\t\t\t\t\t\t\t\t\t\t\t\t<span class=\"elementor-button-text\">Odeslat<\/span>\n\t\t\t\t\t\t\t\t\t\t\t\t\t<\/span>\n\t\t\t\t\t<\/button>\n\t\t\t\t<\/div>\n\t\t\t<\/div>\n\t\t<\/form>\n\t\t\t\t\t\t<\/div>\n\t\t\t\t<\/div>\n\t\t\t\t\t<\/div>\n\t\t<\/div>\n\t\t\t\t\t<\/div>\n\t\t<\/section>\n\t\t\t\t<\/div>\n\t\t","protected":false},"excerpt":{"rendered":"<p>JEPAS s.r.o. Na\u0161\u00edm v\u00fdznamn\u00fdm klientem je \u017eateck\u00e1 v\u00fdrobn\u00ed spole\u010dnost Jepas, s. r. o., kter\u00e1 se zab\u00fdv\u00e1 p\u0159esn\u00fdm CNC obr\u00e1b\u011bn\u00edm kov\u016f, v\u00fdrobou v\u00fdkresov\u00fdch d\u00edl\u016f a zak\u00e1zkovou v\u00fdrobou speci\u00e1ln\u00edho spojovac\u00edho materi\u00e1lu pro energetiku a chemick\u00fd pr\u016fmysl. Na\u0161\u00edm LED osv\u011btlen\u00edm jsme vybavili zcela novou halu i kancel\u00e1\u0159sk\u00e9 prostory, v\u010detn\u011b schodi\u0161t\u011b a venkovn\u00edch prostor. Sou\u010d\u00e1st\u00ed komplexn\u00ed nab\u00eddky byla sv\u00edtidla [&hellip;]<\/p>\n","protected":false},"author":11,"featured_media":46726,"parent":0,"menu_order":0,"comment_status":"closed","ping_status":"closed","template":"","meta":{"footnotes":""},"class_list":["post-45908","page","type-page","status-publish","has-post-thumbnail","hentry"],"_links":{"self":[{"href":"https:\/\/tesla-lighting.cz\/en\/wp-json\/wp\/v2\/pages\/45908","targetHints":{"allow":["GET"]}}],"collection":[{"href":"https:\/\/tesla-lighting.cz\/en\/wp-json\/wp\/v2\/pages"}],"about":[{"href":"https:\/\/tesla-lighting.cz\/en\/wp-json\/wp\/v2\/types\/page"}],"author":[{"embeddable":true,"href":"https:\/\/tesla-lighting.cz\/en\/wp-json\/wp\/v2\/users\/11"}],"replies":[{"embeddable":true,"href":"https:\/\/tesla-lighting.cz\/en\/wp-json\/wp\/v2\/comments?post=45908"}],"version-history":[{"count":0,"href":"https:\/\/tesla-lighting.cz\/en\/wp-json\/wp\/v2\/pages\/45908\/revisions"}],"wp:featuredmedia":[{"embeddable":true,"href":"https:\/\/tesla-lighting.cz\/en\/wp-json\/wp\/v2\/media\/46726"}],"wp:attachment":[{"href":"https:\/\/tesla-lighting.cz\/en\/wp-json\/wp\/v2\/media?parent=45908"}],"curies":[{"name":"wp","href":"https:\/\/api.w.org\/{rel}","templated":true}]}}