{"id":45093,"date":"2022-11-28T12:35:38","date_gmt":"2022-11-28T12:35:38","guid":{"rendered":"https:\/\/tesla-eshop.cz\/?page_id=45093"},"modified":"2022-11-28T12:46:15","modified_gmt":"2022-11-28T12:46:15","slug":"casto-kladene-otazky","status":"publish","type":"page","link":"https:\/\/tesla-lighting.cz\/en\/casto-kladene-otazky\/","title":{"rendered":"Frequently Asked Questions"},"content":{"rendered":"\t\t<div data-elementor-type=\"wp-page\" data-elementor-id=\"45093\" class=\"elementor elementor-45093\" data-elementor-post-type=\"page\">\n\t\t\t\t\t\t<section class=\"elementor-section elementor-top-section elementor-element elementor-element-1d6cdc73 elementor-section-content-middle elementor-section-boxed elementor-section-height-default elementor-section-height-default\" data-id=\"1d6cdc73\" data-element_type=\"section\" data-e-type=\"section\">\n\t\t\t\t\t\t<div class=\"elementor-container elementor-column-gap-no\">\n\t\t\t\t\t<div class=\"elementor-column elementor-col-100 elementor-top-column elementor-element elementor-element-4da10425\" data-id=\"4da10425\" data-element_type=\"column\" data-e-type=\"column\">\n\t\t\t<div class=\"elementor-widget-wrap elementor-element-populated\">\n\t\t\t\t\t\t<div class=\"elementor-element elementor-element-7b6757cc elementor-widget elementor-widget-heading\" data-id=\"7b6757cc\" data-element_type=\"widget\" data-e-type=\"widget\" data-widget_type=\"heading.default\">\n\t\t\t\t<div class=\"elementor-widget-container\">\n\t\t\t\t\t<h4 class=\"elementor-heading-title elementor-size-default\">FAQ - \u010casto kladen\u00e9 ot\u00e1zky<\/h4>\t\t\t\t<\/div>\n\t\t\t\t<\/div>\n\t\t\t\t<div class=\"elementor-element elementor-element-3b33dc3b elementor-widget elementor-widget-toggle\" data-id=\"3b33dc3b\" data-element_type=\"widget\" data-e-type=\"widget\" data-widget_type=\"toggle.default\">\n\t\t\t\t<div class=\"elementor-widget-container\">\n\t\t\t\t\t\t\t<div class=\"elementor-toggle\">\n\t\t\t\t\t\t\t<div class=\"elementor-toggle-item\">\n\t\t\t\t\t<div id=\"elementor-tab-title-9931\" class=\"elementor-tab-title\" data-tab=\"1\" role=\"button\" aria-controls=\"elementor-tab-content-9931\" aria-expanded=\"false\">\n\t\t\t\t\t\t\t\t\t\t\t\t<span class=\"elementor-toggle-icon elementor-toggle-icon-right\" aria-hidden=\"true\">\n\t\t\t\t\t\t\t\t\t\t\t\t\t\t\t<span class=\"elementor-toggle-icon-closed\"><i class=\"fas fa-caret-right\"><\/i><\/span>\n\t\t\t\t\t\t\t\t<span class=\"elementor-toggle-icon-opened\"><i class=\"elementor-toggle-icon-opened fas fa-caret-up\"><\/i><\/span>\n\t\t\t\t\t\t\t\t\t\t\t\t\t<\/span>\n\t\t\t\t\t\t\t\t\t\t\t\t<a class=\"elementor-toggle-title\" tabindex=\"0\">Jak\u00e9 nap\u00e1jec\u00ed zdroje pou\u017e\u00edt pro LED \u017e\u00e1rovky MR16?<\/a>\n\t\t\t\t\t<\/div>\n\n\t\t\t\t\t<div id=\"elementor-tab-content-9931\" class=\"elementor-tab-content elementor-clearfix\" data-tab=\"1\" role=\"region\" aria-labelledby=\"elementor-tab-title-9931\"><p>LED \u017e\u00e1rovky maj\u00ed jinou konstrukci ne\u017e klasick\u00e9 \u017e\u00e1rovky. Pro jejich bezprobl\u00e9mov\u00fd provoz je doporu\u010deno pou\u017e\u00edt zdroj k tomu ur\u010den\u00fd. Star\u0161\u00ed trafo-zdroje zpravidla nejsou vhodn\u00e9 pro nap\u00e1jen\u00ed t\u011bchto \u017e\u00e1rovek. Zdroje pro LED jsou pom\u011brn\u011b dostupn\u00e9 a i jejich \u00fa\u010dinnost i velikost hraj\u00ed tak\u00e9 jednozna\u010dn\u011b pro v\u00fdm\u011bnu. Pracuj\u00ed se stejnosm\u011brn\u00fdm nap\u011bt\u00edm 12V, v\u00fdkon je t\u0159eba spo\u010d\u00edtat sou\u010dtem v\u0161ech \u017e\u00e1rovek, kter\u00e9 budou s t\u00edmto zdrojem propojeny.<\/p><\/div>\n\t\t\t\t<\/div>\n\t\t\t\t\t\t\t\t<\/div>\n\t\t\t\t\t\t<\/div>\n\t\t\t\t<\/div>\n\t\t\t\t<div class=\"elementor-element elementor-element-6f1d78e2 elementor-widget elementor-widget-toggle\" data-id=\"6f1d78e2\" data-element_type=\"widget\" data-e-type=\"widget\" data-widget_type=\"toggle.default\">\n\t\t\t\t<div class=\"elementor-widget-container\">\n\t\t\t\t\t\t\t<div class=\"elementor-toggle\">\n\t\t\t\t\t\t\t<div class=\"elementor-toggle-item\">\n\t\t\t\t\t<div id=\"elementor-tab-title-1861\" class=\"elementor-tab-title\" data-tab=\"1\" role=\"button\" aria-controls=\"elementor-tab-content-1861\" aria-expanded=\"false\">\n\t\t\t\t\t\t\t\t\t\t\t\t<span class=\"elementor-toggle-icon elementor-toggle-icon-right\" aria-hidden=\"true\">\n\t\t\t\t\t\t\t\t\t\t\t\t\t\t\t<span class=\"elementor-toggle-icon-closed\"><i class=\"fas fa-caret-right\"><\/i><\/span>\n\t\t\t\t\t\t\t\t<span class=\"elementor-toggle-icon-opened\"><i class=\"elementor-toggle-icon-opened fas fa-caret-up\"><\/i><\/span>\n\t\t\t\t\t\t\t\t\t\t\t\t\t<\/span>\n\t\t\t\t\t\t\t\t\t\t\t\t<a class=\"elementor-toggle-title\" tabindex=\"0\">Nakoupil jsme do cel\u00e9ho bytu va\u0161e \u017e\u00e1rovky 350 lm 3000 K - je toto sv\u011btlo sv\u00fdm barevn\u00fdm spektrem zdrav\u00e9, tj. neobsahuje modr\u00e9 sv\u011btlo \u0161kodliv\u00e9 zejm\u00e9na v obdob\u00ed p\u0159ed span\u00edm (naru\u0161uje tvorbu melatoninu a \u0161kod\u00ed \u010dlov\u011bku)? M\u00e1m \u017e\u00e1rovky zvl\u00e1\u0161t\u011b tam, kde jsou d\u011bti a nechci pro n\u011b nic \u0161kodliv\u00e9ho.<\/a>\n\t\t\t\t\t<\/div>\n\n\t\t\t\t\t<div id=\"elementor-tab-content-1861\" class=\"elementor-tab-content elementor-clearfix\" data-tab=\"1\" role=\"region\" aria-labelledby=\"elementor-tab-title-1861\"><p>LED sv\u011bteln\u00e9 zdroje jsou zalo\u017eeny prim\u00e1rn\u011b na emitov\u00e1n\u00ed b\u00edl\u00e9ho sv\u011btla, za co\u017e i t\u00fdm v\u011bdc\u016f z\u00edskal v roce 2014 Nobelovu cenu za fyziku. Barva se u LED sv\u011bteln\u00fdch zdroj\u016f ovliv\u0148uje mno\u017estv\u00edm \u017elut\u00e9ho fosforu, kter\u00fd je um\u00edst\u011bn\u00fd na LED z\u00e1\u0159i\u010d. Dle barvy sv\u011btla (ud\u00e1van\u00e1 hodnota v Kelvinech) se m\u011bn\u00ed jednotliv\u00e9 slo\u017eky vyza\u0159ov\u00e1n\u00ed. Jako p\u0159\u00edklad n\u00ed\u017ee naleznete obr\u00e1zek vyza\u0159ovac\u00ed spektra pro na\u0161\u00ed 4 W \u017e\u00e1rovku v barv\u011b 3000 K.<\/p><p><img fetchpriority=\"high\" decoding=\"async\" class=\"alignnone size-full wp-image-7539\" src=\"http:\/\/www.tesla-lighting.cz\/wp-content\/uploads\/2013\/09\/vyzarovaci-spektrum-4W-3000k.png\" sizes=\"(max-width: 494px) 100vw, 494px\" srcset=\"https:\/\/www.tesla-lighting.cz\/wp-content\/uploads\/2013\/09\/vyzarovaci-spektrum-4W-3000k.png 494w, https:\/\/www.tesla-lighting.cz\/wp-content\/uploads\/2013\/09\/vyzarovaci-spektrum-4W-3000k-300x169.png 300w, https:\/\/www.tesla-lighting.cz\/wp-content\/uploads\/2013\/09\/vyzarovaci-spektrum-4W-3000k-55x31.png 55w, https:\/\/www.tesla-lighting.cz\/wp-content\/uploads\/2013\/09\/vyzarovaci-spektrum-4W-3000k-239x134.png 239w, https:\/\/www.tesla-lighting.cz\/wp-content\/uploads\/2013\/09\/vyzarovaci-spektrum-4W-3000k-482x271.png 482w, https:\/\/www.tesla-lighting.cz\/wp-content\/uploads\/2013\/09\/vyzarovaci-spektrum-4W-3000k-320x180.png 320w\" alt=\"Vyza\u0159ovac\u00ed spektrum 3000K\" width=\"494\" height=\"278\" \/><\/p><p>N\u00ed\u017ee pak vyza\u0159ovac\u00ed spektrum z LED trubice s barvou sv\u011btla 5500 K.<\/p><p><img decoding=\"async\" class=\"alignnone size-full wp-image-7542\" src=\"http:\/\/www.tesla-lighting.cz\/wp-content\/uploads\/2013\/09\/vyzarovaci-spektrum-5000k.png\" sizes=\"(max-width: 498px) 100vw, 498px\" srcset=\"https:\/\/www.tesla-lighting.cz\/wp-content\/uploads\/2013\/09\/vyzarovaci-spektrum-5000k.png 498w, https:\/\/www.tesla-lighting.cz\/wp-content\/uploads\/2013\/09\/vyzarovaci-spektrum-5000k-300x214.png 300w, https:\/\/www.tesla-lighting.cz\/wp-content\/uploads\/2013\/09\/vyzarovaci-spektrum-5000k-55x39.png 55w, https:\/\/www.tesla-lighting.cz\/wp-content\/uploads\/2013\/09\/vyzarovaci-spektrum-5000k-239x170.png 239w, https:\/\/www.tesla-lighting.cz\/wp-content\/uploads\/2013\/09\/vyzarovaci-spektrum-5000k-482x344.png 482w, https:\/\/www.tesla-lighting.cz\/wp-content\/uploads\/2013\/09\/vyzarovaci-spektrum-5000k-320x228.png 320w\" alt=\"Vyza\u0159ovac\u00ed spektrum 5000K\" width=\"498\" height=\"355\" \/><\/p><p>Pov\u0161imn\u011bte si pros\u00edm rozd\u00edlu v modr\u00e9 \u010d\u00e1sti spektra, to je modr\u00e9 sv\u011btlo, kter\u00e9 zmi\u0148ujete.<br \/>LED sv\u011bteln\u00e9 zdroje v barevn\u00e9m rozmez\u00ed 2700 K \u2013 3000 K jsou tedy vhodn\u00e9 i pro uplatn\u011bn\u00ed v lo\u017enic\u00edch. Nav\u00edc se nemus\u00edte b\u00e1t, \u017ee se Va\u0161e d\u011bti o \u017e\u00e1rovky sp\u00e1l\u00ed \u010di budou ohro\u017eeny p\u0159i rozbit\u00ed \u017e\u00e1rovky, proto\u017ee LED zdroje neobsahuj\u00ed \u017e\u00e1dn\u00e9 \u0161kodliv\u00e9 l\u00e1tky.<\/p><\/div>\n\t\t\t\t<\/div>\n\t\t\t\t\t\t\t\t<\/div>\n\t\t\t\t\t\t<\/div>\n\t\t\t\t<\/div>\n\t\t\t\t<div class=\"elementor-element elementor-element-6ee163bc elementor-widget elementor-widget-toggle\" data-id=\"6ee163bc\" data-element_type=\"widget\" data-e-type=\"widget\" data-widget_type=\"toggle.default\">\n\t\t\t\t<div class=\"elementor-widget-container\">\n\t\t\t\t\t\t\t<div class=\"elementor-toggle\">\n\t\t\t\t\t\t\t<div class=\"elementor-toggle-item\">\n\t\t\t\t\t<div id=\"elementor-tab-title-1861\" class=\"elementor-tab-title\" data-tab=\"1\" role=\"button\" aria-controls=\"elementor-tab-content-1861\" aria-expanded=\"false\">\n\t\t\t\t\t\t\t\t\t\t\t\t<span class=\"elementor-toggle-icon elementor-toggle-icon-right\" aria-hidden=\"true\">\n\t\t\t\t\t\t\t\t\t\t\t\t\t\t\t<span class=\"elementor-toggle-icon-closed\"><i class=\"fas fa-caret-right\"><\/i><\/span>\n\t\t\t\t\t\t\t\t<span class=\"elementor-toggle-icon-opened\"><i class=\"elementor-toggle-icon-opened fas fa-caret-up\"><\/i><\/span>\n\t\t\t\t\t\t\t\t\t\t\t\t\t<\/span>\n\t\t\t\t\t\t\t\t\t\t\t\t<a class=\"elementor-toggle-title\" tabindex=\"0\">Koupil jsem n\u011bkolik LED reflektor\u016f (Tesla \u2013 LED \u017e\u00e1rovka MR16, 7W, 12V, 500lm, 100\u00b0, 25.000 hod, 3000K tepl\u00e1 b\u00edl\u00e1, CRI (RA)\u226580). Nikde na str\u00e1nk\u00e1ch, ani na v\u00fdrobku jsem nena\u0161el specifikaci nap\u00e1jen\u00ed, je tam jen 12V, ale chyb\u00ed z\u00e1kladn\u00ed \u00fadaj zda stejnosm\u011brn\u00e9, nebo st\u0159\u00eddav\u00e9, p\u0159\u00edpadn\u011b jakou frekvenci m\u016f\u017ee m\u00edt st\u0159\u00edda\u010d? Lze nap\u0159. pou\u017e\u00edt elektronick\u00e9 transform\u00e1tory p\u016fvodn\u011b instalovan\u00e9 pro halogeny? V m\u00e9m p\u0159\u00edpad\u011b n\u011bkter\u00e9 funguj\u00ed, u jin\u00fdch ledky blikaj\u00ed hned po zapnut\u00ed a u jin\u00fdch blikaj\u00ed ob\u010das t\u0159eba a\u017e po n\u011bkolika minut\u00e1ch provozu.<\/a>\n\t\t\t\t\t<\/div>\n\n\t\t\t\t\t<div id=\"elementor-tab-content-1861\" class=\"elementor-tab-content elementor-clearfix\" data-tab=\"1\" role=\"region\" aria-labelledby=\"elementor-tab-title-1861\"><p>LED \u017e\u00e1rovky maj\u00ed jinou konstrukci ne\u017e klasick\u00e9 \u017e\u00e1rovky. Pro jejich bezprobl\u00e9mov\u00fd provoz je doporu\u010den\u00e9 pou\u017e\u00edt zdroj k tomu ur\u010den\u00fd. Star\u0161\u00ed trafo-zdroje zpravidla nejsou vhodn\u00e9 pro nap\u00e1jen\u00ed t\u011bchto \u017e\u00e1rovek. Vzhledem k tomu, \u017ee jsou pom\u011brn\u011b dostupn\u00e9 a i jejich \u00fa\u010dinnost i velikost hraj\u00ed tak\u00e9 jednozna\u010dn\u011b pro v\u00fdm\u011bnu. Jedn\u00e1 se o stejnosm\u011brn\u00e9 nap\u011bt\u00ed 12V, v\u00fdkon je t\u0159eba spo\u010d\u00edtat sou\u010dtem v\u0161ech \u017e\u00e1rovek, kter\u00e9 budou s t\u00edmto propojeny.<\/p><\/div>\n\t\t\t\t<\/div>\n\t\t\t\t\t\t\t\t<\/div>\n\t\t\t\t\t\t<\/div>\n\t\t\t\t<\/div>\n\t\t\t\t<div class=\"elementor-element elementor-element-55acab18 elementor-widget elementor-widget-toggle\" data-id=\"55acab18\" data-element_type=\"widget\" data-e-type=\"widget\" data-widget_type=\"toggle.default\">\n\t\t\t\t<div class=\"elementor-widget-container\">\n\t\t\t\t\t\t\t<div class=\"elementor-toggle\">\n\t\t\t\t\t\t\t<div class=\"elementor-toggle-item\">\n\t\t\t\t\t<div id=\"elementor-tab-title-1431\" class=\"elementor-tab-title\" data-tab=\"1\" role=\"button\" aria-controls=\"elementor-tab-content-1431\" aria-expanded=\"false\">\n\t\t\t\t\t\t\t\t\t\t\t\t<span class=\"elementor-toggle-icon elementor-toggle-icon-right\" aria-hidden=\"true\">\n\t\t\t\t\t\t\t\t\t\t\t\t\t\t\t<span class=\"elementor-toggle-icon-closed\"><i class=\"fas fa-caret-right\"><\/i><\/span>\n\t\t\t\t\t\t\t\t<span class=\"elementor-toggle-icon-opened\"><i class=\"elementor-toggle-icon-opened fas fa-caret-up\"><\/i><\/span>\n\t\t\t\t\t\t\t\t\t\t\t\t\t<\/span>\n\t\t\t\t\t\t\t\t\t\t\t\t<a class=\"elementor-toggle-title\" tabindex=\"0\">Koupil jsem led \u017e\u00e1rovky Tesla s paticemi e27 a gu10 do cel\u00e9ho domu na z\u00e1klad\u011b informac\u00ed z va\u0161eho webu o znovuzah\u00e1jen\u00ed v\u00fdroby v Hole\u0161ovic\u00edch a p\u0159edpokl\u00e1dal jsem, \u017ee \u017e\u00e1rovky budou tedy vyrobeny v \u010cesk\u00e9 republice i za vy\u0161\u0161i po\u0159izovac\u00ed cenu. Po vyzvednut\u00ed jsem v\u0161ak z obal\u016f zjistil, \u017ee jsou v\u0161echny vyrobeny v \u010c\u00edn\u011b. \u010c\u00ednsk\u00e9 v\u00fdrobky, kter\u00e9 nepodl\u00e9haj\u00ed evropsk\u00e9 kontrole nekupuji, proto v\u00e1s pros\u00edm o zasl\u00e1n\u00ed kopie n\u011bjak\u00e9ho protokolu o shod\u011b, \u010di testovac\u00edch protokol\u016f od seri\u00f3zn\u00edch laborato\u0159\u00ed, \u017ee jsou led \u017e\u00e1rovky se zna\u010dkou Tesla bezpe\u010dn\u00e9 a nemohou se z nich uvol\u0148ovat n\u011bjak\u00e9 \u0161kodliv\u00e9 l\u00e1tky.<\/a>\n\t\t\t\t\t<\/div>\n\n\t\t\t\t\t<div id=\"elementor-tab-content-1431\" class=\"elementor-tab-content elementor-clearfix\" data-tab=\"1\" role=\"region\" aria-labelledby=\"elementor-tab-title-1431\"><p>V sou\u010dasnosti se cel\u00e9 produktov\u00e9 portfolio zna\u010dky TESLA Lighting vyr\u00e1b\u00ed pod p\u0159\u00edsnou systematickou kontrolou v p\u0159edem prov\u011b\u0159en\u00fdch tov\u00e1rn\u00e1ch v Portugalsku a \u010c\u00edn\u011b, p\u0159esn\u011b jak uv\u00e1d\u00edme na na\u0161em webu tesla-lighting.cz. V\u00fdvoj technologi\u00ed i designu prob\u00edh\u00e1 v \u010cR v s\u00eddle p\u016fvodn\u00ed TESLA v Hole\u0161ovic\u00edch. Nicm\u00e9n\u011b bychom r\u00e1di vr\u00e1tili i v\u00fdrobu do \u010cR a usilovn\u011b hled\u00e1me \u0159e\u0161en\u00ed tak, aby na\u0161e v\u00fdrobky byly konkurenceschopn\u00e9 i cenov\u011b.<\/p><p>V\u0161echny na\u0161e prod\u00e1van\u00e9 v\u00fdrobky maj\u00ed osv\u011bd\u010den\u00ed o mo\u017enosti prodeje v EU, a proto V\u00e1s uji\u0161\u0165ujeme, \u017ee TESLA Lighting produkty neobsahuj\u00ed V\u00e1mi uv\u00e1d\u011bn\u00e9 \u0161kodliv\u00e9 l\u00e1tky.<\/p><\/div>\n\t\t\t\t<\/div>\n\t\t\t\t\t\t\t\t<\/div>\n\t\t\t\t\t\t<\/div>\n\t\t\t\t<\/div>\n\t\t\t\t\t<\/div>\n\t\t<\/div>\n\t\t\t\t\t<\/div>\n\t\t<\/section>\n\t\t\t\t<section class=\"elementor-section elementor-top-section elementor-element elementor-element-71c2ff74 elementor-section-boxed elementor-section-height-default elementor-section-height-default\" data-id=\"71c2ff74\" data-element_type=\"section\" data-e-type=\"section\">\n\t\t\t\t\t\t<div class=\"elementor-container elementor-column-gap-no\">\n\t\t\t\t\t<div class=\"elementor-column elementor-col-100 elementor-top-column elementor-element elementor-element-69fea387\" data-id=\"69fea387\" data-element_type=\"column\" data-e-type=\"column\">\n\t\t\t<div class=\"elementor-widget-wrap elementor-element-populated\">\n\t\t\t\t\t\t<div class=\"elementor-element elementor-element-69db1d27 elementor-widget elementor-widget-heading\" data-id=\"69db1d27\" data-element_type=\"widget\" data-e-type=\"widget\" data-widget_type=\"heading.default\">\n\t\t\t\t<div class=\"elementor-widget-container\">\n\t\t\t\t\t<h2 class=\"elementor-heading-title elementor-size-default\">Pot\u0159ebujete poradit<\/h2>\t\t\t\t<\/div>\n\t\t\t\t<\/div>\n\t\t\t\t<div class=\"elementor-element elementor-element-477ff3c0 elementor-button-align-center elementor-widget elementor-widget-form\" data-id=\"477ff3c0\" data-element_type=\"widget\" data-e-type=\"widget\" data-settings=\"{&quot;step_next_label&quot;:&quot;Dal\\u0161\\u00ed&quot;,&quot;step_previous_label&quot;:&quot;P\\u0159edchoz\\u00ed&quot;,&quot;button_width_tablet&quot;:&quot;100&quot;,&quot;button_width&quot;:&quot;100&quot;,&quot;step_type&quot;:&quot;number_text&quot;,&quot;step_icon_shape&quot;:&quot;circle&quot;}\" data-widget_type=\"form.default\">\n\t\t\t\t<div class=\"elementor-widget-container\">\n\t\t\t\t\t\t\t<form class=\"elementor-form\" method=\"post\" name=\"Contact Form\" aria-label=\"Contact Form\">\n\t\t\t<input type=\"hidden\" name=\"post_id\" value=\"45093\"\/>\n\t\t\t<input type=\"hidden\" name=\"form_id\" value=\"477ff3c0\"\/>\n\t\t\t<input type=\"hidden\" name=\"referer_title\" value=\"\u010casto kladen\u00e9 ot\u00e1zky\" \/>\n\n\t\t\t\t\t\t\t<input type=\"hidden\" name=\"queried_id\" value=\"45093\"\/>\n\t\t\t\n\t\t\t<div class=\"elementor-form-fields-wrapper elementor-labels-\">\n\t\t\t\t\t\t\t\t<div class=\"elementor-field-type-text elementor-field-group elementor-column elementor-field-group-name elementor-col-50 elementor-field-required\">\n\t\t\t\t\t\t\t\t\t\t\t\t<label for=\"form-field-name\" class=\"elementor-field-label elementor-screen-only\">\n\t\t\t\t\t\t\t\tJm\u00e9no\t\t\t\t\t\t\t<\/label>\n\t\t\t\t\t\t\t\t\t\t\t\t\t\t<input size=\"1\" type=\"text\" name=\"form_fields[name]\" id=\"form-field-name\" class=\"elementor-field elementor-size-md  elementor-field-textual\" placeholder=\"Jm\u00e9no\" required=\"required\">\n\t\t\t\t\t\t\t\t\t\t\t<\/div>\n\t\t\t\t\t\t\t\t<div class=\"elementor-field-type-tel elementor-field-group elementor-column elementor-field-group-field_5057311 elementor-col-50 elementor-md-50\">\n\t\t\t\t\t\t\t\t\t\t\t\t<label for=\"form-field-field_5057311\" class=\"elementor-field-label elementor-screen-only\">\n\t\t\t\t\t\t\t\tTel. \u010d\u00edslo\t\t\t\t\t\t\t<\/label>\n\t\t\t\t\t\t\t\t<input size=\"1\" type=\"tel\" name=\"form_fields[field_5057311]\" id=\"form-field-field_5057311\" class=\"elementor-field elementor-size-md  elementor-field-textual\" placeholder=\"Tel. \u010d\u00edslo\" pattern=\"[0-9()#&amp;+*-=.]+\" title=\"Akceptov\u00e1ny jsou pouze \u010d\u00edsla a telefonn\u00ed znaky (#, -, * atd.).\">\n\n\t\t\t\t\t\t<\/div>\n\t\t\t\t\t\t\t\t<div class=\"elementor-field-type-email elementor-field-group elementor-column elementor-field-group-email elementor-col-100 elementor-md-50 elementor-field-required\">\n\t\t\t\t\t\t\t\t\t\t\t\t<label for=\"form-field-email\" class=\"elementor-field-label elementor-screen-only\">\n\t\t\t\t\t\t\t\tE-mail\t\t\t\t\t\t\t<\/label>\n\t\t\t\t\t\t\t\t\t\t\t\t\t\t<input size=\"1\" type=\"email\" name=\"form_fields[email]\" id=\"form-field-email\" class=\"elementor-field elementor-size-md  elementor-field-textual\" placeholder=\"E-mail\" required=\"required\">\n\t\t\t\t\t\t\t\t\t\t\t<\/div>\n\t\t\t\t\t\t\t\t<div class=\"elementor-field-type-textarea elementor-field-group elementor-column elementor-field-group-field_71766c7 elementor-col-100\">\n\t\t\t\t\t\t\t\t\t\t\t\t<label for=\"form-field-field_71766c7\" class=\"elementor-field-label elementor-screen-only\">\n\t\t\t\t\t\t\t\tZpr\u00e1va\t\t\t\t\t\t\t<\/label>\n\t\t\t\t\t\t<textarea class=\"elementor-field-textual elementor-field  elementor-size-md\" name=\"form_fields[field_71766c7]\" id=\"form-field-field_71766c7\" rows=\"4\" placeholder=\"Zpr\u00e1va\"><\/textarea>\t\t\t\t<\/div>\n\t\t\t\t\t\t\t\t<div class=\"elementor-field-group elementor-column elementor-field-type-submit elementor-col-100 e-form__buttons elementor-md-100\">\n\t\t\t\t\t<button class=\"elementor-button elementor-size-md\" type=\"submit\">\n\t\t\t\t\t\t<span class=\"elementor-button-content-wrapper\">\n\t\t\t\t\t\t\t\t\t\t\t\t\t\t\t\t\t\t\t\t\t\t<span class=\"elementor-button-text\">Odeslat<\/span>\n\t\t\t\t\t\t\t\t\t\t\t\t\t<\/span>\n\t\t\t\t\t<\/button>\n\t\t\t\t<\/div>\n\t\t\t<\/div>\n\t\t<\/form>\n\t\t\t\t\t\t<\/div>\n\t\t\t\t<\/div>\n\t\t\t\t\t<\/div>\n\t\t<\/div>\n\t\t\t\t\t<\/div>\n\t\t<\/section>\n\t\t\t\t<\/div>\n\t\t","protected":false},"excerpt":{"rendered":"<p>FAQ &#8211; \u010casto kladen\u00e9 ot\u00e1zky Jak\u00e9 nap\u00e1jec\u00ed zdroje pou\u017e\u00edt pro LED \u017e\u00e1rovky MR16? LED \u017e\u00e1rovky maj\u00ed jinou konstrukci ne\u017e klasick\u00e9 \u017e\u00e1rovky. Pro jejich bezprobl\u00e9mov\u00fd provoz je doporu\u010deno pou\u017e\u00edt zdroj k tomu ur\u010den\u00fd. Star\u0161\u00ed trafo-zdroje zpravidla nejsou vhodn\u00e9 pro nap\u00e1jen\u00ed t\u011bchto \u017e\u00e1rovek. Zdroje pro LED jsou pom\u011brn\u011b dostupn\u00e9 a i jejich \u00fa\u010dinnost i velikost hraj\u00ed tak\u00e9 [&hellip;]<\/p>\n","protected":false},"author":11,"featured_media":0,"parent":0,"menu_order":0,"comment_status":"closed","ping_status":"closed","template":"","meta":{"footnotes":""},"class_list":["post-45093","page","type-page","status-publish","hentry"],"_links":{"self":[{"href":"https:\/\/tesla-lighting.cz\/en\/wp-json\/wp\/v2\/pages\/45093","targetHints":{"allow":["GET"]}}],"collection":[{"href":"https:\/\/tesla-lighting.cz\/en\/wp-json\/wp\/v2\/pages"}],"about":[{"href":"https:\/\/tesla-lighting.cz\/en\/wp-json\/wp\/v2\/types\/page"}],"author":[{"embeddable":true,"href":"https:\/\/tesla-lighting.cz\/en\/wp-json\/wp\/v2\/users\/11"}],"replies":[{"embeddable":true,"href":"https:\/\/tesla-lighting.cz\/en\/wp-json\/wp\/v2\/comments?post=45093"}],"version-history":[{"count":0,"href":"https:\/\/tesla-lighting.cz\/en\/wp-json\/wp\/v2\/pages\/45093\/revisions"}],"wp:attachment":[{"href":"https:\/\/tesla-lighting.cz\/en\/wp-json\/wp\/v2\/media?parent=45093"}],"curies":[{"name":"wp","href":"https:\/\/api.w.org\/{rel}","templated":true}]}}