{"id":44802,"date":"2022-11-28T11:19:20","date_gmt":"2022-11-28T11:19:20","guid":{"rendered":"https:\/\/tesla-eshop.cz\/?page_id=44802"},"modified":"2025-08-07T12:32:02","modified_gmt":"2025-08-07T12:32:02","slug":"kariera","status":"publish","type":"page","link":"https:\/\/tesla-lighting.cz\/en\/kariera\/","title":{"rendered":"Careers"},"content":{"rendered":"<div data-elementor-type=\"wp-page\" data-elementor-id=\"44802\" class=\"elementor elementor-44802\" data-elementor-post-type=\"page\">\n\t\t\t\t\t\t<section class=\"elementor-section elementor-top-section elementor-element elementor-element-42ac3406 elementor-section-content-middle elementor-reverse-mobile elementor-reverse-tablet elementor-section-boxed elementor-section-height-default elementor-section-height-default\" data-id=\"42ac3406\" data-element_type=\"section\" data-e-type=\"section\" data-settings=\"{&quot;background_background&quot;:&quot;classic&quot;}\">\n\t\t\t\t\t\t<div class=\"elementor-container elementor-column-gap-no\">\n\t\t\t\t\t<div class=\"elementor-column elementor-col-50 elementor-top-column elementor-element elementor-element-72c4c6e5\" data-id=\"72c4c6e5\" data-element_type=\"column\" data-e-type=\"column\">\n\t\t\t<div class=\"elementor-widget-wrap elementor-element-populated\">\n\t\t\t\t\t\t<div class=\"elementor-element elementor-element-3d212bd6 elementor-widget elementor-widget-image\" data-id=\"3d212bd6\" data-element_type=\"widget\" data-e-type=\"widget\" data-widget_type=\"image.default\">\n\t\t\t\t<div class=\"elementor-widget-container\">\n\t\t\t\t\t\t\t\t\t\t\t\t\t\t\t<img fetchpriority=\"high\" decoding=\"async\" width=\"800\" height=\"653\" src=\"https:\/\/tesla-lighting.cz\/wp-content\/uploads\/2022\/11\/historie2.png\" class=\"attachment-large size-large wp-image-44733\" alt=\"\" srcset=\"https:\/\/tesla-lighting.cz\/wp-content\/uploads\/2022\/11\/historie2.png 980w, https:\/\/tesla-lighting.cz\/wp-content\/uploads\/2022\/11\/historie2-300x245.png 300w, https:\/\/tesla-lighting.cz\/wp-content\/uploads\/2022\/11\/historie2-768x627.png 768w, https:\/\/tesla-lighting.cz\/wp-content\/uploads\/2022\/11\/historie2-600x490.png 600w\" sizes=\"(max-width: 800px) 100vw, 800px\" \/>\t\t\t\t\t\t\t\t\t\t\t\t\t\t\t<\/div>\n\t\t\t\t<\/div>\n\t\t\t\t\t<\/div>\n\t\t<\/div>\n\t\t\t\t<div class=\"elementor-column elementor-col-50 elementor-top-column elementor-element elementor-element-2ea3ba8d\" data-id=\"2ea3ba8d\" data-element_type=\"column\" data-e-type=\"column\">\n\t\t\t<div class=\"elementor-widget-wrap elementor-element-populated\">\n\t\t\t\t\t\t<div class=\"elementor-element elementor-element-7fb7764a elementor-widget elementor-widget-heading\" data-id=\"7fb7764a\" data-element_type=\"widget\" data-e-type=\"widget\" data-widget_type=\"heading.default\">\n\t\t\t\t<div class=\"elementor-widget-container\">\n\t\t\t\t\t<h1 class=\"elementor-heading-title elementor-size-default\">Who is TESLA lighting?<\/h1>\t\t\t\t<\/div>\n\t\t\t\t<\/div>\n\t\t\t\t<div class=\"elementor-element elementor-element-6c0d1fb9 elementor-widget elementor-widget-text-editor\" data-id=\"6c0d1fb9\" data-element_type=\"widget\" data-e-type=\"widget\" data-widget_type=\"text-editor.default\">\n\t\t\t\t<div class=\"elementor-widget-container\">\n\t\t\t\t\t\t\t\t\t<p>TESLA lighting is a traditional Czech brand and a Czech company known worldwide as a leading supplier of light sources and lighting for all segments of family and professional life.<\/p><p>We work as hard as possible on innovation and quality - all our lights undergo a series of measurements in our own laboratories to ensure that only the highest quality light reaches our customers.<\/p><p>Tesla Lighting is part of the <a href=\"https:\/\/www.fwgatlantiso.eu\/\" target=\"_blank\" rel=\"noopener\">FWG Atlantis<\/a>.<\/p>\t\t\t\t\t\t\t\t<\/div>\n\t\t\t\t<\/div>\n\t\t\t\t\t<\/div>\n\t\t<\/div>\n\t\t\t\t\t<\/div>\n\t\t<\/section>\n\t\t\t\t<section class=\"elementor-section elementor-top-section elementor-element elementor-element-d6009a4 elementor-section-content-middle elementor-hidden-tablet elementor-hidden-mobile elementor-section-boxed elementor-section-height-default elementor-section-height-default\" data-id=\"d6009a4\" data-element_type=\"section\" data-e-type=\"section\">\n\t\t\t\t\t\t<div class=\"elementor-container elementor-column-gap-no\">\n\t\t\t\t\t<div class=\"elementor-column elementor-col-100 elementor-top-column elementor-element elementor-element-35e6f73\" data-id=\"35e6f73\" data-element_type=\"column\" data-e-type=\"column\">\n\t\t\t<div class=\"elementor-widget-wrap elementor-element-populated\">\n\t\t\t\t\t\t<div class=\"elementor-element elementor-element-0c59735 elementor-widget elementor-widget-heading\" data-id=\"0c59735\" data-element_type=\"widget\" data-e-type=\"widget\" data-widget_type=\"heading.default\">\n\t\t\t\t<div class=\"elementor-widget-container\">\n\t\t\t\t\t<h4 class=\"elementor-heading-title elementor-size-default\"><span style=\"font-family: Helvetica, sans-serif;font-size: 20px\">Open positions<\/span><\/h4>\t\t\t\t<\/div>\n\t\t\t\t<\/div>\n\t\t\t\t<section class=\"elementor-section elementor-inner-section elementor-element elementor-element-a891ad8 elementor-section-boxed elementor-section-height-default elementor-section-height-default\" data-id=\"a891ad8\" data-element_type=\"section\" data-e-type=\"section\">\n\t\t\t\t\t\t<div class=\"elementor-container elementor-column-gap-default\">\n\t\t\t\t\t<div class=\"elementor-column elementor-col-100 elementor-inner-column elementor-element elementor-element-8adfec9\" data-id=\"8adfec9\" data-element_type=\"column\" data-e-type=\"column\">\n\t\t\t<div class=\"elementor-widget-wrap elementor-element-populated\">\n\t\t\t\t\t\t<div class=\"elementor-element elementor-element-6fa1e1e elementor-widget elementor-widget-heading\" data-id=\"6fa1e1e\" data-element_type=\"widget\" data-e-type=\"widget\" data-widget_type=\"heading.default\">\n\t\t\t\t<div class=\"elementor-widget-container\">\n\t\t\t\t\t<h2 class=\"elementor-heading-title elementor-size-default\">ACCOUNT MANAGER - industrial and LED lighting<\/h2>\t\t\t\t<\/div>\n\t\t\t\t<\/div>\n\t\t\t\t<div class=\"elementor-element elementor-element-58050b3 elementor-widget elementor-widget-button\" data-id=\"58050b3\" data-element_type=\"widget\" data-e-type=\"widget\" data-widget_type=\"button.default\">\n\t\t\t\t<div class=\"elementor-widget-container\">\n\t\t\t\t\t\t\t\t\t<div class=\"elementor-button-wrapper\">\n\t\t\t\t\t<a class=\"elementor-button elementor-button-link elementor-size-sm\" href=\"https:\/\/tesla-lighting.cz\/en\/kariera\/account-manager-prumyslove-a-led-osvetleni\/\">\n\t\t\t\t\t\t<span class=\"elementor-button-content-wrapper\">\n\t\t\t\t\t\t\t\t\t<span class=\"elementor-button-text\">More information<\/span>\n\t\t\t\t\t<\/span>\n\t\t\t\t\t<\/a>\n\t\t\t\t<\/div>\n\t\t\t\t\t\t\t\t<\/div>\n\t\t\t\t<\/div>\n\t\t\t\t\t<\/div>\n\t\t<\/div>\n\t\t\t\t\t<\/div>\n\t\t<\/section>\n\t\t\t\t\t<\/div>\n\t\t<\/div>\n\t\t\t\t\t<\/div>\n\t\t<\/section>\n\t\t\t\t<section class=\"elementor-section elementor-top-section elementor-element elementor-element-6c31a22 elementor-section-content-middle elementor-hidden-desktop elementor-section-boxed elementor-section-height-default elementor-section-height-default\" data-id=\"6c31a22\" data-element_type=\"section\" data-e-type=\"section\">\n\t\t\t\t\t\t<div class=\"elementor-container elementor-column-gap-no\">\n\t\t\t\t\t<div class=\"elementor-column elementor-col-100 elementor-top-column elementor-element elementor-element-352c6c05\" data-id=\"352c6c05\" data-element_type=\"column\" data-e-type=\"column\">\n\t\t\t<div class=\"elementor-widget-wrap elementor-element-populated\">\n\t\t\t\t\t\t<div class=\"elementor-element elementor-element-730481e8 elementor-widget elementor-widget-heading\" data-id=\"730481e8\" data-element_type=\"widget\" data-e-type=\"widget\" data-widget_type=\"heading.default\">\n\t\t\t\t<div class=\"elementor-widget-container\">\n\t\t\t\t\t<h4 class=\"elementor-heading-title elementor-size-default\"><span style=\"font-family: helvetica, sans-serif;font-size: 20px\">Why work for Tesla?<\/span><\/h4>\t\t\t\t<\/div>\n\t\t\t\t<\/div>\n\t\t\t\t<div class=\"elementor-element elementor-element-422ace18 elementor-widget-divider--view-line elementor-widget elementor-widget-divider\" data-id=\"422ace18\" data-element_type=\"widget\" data-e-type=\"widget\" data-widget_type=\"divider.default\">\n\t\t\t\t<div class=\"elementor-widget-container\">\n\t\t\t\t\t\t\t<div class=\"elementor-divider\">\n\t\t\t<span class=\"elementor-divider-separator\">\n\t\t\t\t\t\t<\/span>\n\t\t<\/div>\n\t\t\t\t\t\t<\/div>\n\t\t\t\t<\/div>\n\t\t\t\t<div class=\"elementor-element elementor-element-4a11a3b5 elementor-widget elementor-widget-text-editor\" data-id=\"4a11a3b5\" data-element_type=\"widget\" data-e-type=\"widget\" data-widget_type=\"text-editor.default\">\n\t\t\t\t<div class=\"elementor-widget-container\">\n\t\t\t\t\t\t\t\t\t<p>Tesla Lighting is a family-owned company where every employee's opinion is very important. The work of the individual is always visible and moves the company forward. We are not corporate and bureaucracy has no place in our company. We are flexible, we agree on everything important and respect the balance between work and family life. We are agile, responding to the changing market environment, which allows us to learn new things and constantly innovate. The environment is suitable for both the seasoned and those just coming for experience. Tesla is a unique place to grow in your career - the possibilities are almost limitless.<\/p><p>We have hundreds of successful projects under our belt and a stable clientele across the country. We stand behind our products and continue to innovate to stay relevant in the market.<\/p><p><strong><em>T<\/em><em> - <\/em><\/strong><em>Teamwork<\/em><\/p><p><strong><em>E - <\/em><\/strong><em>Efficiency<\/em><\/p><p><strong><em>S - <\/em><\/strong><em>Stability<\/em><\/p><p><strong><em>L - <\/em><\/strong><em>Humanity<\/em><\/p><p><strong><em>A - <\/em><\/strong><em>Agility<\/em><\/p>\t\t\t\t\t\t\t\t<\/div>\n\t\t\t\t<\/div>\n\t\t\t\t\t<\/div>\n\t\t<\/div>\n\t\t\t\t\t<\/div>\n\t\t<\/section>\n\t\t\t\t<section class=\"elementor-section elementor-top-section elementor-element elementor-element-7b8b538 elementor-section-content-middle elementor-hidden-tablet elementor-hidden-mobile elementor-section-boxed elementor-section-height-default elementor-section-height-default\" data-id=\"7b8b538\" data-element_type=\"section\" data-e-type=\"section\">\n\t\t\t\t\t\t<div class=\"elementor-container elementor-column-gap-no\">\n\t\t\t\t\t<div class=\"elementor-column elementor-col-100 elementor-top-column elementor-element elementor-element-53316f95\" data-id=\"53316f95\" data-element_type=\"column\" data-e-type=\"column\">\n\t\t\t<div class=\"elementor-widget-wrap elementor-element-populated\">\n\t\t\t\t\t\t<div class=\"elementor-element elementor-element-60ebb1cb elementor-widget elementor-widget-heading\" data-id=\"60ebb1cb\" data-element_type=\"widget\" data-e-type=\"widget\" data-widget_type=\"heading.default\">\n\t\t\t\t<div class=\"elementor-widget-container\">\n\t\t\t\t\t<h4 class=\"elementor-heading-title elementor-size-default\"><span style=\"font-family: helvetica, sans-serif;font-size: 20px\">Why work for Tesla?<\/span><\/h4>\t\t\t\t<\/div>\n\t\t\t\t<\/div>\n\t\t\t\t<div class=\"elementor-element elementor-element-23ab2fd1 elementor-widget elementor-widget-text-editor\" data-id=\"23ab2fd1\" data-element_type=\"widget\" data-e-type=\"widget\" data-widget_type=\"text-editor.default\">\n\t\t\t\t<div class=\"elementor-widget-container\">\n\t\t\t\t\t\t\t\t\t<p>Tesla Lighting is a family-owned company where every employee's opinion is very important. The work of the individual is always visible and moves the company forward. We are not corporate and bureaucracy has no place in our company. We are flexible, we agree on everything important and respect the balance between work and family life. We are agile, responding to the changing market environment, which allows us to learn new things and constantly innovate. The environment is suitable for both the seasoned and those just coming for experience. Tesla is a unique place to grow in your career - the possibilities are almost limitless.<\/p><p>We have hundreds of successful projects under our belt and a stable clientele across the country. We stand behind our products and continue to innovate to stay relevant in the market.<\/p><p><strong><em>T<\/em><em> - <\/em><\/strong><em>Teamwork<\/em><\/p><p><strong><em>E - <\/em><\/strong><em>Efficiency<\/em><\/p><p><strong><em>S - <\/em><\/strong><em>Stability<\/em><\/p><p><strong><em>L - <\/em><\/strong><em>Humanity<\/em><\/p><p><strong><em>A - <\/em><\/strong><em>Agility<\/em><\/p>\t\t\t\t\t\t\t\t<\/div>\n\t\t\t\t<\/div>\n\t\t\t\t\t<\/div>\n\t\t<\/div>\n\t\t\t\t\t<\/div>\n\t\t<\/section>\n\t\t\t\t<\/div>","protected":false},"excerpt":{"rendered":"<p>Kdo je TESLA lighting? TESLA lighting je tradi\u010dn\u00ed \u010desk\u00e1 zna\u010dka a \u010desk\u00e1 firma zn\u00e1m\u00e1 po cel\u00e9m sv\u011bt\u011b jako p\u0159edn\u00ed dodavatel sv\u011bteln\u00fdch zdroj\u016f a osv\u011btlen\u00ed pro v\u0161echny segmenty rodinn\u00e9ho i profesn\u00edho \u017eivota. Maxim\u00e1ln\u011b pracujeme na inovac\u00edch a kvalit\u011b \u2013 v\u0161echna na\u0161e sv\u011btla proch\u00e1z\u00ed s\u00e9ri\u00ed m\u011b\u0159en\u00ed ve vlastn\u00edch laborato\u0159\u00edch, aby se k z\u00e1kazn\u00edk\u016fm dostalo sv\u011btlo jen t\u00e9 [&hellip;]<\/p>\n","protected":false},"author":11,"featured_media":44733,"parent":0,"menu_order":0,"comment_status":"closed","ping_status":"closed","template":"","meta":{"footnotes":""},"class_list":["post-44802","page","type-page","status-publish","has-post-thumbnail","hentry"],"yoast_head":"<!-- This site is optimized with the Yoast SEO plugin v27.3 - https:\/\/yoast.com\/product\/yoast-seo-wordpress\/ -->\n<title>Kari\u00e9ra | Tesla Lighting<\/title>\n<meta name=\"description\" content=\"P\u0159ipojte se k t\u00fdmu Tesla Lighting a pod\u00edlejte se na v\u00fdrob\u011b \u0161pi\u010dkov\u00fdch sv\u00edtidel. Prohl\u00e9dn\u011bte si na\u0161e aktu\u00e1ln\u00ed pracovn\u00ed p\u0159\u00edle\u017eitosti.\" \/>\n<meta name=\"robots\" content=\"index, follow, max-snippet:-1, max-image-preview:large, max-video-preview:-1\" \/>\n<link rel=\"canonical\" href=\"https:\/\/tesla-lighting.cz\/en\/kariera\/\" \/>\n<meta property=\"og:locale\" content=\"en_US\" \/>\n<meta property=\"og:type\" content=\"article\" \/>\n<meta property=\"og:title\" content=\"Kari\u00e9ra | Tesla Lighting\" \/>\n<meta property=\"og:description\" content=\"P\u0159ipojte se k t\u00fdmu Tesla Lighting a pod\u00edlejte se na v\u00fdrob\u011b \u0161pi\u010dkov\u00fdch sv\u00edtidel. Prohl\u00e9dn\u011bte si na\u0161e aktu\u00e1ln\u00ed pracovn\u00ed p\u0159\u00edle\u017eitosti.\" \/>\n<meta property=\"og:url\" content=\"https:\/\/tesla-lighting.cz\/en\/kariera\/\" \/>\n<meta property=\"og:site_name\" content=\"Tesla lighting\" \/>\n<meta property=\"article:publisher\" content=\"https:\/\/www.facebook.com\/teslalightingcz\" \/>\n<meta property=\"article:modified_time\" content=\"2025-08-07T12:32:02+00:00\" \/>\n<meta property=\"og:image\" content=\"https:\/\/tesla-lighting.cz\/wp-content\/uploads\/2022\/11\/historie2.png\" \/>\n\t<meta property=\"og:image:width\" content=\"980\" \/>\n\t<meta property=\"og:image:height\" content=\"800\" \/>\n\t<meta property=\"og:image:type\" content=\"image\/png\" \/>\n<meta name=\"twitter:card\" content=\"summary_large_image\" \/>\n<meta name=\"twitter:label1\" content=\"Est. reading time\" \/>\n\t<meta name=\"twitter:data1\" content=\"3 minutes\" \/>\n<script type=\"application\/ld+json\" class=\"yoast-schema-graph\">{\"@context\":\"https:\\\/\\\/schema.org\",\"@graph\":[{\"@type\":\"WebPage\",\"@id\":\"https:\\\/\\\/tesla-lighting.cz\\\/kariera\\\/\",\"url\":\"https:\\\/\\\/tesla-lighting.cz\\\/kariera\\\/\",\"name\":\"Kari\u00e9ra | Tesla Lighting\",\"isPartOf\":{\"@id\":\"https:\\\/\\\/tesla-lighting.cz\\\/#website\"},\"primaryImageOfPage\":{\"@id\":\"https:\\\/\\\/tesla-lighting.cz\\\/kariera\\\/#primaryimage\"},\"image\":{\"@id\":\"https:\\\/\\\/tesla-lighting.cz\\\/kariera\\\/#primaryimage\"},\"thumbnailUrl\":\"https:\\\/\\\/tesla-lighting.cz\\\/wp-content\\\/uploads\\\/2022\\\/11\\\/historie2.png\",\"datePublished\":\"2022-11-28T11:19:20+00:00\",\"dateModified\":\"2025-08-07T12:32:02+00:00\",\"description\":\"P\u0159ipojte se k t\u00fdmu Tesla Lighting a pod\u00edlejte se na v\u00fdrob\u011b \u0161pi\u010dkov\u00fdch sv\u00edtidel. Prohl\u00e9dn\u011bte si na\u0161e aktu\u00e1ln\u00ed pracovn\u00ed p\u0159\u00edle\u017eitosti.\",\"breadcrumb\":{\"@id\":\"https:\\\/\\\/tesla-lighting.cz\\\/kariera\\\/#breadcrumb\"},\"inLanguage\":\"en-US\",\"potentialAction\":[{\"@type\":\"ReadAction\",\"target\":[\"https:\\\/\\\/tesla-lighting.cz\\\/kariera\\\/\"]}]},{\"@type\":\"ImageObject\",\"inLanguage\":\"en-US\",\"@id\":\"https:\\\/\\\/tesla-lighting.cz\\\/kariera\\\/#primaryimage\",\"url\":\"https:\\\/\\\/tesla-lighting.cz\\\/wp-content\\\/uploads\\\/2022\\\/11\\\/historie2.png\",\"contentUrl\":\"https:\\\/\\\/tesla-lighting.cz\\\/wp-content\\\/uploads\\\/2022\\\/11\\\/historie2.png\",\"width\":980,\"height\":800},{\"@type\":\"BreadcrumbList\",\"@id\":\"https:\\\/\\\/tesla-lighting.cz\\\/kariera\\\/#breadcrumb\",\"itemListElement\":[{\"@type\":\"ListItem\",\"position\":1,\"name\":\"Dom\u016f\",\"item\":\"https:\\\/\\\/tesla-lighting.cz\\\/\"},{\"@type\":\"ListItem\",\"position\":2,\"name\":\"Kari\u00e9ra\"}]},{\"@type\":\"WebSite\",\"@id\":\"https:\\\/\\\/tesla-lighting.cz\\\/#website\",\"url\":\"https:\\\/\\\/tesla-lighting.cz\\\/\",\"name\":\"Tesla lighting\",\"description\":\"Tesla\",\"publisher\":{\"@id\":\"https:\\\/\\\/tesla-lighting.cz\\\/#organization\"},\"potentialAction\":[{\"@type\":\"SearchAction\",\"target\":{\"@type\":\"EntryPoint\",\"urlTemplate\":\"https:\\\/\\\/tesla-lighting.cz\\\/?s={search_term_string}\"},\"query-input\":{\"@type\":\"PropertyValueSpecification\",\"valueRequired\":true,\"valueName\":\"search_term_string\"}}],\"inLanguage\":\"en-US\"},{\"@type\":\"Organization\",\"@id\":\"https:\\\/\\\/tesla-lighting.cz\\\/#organization\",\"name\":\"Tesla lighting\",\"url\":\"https:\\\/\\\/tesla-lighting.cz\\\/\",\"logo\":{\"@type\":\"ImageObject\",\"inLanguage\":\"en-US\",\"@id\":\"https:\\\/\\\/tesla-lighting.cz\\\/#\\\/schema\\\/logo\\\/image\\\/\",\"url\":\"https:\\\/\\\/tesla-lighting.cz\\\/wp-content\\\/uploads\\\/2022\\\/05\\\/TESLA_Lighting_logo.png\",\"contentUrl\":\"https:\\\/\\\/tesla-lighting.cz\\\/wp-content\\\/uploads\\\/2022\\\/05\\\/TESLA_Lighting_logo.png\",\"width\":512,\"height\":251,\"caption\":\"Tesla lighting\"},\"image\":{\"@id\":\"https:\\\/\\\/tesla-lighting.cz\\\/#\\\/schema\\\/logo\\\/image\\\/\"},\"sameAs\":[\"https:\\\/\\\/www.facebook.com\\\/teslalightingcz\",\"https:\\\/\\\/www.instagram.com\\\/teslalightingcz\\\/\",\"https:\\\/\\\/www.linkedin.com\\\/company\\\/tesla-lighting-s-r-o-\\\/\"]}]}<\/script>\n<!-- \/ Yoast SEO plugin. -->","yoast_head_json":{"title":"Kari\u00e9ra | Tesla Lighting","description":"P\u0159ipojte se k t\u00fdmu Tesla Lighting a pod\u00edlejte se na v\u00fdrob\u011b \u0161pi\u010dkov\u00fdch sv\u00edtidel. Prohl\u00e9dn\u011bte si na\u0161e aktu\u00e1ln\u00ed pracovn\u00ed p\u0159\u00edle\u017eitosti.","robots":{"index":"index","follow":"follow","max-snippet":"max-snippet:-1","max-image-preview":"max-image-preview:large","max-video-preview":"max-video-preview:-1"},"canonical":"https:\/\/tesla-lighting.cz\/en\/kariera\/","og_locale":"en_US","og_type":"article","og_title":"Kari\u00e9ra | Tesla Lighting","og_description":"P\u0159ipojte se k t\u00fdmu Tesla Lighting a pod\u00edlejte se na v\u00fdrob\u011b \u0161pi\u010dkov\u00fdch sv\u00edtidel. Prohl\u00e9dn\u011bte si na\u0161e aktu\u00e1ln\u00ed pracovn\u00ed p\u0159\u00edle\u017eitosti.","og_url":"https:\/\/tesla-lighting.cz\/en\/kariera\/","og_site_name":"Tesla lighting","article_publisher":"https:\/\/www.facebook.com\/teslalightingcz","article_modified_time":"2025-08-07T12:32:02+00:00","og_image":[{"width":980,"height":800,"url":"https:\/\/tesla-lighting.cz\/wp-content\/uploads\/2022\/11\/historie2.png","type":"image\/png"}],"twitter_card":"summary_large_image","twitter_misc":{"Est. reading time":"3 minutes"},"schema":{"@context":"https:\/\/schema.org","@graph":[{"@type":"WebPage","@id":"https:\/\/tesla-lighting.cz\/kariera\/","url":"https:\/\/tesla-lighting.cz\/kariera\/","name":"Kari\u00e9ra | Tesla Lighting","isPartOf":{"@id":"https:\/\/tesla-lighting.cz\/#website"},"primaryImageOfPage":{"@id":"https:\/\/tesla-lighting.cz\/kariera\/#primaryimage"},"image":{"@id":"https:\/\/tesla-lighting.cz\/kariera\/#primaryimage"},"thumbnailUrl":"https:\/\/tesla-lighting.cz\/wp-content\/uploads\/2022\/11\/historie2.png","datePublished":"2022-11-28T11:19:20+00:00","dateModified":"2025-08-07T12:32:02+00:00","description":"P\u0159ipojte se k t\u00fdmu Tesla Lighting a pod\u00edlejte se na v\u00fdrob\u011b \u0161pi\u010dkov\u00fdch sv\u00edtidel. Prohl\u00e9dn\u011bte si na\u0161e aktu\u00e1ln\u00ed pracovn\u00ed p\u0159\u00edle\u017eitosti.","breadcrumb":{"@id":"https:\/\/tesla-lighting.cz\/kariera\/#breadcrumb"},"inLanguage":"en-US","potentialAction":[{"@type":"ReadAction","target":["https:\/\/tesla-lighting.cz\/kariera\/"]}]},{"@type":"ImageObject","inLanguage":"en-US","@id":"https:\/\/tesla-lighting.cz\/kariera\/#primaryimage","url":"https:\/\/tesla-lighting.cz\/wp-content\/uploads\/2022\/11\/historie2.png","contentUrl":"https:\/\/tesla-lighting.cz\/wp-content\/uploads\/2022\/11\/historie2.png","width":980,"height":800},{"@type":"BreadcrumbList","@id":"https:\/\/tesla-lighting.cz\/kariera\/#breadcrumb","itemListElement":[{"@type":"ListItem","position":1,"name":"Dom\u016f","item":"https:\/\/tesla-lighting.cz\/"},{"@type":"ListItem","position":2,"name":"Kari\u00e9ra"}]},{"@type":"WebSite","@id":"https:\/\/tesla-lighting.cz\/#website","url":"https:\/\/tesla-lighting.cz\/","name":"Tesla lighting","description":"Tesla","publisher":{"@id":"https:\/\/tesla-lighting.cz\/#organization"},"potentialAction":[{"@type":"SearchAction","target":{"@type":"EntryPoint","urlTemplate":"https:\/\/tesla-lighting.cz\/?s={search_term_string}"},"query-input":{"@type":"PropertyValueSpecification","valueRequired":true,"valueName":"search_term_string"}}],"inLanguage":"en-US"},{"@type":"Organization","@id":"https:\/\/tesla-lighting.cz\/#organization","name":"Tesla lighting","url":"https:\/\/tesla-lighting.cz\/","logo":{"@type":"ImageObject","inLanguage":"en-US","@id":"https:\/\/tesla-lighting.cz\/#\/schema\/logo\/image\/","url":"https:\/\/tesla-lighting.cz\/wp-content\/uploads\/2022\/05\/TESLA_Lighting_logo.png","contentUrl":"https:\/\/tesla-lighting.cz\/wp-content\/uploads\/2022\/05\/TESLA_Lighting_logo.png","width":512,"height":251,"caption":"Tesla lighting"},"image":{"@id":"https:\/\/tesla-lighting.cz\/#\/schema\/logo\/image\/"},"sameAs":["https:\/\/www.facebook.com\/teslalightingcz","https:\/\/www.instagram.com\/teslalightingcz\/","https:\/\/www.linkedin.com\/company\/tesla-lighting-s-r-o-\/"]}]}},"_links":{"self":[{"href":"https:\/\/tesla-lighting.cz\/en\/wp-json\/wp\/v2\/pages\/44802","targetHints":{"allow":["GET"]}}],"collection":[{"href":"https:\/\/tesla-lighting.cz\/en\/wp-json\/wp\/v2\/pages"}],"about":[{"href":"https:\/\/tesla-lighting.cz\/en\/wp-json\/wp\/v2\/types\/page"}],"author":[{"embeddable":true,"href":"https:\/\/tesla-lighting.cz\/en\/wp-json\/wp\/v2\/users\/11"}],"replies":[{"embeddable":true,"href":"https:\/\/tesla-lighting.cz\/en\/wp-json\/wp\/v2\/comments?post=44802"}],"version-history":[{"count":0,"href":"https:\/\/tesla-lighting.cz\/en\/wp-json\/wp\/v2\/pages\/44802\/revisions"}],"wp:featuredmedia":[{"embeddable":true,"href":"https:\/\/tesla-lighting.cz\/en\/wp-json\/wp\/v2\/media\/44733"}],"wp:attachment":[{"href":"https:\/\/tesla-lighting.cz\/en\/wp-json\/wp\/v2\/media?parent=44802"}],"curies":[{"name":"wp","href":"https:\/\/api.w.org\/{rel}","templated":true}]}}