{"id":44334,"date":"2022-11-27T19:46:12","date_gmt":"2022-11-27T19:46:12","guid":{"rendered":"https:\/\/tesla-eshop.cz\/?page_id=44334"},"modified":"2022-12-29T20:58:25","modified_gmt":"2022-12-29T20:58:25","slug":"letiste-vaclava-havla","status":"publish","type":"page","link":"https:\/\/tesla-lighting.cz\/en\/letiste-vaclava-havla\/","title":{"rendered":"V\u00e1clav Havel Airport"},"content":{"rendered":"\t\t<div data-elementor-type=\"wp-page\" data-elementor-id=\"44334\" class=\"elementor elementor-44334\" data-elementor-post-type=\"page\">\n\t\t\t\t\t\t<section class=\"elementor-section elementor-top-section elementor-element elementor-element-42ac3406 elementor-section-content-middle elementor-reverse-mobile elementor-reverse-tablet elementor-section-boxed elementor-section-height-default elementor-section-height-default\" data-id=\"42ac3406\" data-element_type=\"section\" data-e-type=\"section\" data-settings=\"{&quot;background_background&quot;:&quot;classic&quot;}\">\n\t\t\t\t\t\t<div class=\"elementor-container elementor-column-gap-no\">\n\t\t\t\t\t<div class=\"elementor-column elementor-col-50 elementor-top-column elementor-element elementor-element-72c4c6e5\" data-id=\"72c4c6e5\" data-element_type=\"column\" data-e-type=\"column\">\n\t\t\t<div class=\"elementor-widget-wrap elementor-element-populated\">\n\t\t\t\t\t\t<div class=\"elementor-element elementor-element-3d212bd6 elementor-widget elementor-widget-image\" data-id=\"3d212bd6\" data-element_type=\"widget\" data-e-type=\"widget\" data-widget_type=\"image.default\">\n\t\t\t\t<div class=\"elementor-widget-container\">\n\t\t\t\t\t\t\t\t\t\t\t\t\t\t\t<img fetchpriority=\"high\" decoding=\"async\" width=\"800\" height=\"653\" src=\"https:\/\/tesla-lighting.cz\/wp-content\/uploads\/2022\/11\/reference_letisteVH_tesla.png\" class=\"attachment-large size-large wp-image-43978\" alt=\"\" srcset=\"https:\/\/tesla-lighting.cz\/wp-content\/uploads\/2022\/11\/reference_letisteVH_tesla.png 980w, https:\/\/tesla-lighting.cz\/wp-content\/uploads\/2022\/11\/reference_letisteVH_tesla-300x245.png 300w, https:\/\/tesla-lighting.cz\/wp-content\/uploads\/2022\/11\/reference_letisteVH_tesla-768x627.png 768w, https:\/\/tesla-lighting.cz\/wp-content\/uploads\/2022\/11\/reference_letisteVH_tesla-600x490.png 600w\" sizes=\"(max-width: 800px) 100vw, 800px\" \/>\t\t\t\t\t\t\t\t\t\t\t\t\t\t\t<\/div>\n\t\t\t\t<\/div>\n\t\t\t\t\t<\/div>\n\t\t<\/div>\n\t\t\t\t<div class=\"elementor-column elementor-col-50 elementor-top-column elementor-element elementor-element-2ea3ba8d\" data-id=\"2ea3ba8d\" data-element_type=\"column\" data-e-type=\"column\">\n\t\t\t<div class=\"elementor-widget-wrap elementor-element-populated\">\n\t\t\t\t\t\t<div class=\"elementor-element elementor-element-7fb7764a elementor-widget elementor-widget-heading\" data-id=\"7fb7764a\" data-element_type=\"widget\" data-e-type=\"widget\" data-widget_type=\"heading.default\">\n\t\t\t\t<div class=\"elementor-widget-container\">\n\t\t\t\t\t<h1 class=\"elementor-heading-title elementor-size-default\">Leti\u0161t\u011b V\u00e1clava Havla<\/h1>\t\t\t\t<\/div>\n\t\t\t\t<\/div>\n\t\t\t\t<div class=\"elementor-element elementor-element-6c0d1fb9 elementor-widget elementor-widget-text-editor\" data-id=\"6c0d1fb9\" data-element_type=\"widget\" data-e-type=\"widget\" data-widget_type=\"text-editor.default\">\n\t\t\t\t<div class=\"elementor-widget-container\">\n\t\t\t\t\t\t\t\t\t<p>Dal\u0161\u00edm z projekt\u016f v portfoliu Tesla lighting je kompletn\u00ed rekonstrukce osv\u011btlen\u00ed Parkingu C a Parkingu D v\u00a0are\u00e1lu Leti\u0161t\u011b V\u00e1clava Havla. Provedena byla kompletn\u00ed demont\u00e1\u017e p\u016fvodn\u00edho osv\u011btlen\u00ed a instalace nov\u00fdch LED sv\u00edtidel v\u010detn\u011b rozvod\u016f. Osv\u011btlen\u00ed je digit\u00e1ln\u011b \u0159\u00edzeno p\u0159es technologii DALI. D\u00edky nov\u00e9mu osv\u011btlen\u00ed se sn\u00ed\u017eil po\u010det sv\u011bteln\u00fdch bod\u016f o 50 % a energetick\u00e1 \u00faspora se vy\u0161plhala na 70 %. N\u00e1vratnost investice je 21 m\u011bs\u00edc\u016f.<\/p>\t\t\t\t\t\t\t\t<\/div>\n\t\t\t\t<\/div>\n\t\t\t\t\t<\/div>\n\t\t<\/div>\n\t\t\t\t\t<\/div>\n\t\t<\/section>\n\t\t\t\t<section class=\"elementor-section elementor-top-section elementor-element elementor-element-673f8651 elementor-section-boxed elementor-section-height-default elementor-section-height-default\" data-id=\"673f8651\" data-element_type=\"section\" data-e-type=\"section\">\n\t\t\t\t\t\t<div class=\"elementor-container elementor-column-gap-no\">\n\t\t\t\t\t<div class=\"elementor-column elementor-col-100 elementor-top-column elementor-element elementor-element-386acb00\" data-id=\"386acb00\" data-element_type=\"column\" data-e-type=\"column\">\n\t\t\t<div class=\"elementor-widget-wrap elementor-element-populated\">\n\t\t\t\t\t\t<div class=\"elementor-element elementor-element-29dc8bc3 elementor-widget elementor-widget-heading\" data-id=\"29dc8bc3\" data-element_type=\"widget\" data-e-type=\"widget\" data-widget_type=\"heading.default\">\n\t\t\t\t<div class=\"elementor-widget-container\">\n\t\t\t\t\t<h2 class=\"elementor-heading-title elementor-size-default\">Napi\u0161te n\u00e1m<\/h2>\t\t\t\t<\/div>\n\t\t\t\t<\/div>\n\t\t\t\t<div class=\"elementor-element elementor-element-d414ab3 elementor-button-align-center elementor-widget elementor-widget-global elementor-global-45360 elementor-widget-form\" data-id=\"d414ab3\" data-element_type=\"widget\" data-e-type=\"widget\" data-settings=\"{&quot;step_next_label&quot;:&quot;Dal\\u0161\\u00ed&quot;,&quot;step_previous_label&quot;:&quot;P\\u0159edchoz\\u00ed&quot;,&quot;button_width_tablet&quot;:&quot;100&quot;,&quot;button_width&quot;:&quot;100&quot;,&quot;step_type&quot;:&quot;number_text&quot;,&quot;step_icon_shape&quot;:&quot;circle&quot;}\" data-widget_type=\"form.default\">\n\t\t\t\t<div class=\"elementor-widget-container\">\n\t\t\t\t\t\t\t<form class=\"elementor-form\" method=\"post\" name=\"TESLA lighting OBCHOD\" aria-label=\"TESLA lighting OBCHOD\">\n\t\t\t<input type=\"hidden\" name=\"post_id\" value=\"44334\"\/>\n\t\t\t<input type=\"hidden\" name=\"form_id\" value=\"d414ab3\"\/>\n\t\t\t<input type=\"hidden\" name=\"referer_title\" value=\"Tesla lighting\" \/>\n\n\t\t\t\n\t\t\t<div class=\"elementor-form-fields-wrapper elementor-labels-\">\n\t\t\t\t\t\t\t\t<div class=\"elementor-field-type-text elementor-field-group elementor-column elementor-field-group-name elementor-col-50 elementor-field-required\">\n\t\t\t\t\t\t\t\t\t\t\t\t<label for=\"form-field-name\" class=\"elementor-field-label elementor-screen-only\">\n\t\t\t\t\t\t\t\tJm\u00e9no\t\t\t\t\t\t\t<\/label>\n\t\t\t\t\t\t\t\t\t\t\t\t\t\t<input size=\"1\" type=\"text\" name=\"form_fields[name]\" id=\"form-field-name\" class=\"elementor-field elementor-size-xs  elementor-field-textual\" placeholder=\"Jm\u00e9no\" required=\"required\">\n\t\t\t\t\t\t\t\t\t\t\t<\/div>\n\t\t\t\t\t\t\t\t<div class=\"elementor-field-type-tel elementor-field-group elementor-column elementor-field-group-field_5057311 elementor-col-50 elementor-md-50\">\n\t\t\t\t\t\t\t\t\t\t\t\t<label for=\"form-field-field_5057311\" class=\"elementor-field-label elementor-screen-only\">\n\t\t\t\t\t\t\t\tTel. \u010d\u00edslo\t\t\t\t\t\t\t<\/label>\n\t\t\t\t\t\t\t\t<input size=\"1\" type=\"tel\" name=\"form_fields[field_5057311]\" id=\"form-field-field_5057311\" class=\"elementor-field elementor-size-xs  elementor-field-textual\" placeholder=\"Tel. \u010d\u00edslo\" pattern=\"[0-9()#&amp;+*-=.]+\" title=\"Only numbers and phone characters (#, -, *, etc) are accepted.\">\n\n\t\t\t\t\t\t<\/div>\n\t\t\t\t\t\t\t\t<div class=\"elementor-field-type-email elementor-field-group elementor-column elementor-field-group-email elementor-col-100 elementor-md-50 elementor-field-required\">\n\t\t\t\t\t\t\t\t\t\t\t\t<label for=\"form-field-email\" class=\"elementor-field-label elementor-screen-only\">\n\t\t\t\t\t\t\t\tE-mail\t\t\t\t\t\t\t<\/label>\n\t\t\t\t\t\t\t\t\t\t\t\t\t\t<input size=\"1\" type=\"email\" name=\"form_fields[email]\" id=\"form-field-email\" class=\"elementor-field elementor-size-xs  elementor-field-textual\" placeholder=\"E-mail\" required=\"required\">\n\t\t\t\t\t\t\t\t\t\t\t<\/div>\n\t\t\t\t\t\t\t\t<div class=\"elementor-field-type-textarea elementor-field-group elementor-column elementor-field-group-field_71766c7 elementor-col-100\">\n\t\t\t\t\t\t\t\t\t\t\t\t<label for=\"form-field-field_71766c7\" class=\"elementor-field-label elementor-screen-only\">\n\t\t\t\t\t\t\t\tZpr\u00e1va\t\t\t\t\t\t\t<\/label>\n\t\t\t\t\t\t<textarea class=\"elementor-field-textual elementor-field  elementor-size-xs\" name=\"form_fields[field_71766c7]\" id=\"form-field-field_71766c7\" rows=\"4\" placeholder=\"Zpr\u00e1va\"><\/textarea>\t\t\t\t<\/div>\n\t\t\t\t\t\t\t\t<div class=\"elementor-field-type-acceptance elementor-field-group elementor-column elementor-field-group-field_931bd4a elementor-col-100 elementor-field-required\">\n\t\t\t\t\t\t\t\t\t\t\t\t<label for=\"form-field-field_931bd4a\" class=\"elementor-field-label elementor-screen-only\">\n\t\t\t\t\t\t\t\tcheckbox\t\t\t\t\t\t\t<\/label>\n\t\t\t\t\t\t\t\t<div class=\"elementor-field-subgroup\">\n\t\t\t<span class=\"elementor-field-option\">\n\t\t\t\t<input type=\"checkbox\" name=\"form_fields[field_931bd4a]\" id=\"form-field-field_931bd4a\" class=\"elementor-field elementor-size-xs  elementor-acceptance-field\" required=\"required\" checked=\"checked\">\n\t\t\t\t<label for=\"form-field-field_931bd4a\">Odesl\u00e1n\u00edm formul\u00e1\u0159e souhlas\u00edte se zpracov\u00e1n\u00edm osobn\u00edch \u00fadaj\u016f<\/label>\t\t\t<\/span>\n\t\t<\/div>\n\t\t\t\t\t\t<\/div>\n\t\t\t\t\t\t\t\t<div class=\"elementor-field-type-acceptance elementor-field-group elementor-column elementor-field-group-field_2ff3a79 elementor-col-100\">\n\t\t\t\t\t\t\t<div class=\"elementor-field-subgroup\">\n\t\t\t<span class=\"elementor-field-option\">\n\t\t\t\t<input type=\"checkbox\" name=\"form_fields[field_2ff3a79]\" id=\"form-field-field_2ff3a79\" class=\"elementor-field elementor-size-xs  elementor-acceptance-field\" checked=\"checked\">\n\t\t\t\t<label for=\"form-field-field_2ff3a79\">M\u00e1m z\u00e1jem o odeb\u00edr\u00e1n\u00ed novinek<\/label>\t\t\t<\/span>\n\t\t<\/div>\n\t\t\t\t\t\t<\/div>\n\t\t\t\t\t\t\t\t<div class=\"elementor-field-type-recaptcha elementor-field-group elementor-column elementor-field-group-field_f31eb59 elementor-col-100\">\n\t\t\t\t\t<div class=\"elementor-field\" id=\"form-field-field_f31eb59\"><div class=\"elementor-g-recaptcha\" data-sitekey=\"6Le3wx0kAAAAAMOR4QTPGssmiKT3r5tXtW7CV0xM\" data-type=\"v2_checkbox\" data-theme=\"light\" data-size=\"normal\"><\/div><\/div>\t\t\t\t<\/div>\n\t\t\t\t\t\t\t\t<div class=\"elementor-field-group elementor-column elementor-field-type-submit elementor-col-100 e-form__buttons elementor-md-100\">\n\t\t\t\t\t<button class=\"elementor-button elementor-size-md\" type=\"submit\">\n\t\t\t\t\t\t<span class=\"elementor-button-content-wrapper\">\n\t\t\t\t\t\t\t\t\t\t\t\t\t\t\t\t\t\t\t\t\t\t<span class=\"elementor-button-text\">Odeslat<\/span>\n\t\t\t\t\t\t\t\t\t\t\t\t\t<\/span>\n\t\t\t\t\t<\/button>\n\t\t\t\t<\/div>\n\t\t\t<\/div>\n\t\t<\/form>\n\t\t\t\t\t\t<\/div>\n\t\t\t\t<\/div>\n\t\t\t\t\t<\/div>\n\t\t<\/div>\n\t\t\t\t\t<\/div>\n\t\t<\/section>\n\t\t\t\t<\/div>\n\t\t","protected":false},"excerpt":{"rendered":"<p>Leti\u0161t\u011b V\u00e1clava Havla Dal\u0161\u00edm z projekt\u016f v portfoliu Tesla lighting je kompletn\u00ed rekonstrukce osv\u011btlen\u00ed Parkingu C a Parkingu D v\u00a0are\u00e1lu Leti\u0161t\u011b V\u00e1clava Havla. Provedena byla kompletn\u00ed demont\u00e1\u017e p\u016fvodn\u00edho osv\u011btlen\u00ed a instalace nov\u00fdch LED sv\u00edtidel v\u010detn\u011b rozvod\u016f. Osv\u011btlen\u00ed je digit\u00e1ln\u011b \u0159\u00edzeno p\u0159es technologii DALI. D\u00edky nov\u00e9mu osv\u011btlen\u00ed se sn\u00ed\u017eil po\u010det sv\u011bteln\u00fdch bod\u016f o 50 % a [&hellip;]<\/p>\n","protected":false},"author":11,"featured_media":0,"parent":0,"menu_order":0,"comment_status":"closed","ping_status":"closed","template":"","meta":{"footnotes":""},"class_list":["post-44334","page","type-page","status-publish","hentry"],"yoast_head":"<!-- This site is optimized with the Yoast SEO plugin v27.4 - https:\/\/yoast.com\/product\/yoast-seo-wordpress\/ -->\n<title>Sv\u011bteln\u00e9 3D modely | Simulace LED osv\u011btlen\u00ed | Tesla Lighting<\/title>\n<meta name=\"robots\" content=\"index, follow, max-snippet:-1, max-image-preview:large, max-video-preview:-1\" \/>\n<link rel=\"canonical\" href=\"https:\/\/tesla-lighting.cz\/en\/letiste-vaclava-havla\/\" \/>\n<meta property=\"og:locale\" content=\"en_US\" \/>\n<meta property=\"og:type\" content=\"article\" \/>\n<meta property=\"og:title\" content=\"Sv\u011bteln\u00e9 3D modely | Simulace LED osv\u011btlen\u00ed | Tesla Lighting\" \/>\n<meta property=\"og:description\" content=\"Leti\u0161t\u011b V\u00e1clava Havla Dal\u0161\u00edm z projekt\u016f v portfoliu Tesla lighting je kompletn\u00ed rekonstrukce osv\u011btlen\u00ed Parkingu C a Parkingu D v\u00a0are\u00e1lu Leti\u0161t\u011b V\u00e1clava Havla. Provedena byla kompletn\u00ed demont\u00e1\u017e p\u016fvodn\u00edho osv\u011btlen\u00ed a instalace nov\u00fdch LED sv\u00edtidel v\u010detn\u011b rozvod\u016f. Osv\u011btlen\u00ed je digit\u00e1ln\u011b \u0159\u00edzeno p\u0159es technologii DALI. D\u00edky nov\u00e9mu osv\u011btlen\u00ed se sn\u00ed\u017eil po\u010det sv\u011bteln\u00fdch bod\u016f o 50 % a [&hellip;]\" \/>\n<meta property=\"og:url\" content=\"https:\/\/tesla-lighting.cz\/en\/letiste-vaclava-havla\/\" \/>\n<meta property=\"og:site_name\" content=\"Tesla lighting\" \/>\n<meta property=\"article:publisher\" content=\"https:\/\/www.facebook.com\/teslalightingcz\" \/>\n<meta property=\"article:modified_time\" content=\"2022-12-29T20:58:25+00:00\" \/>\n<meta property=\"og:image\" content=\"https:\/\/tesla-eshop.cz\/wp-content\/uploads\/2022\/11\/reference_letisteVH_tesla.png\" \/>\n<meta name=\"twitter:card\" content=\"summary_large_image\" \/>\n<script type=\"application\/ld+json\" class=\"yoast-schema-graph\">{\"@context\":\"https:\\\/\\\/schema.org\",\"@graph\":[{\"@type\":\"WebPage\",\"@id\":\"https:\\\/\\\/tesla-lighting.cz\\\/letiste-vaclava-havla\\\/\",\"url\":\"https:\\\/\\\/tesla-lighting.cz\\\/letiste-vaclava-havla\\\/\",\"name\":\"Sv\u011bteln\u00e9 3D modely | Simulace LED osv\u011btlen\u00ed | Tesla Lighting\",\"isPartOf\":{\"@id\":\"https:\\\/\\\/tesla-lighting.cz\\\/#website\"},\"primaryImageOfPage\":{\"@id\":\"https:\\\/\\\/tesla-lighting.cz\\\/letiste-vaclava-havla\\\/#primaryimage\"},\"image\":{\"@id\":\"https:\\\/\\\/tesla-lighting.cz\\\/letiste-vaclava-havla\\\/#primaryimage\"},\"thumbnailUrl\":\"https:\\\/\\\/tesla-eshop.cz\\\/wp-content\\\/uploads\\\/2022\\\/11\\\/reference_letisteVH_tesla.png\",\"datePublished\":\"2022-11-27T19:46:12+00:00\",\"dateModified\":\"2022-12-29T20:58:25+00:00\",\"breadcrumb\":{\"@id\":\"https:\\\/\\\/tesla-lighting.cz\\\/letiste-vaclava-havla\\\/#breadcrumb\"},\"inLanguage\":\"en-US\",\"potentialAction\":[{\"@type\":\"ReadAction\",\"target\":[\"https:\\\/\\\/tesla-lighting.cz\\\/letiste-vaclava-havla\\\/\"]}]},{\"@type\":\"ImageObject\",\"inLanguage\":\"en-US\",\"@id\":\"https:\\\/\\\/tesla-lighting.cz\\\/letiste-vaclava-havla\\\/#primaryimage\",\"url\":\"https:\\\/\\\/tesla-eshop.cz\\\/wp-content\\\/uploads\\\/2022\\\/11\\\/reference_letisteVH_tesla.png\",\"contentUrl\":\"https:\\\/\\\/tesla-eshop.cz\\\/wp-content\\\/uploads\\\/2022\\\/11\\\/reference_letisteVH_tesla.png\"},{\"@type\":\"BreadcrumbList\",\"@id\":\"https:\\\/\\\/tesla-lighting.cz\\\/letiste-vaclava-havla\\\/#breadcrumb\",\"itemListElement\":[{\"@type\":\"ListItem\",\"position\":1,\"name\":\"Dom\u016f\",\"item\":\"https:\\\/\\\/tesla-lighting.cz\\\/\"},{\"@type\":\"ListItem\",\"position\":2,\"name\":\"Leti\u0161t\u011b V\u00e1clava Havla\"}]},{\"@type\":\"WebSite\",\"@id\":\"https:\\\/\\\/tesla-lighting.cz\\\/#website\",\"url\":\"https:\\\/\\\/tesla-lighting.cz\\\/\",\"name\":\"Tesla lighting\",\"description\":\"Tesla\",\"publisher\":{\"@id\":\"https:\\\/\\\/tesla-lighting.cz\\\/#organization\"},\"potentialAction\":[{\"@type\":\"SearchAction\",\"target\":{\"@type\":\"EntryPoint\",\"urlTemplate\":\"https:\\\/\\\/tesla-lighting.cz\\\/?s={search_term_string}\"},\"query-input\":{\"@type\":\"PropertyValueSpecification\",\"valueRequired\":true,\"valueName\":\"search_term_string\"}}],\"inLanguage\":\"en-US\"},{\"@type\":\"Organization\",\"@id\":\"https:\\\/\\\/tesla-lighting.cz\\\/#organization\",\"name\":\"Tesla lighting\",\"url\":\"https:\\\/\\\/tesla-lighting.cz\\\/\",\"logo\":{\"@type\":\"ImageObject\",\"inLanguage\":\"en-US\",\"@id\":\"https:\\\/\\\/tesla-lighting.cz\\\/#\\\/schema\\\/logo\\\/image\\\/\",\"url\":\"https:\\\/\\\/tesla-lighting.cz\\\/wp-content\\\/uploads\\\/2022\\\/05\\\/TESLA_Lighting_logo.png\",\"contentUrl\":\"https:\\\/\\\/tesla-lighting.cz\\\/wp-content\\\/uploads\\\/2022\\\/05\\\/TESLA_Lighting_logo.png\",\"width\":512,\"height\":251,\"caption\":\"Tesla lighting\"},\"image\":{\"@id\":\"https:\\\/\\\/tesla-lighting.cz\\\/#\\\/schema\\\/logo\\\/image\\\/\"},\"sameAs\":[\"https:\\\/\\\/www.facebook.com\\\/teslalightingcz\",\"https:\\\/\\\/www.instagram.com\\\/teslalightingcz\\\/\",\"https:\\\/\\\/www.linkedin.com\\\/company\\\/tesla-lighting-s-r-o-\\\/\"]}]}<\/script>\n<!-- \/ Yoast SEO plugin. -->","yoast_head_json":{"title":"Sv\u011bteln\u00e9 3D modely | Simulace LED osv\u011btlen\u00ed | Tesla Lighting","robots":{"index":"index","follow":"follow","max-snippet":"max-snippet:-1","max-image-preview":"max-image-preview:large","max-video-preview":"max-video-preview:-1"},"canonical":"https:\/\/tesla-lighting.cz\/en\/letiste-vaclava-havla\/","og_locale":"en_US","og_type":"article","og_title":"Sv\u011bteln\u00e9 3D modely | Simulace LED osv\u011btlen\u00ed | Tesla Lighting","og_description":"Leti\u0161t\u011b V\u00e1clava Havla Dal\u0161\u00edm z projekt\u016f v portfoliu Tesla lighting je kompletn\u00ed rekonstrukce osv\u011btlen\u00ed Parkingu C a Parkingu D v\u00a0are\u00e1lu Leti\u0161t\u011b V\u00e1clava Havla. Provedena byla kompletn\u00ed demont\u00e1\u017e p\u016fvodn\u00edho osv\u011btlen\u00ed a instalace nov\u00fdch LED sv\u00edtidel v\u010detn\u011b rozvod\u016f. Osv\u011btlen\u00ed je digit\u00e1ln\u011b \u0159\u00edzeno p\u0159es technologii DALI. D\u00edky nov\u00e9mu osv\u011btlen\u00ed se sn\u00ed\u017eil po\u010det sv\u011bteln\u00fdch bod\u016f o 50 % a [&hellip;]","og_url":"https:\/\/tesla-lighting.cz\/en\/letiste-vaclava-havla\/","og_site_name":"Tesla lighting","article_publisher":"https:\/\/www.facebook.com\/teslalightingcz","article_modified_time":"2022-12-29T20:58:25+00:00","og_image":[{"url":"https:\/\/tesla-eshop.cz\/wp-content\/uploads\/2022\/11\/reference_letisteVH_tesla.png","type":"","width":"","height":""}],"twitter_card":"summary_large_image","schema":{"@context":"https:\/\/schema.org","@graph":[{"@type":"WebPage","@id":"https:\/\/tesla-lighting.cz\/letiste-vaclava-havla\/","url":"https:\/\/tesla-lighting.cz\/letiste-vaclava-havla\/","name":"Sv\u011bteln\u00e9 3D modely | Simulace LED osv\u011btlen\u00ed | Tesla Lighting","isPartOf":{"@id":"https:\/\/tesla-lighting.cz\/#website"},"primaryImageOfPage":{"@id":"https:\/\/tesla-lighting.cz\/letiste-vaclava-havla\/#primaryimage"},"image":{"@id":"https:\/\/tesla-lighting.cz\/letiste-vaclava-havla\/#primaryimage"},"thumbnailUrl":"https:\/\/tesla-eshop.cz\/wp-content\/uploads\/2022\/11\/reference_letisteVH_tesla.png","datePublished":"2022-11-27T19:46:12+00:00","dateModified":"2022-12-29T20:58:25+00:00","breadcrumb":{"@id":"https:\/\/tesla-lighting.cz\/letiste-vaclava-havla\/#breadcrumb"},"inLanguage":"en-US","potentialAction":[{"@type":"ReadAction","target":["https:\/\/tesla-lighting.cz\/letiste-vaclava-havla\/"]}]},{"@type":"ImageObject","inLanguage":"en-US","@id":"https:\/\/tesla-lighting.cz\/letiste-vaclava-havla\/#primaryimage","url":"https:\/\/tesla-eshop.cz\/wp-content\/uploads\/2022\/11\/reference_letisteVH_tesla.png","contentUrl":"https:\/\/tesla-eshop.cz\/wp-content\/uploads\/2022\/11\/reference_letisteVH_tesla.png"},{"@type":"BreadcrumbList","@id":"https:\/\/tesla-lighting.cz\/letiste-vaclava-havla\/#breadcrumb","itemListElement":[{"@type":"ListItem","position":1,"name":"Dom\u016f","item":"https:\/\/tesla-lighting.cz\/"},{"@type":"ListItem","position":2,"name":"Leti\u0161t\u011b V\u00e1clava Havla"}]},{"@type":"WebSite","@id":"https:\/\/tesla-lighting.cz\/#website","url":"https:\/\/tesla-lighting.cz\/","name":"Tesla lighting","description":"Tesla","publisher":{"@id":"https:\/\/tesla-lighting.cz\/#organization"},"potentialAction":[{"@type":"SearchAction","target":{"@type":"EntryPoint","urlTemplate":"https:\/\/tesla-lighting.cz\/?s={search_term_string}"},"query-input":{"@type":"PropertyValueSpecification","valueRequired":true,"valueName":"search_term_string"}}],"inLanguage":"en-US"},{"@type":"Organization","@id":"https:\/\/tesla-lighting.cz\/#organization","name":"Tesla lighting","url":"https:\/\/tesla-lighting.cz\/","logo":{"@type":"ImageObject","inLanguage":"en-US","@id":"https:\/\/tesla-lighting.cz\/#\/schema\/logo\/image\/","url":"https:\/\/tesla-lighting.cz\/wp-content\/uploads\/2022\/05\/TESLA_Lighting_logo.png","contentUrl":"https:\/\/tesla-lighting.cz\/wp-content\/uploads\/2022\/05\/TESLA_Lighting_logo.png","width":512,"height":251,"caption":"Tesla lighting"},"image":{"@id":"https:\/\/tesla-lighting.cz\/#\/schema\/logo\/image\/"},"sameAs":["https:\/\/www.facebook.com\/teslalightingcz","https:\/\/www.instagram.com\/teslalightingcz\/","https:\/\/www.linkedin.com\/company\/tesla-lighting-s-r-o-\/"]}]}},"_links":{"self":[{"href":"https:\/\/tesla-lighting.cz\/en\/wp-json\/wp\/v2\/pages\/44334","targetHints":{"allow":["GET"]}}],"collection":[{"href":"https:\/\/tesla-lighting.cz\/en\/wp-json\/wp\/v2\/pages"}],"about":[{"href":"https:\/\/tesla-lighting.cz\/en\/wp-json\/wp\/v2\/types\/page"}],"author":[{"embeddable":true,"href":"https:\/\/tesla-lighting.cz\/en\/wp-json\/wp\/v2\/users\/11"}],"replies":[{"embeddable":true,"href":"https:\/\/tesla-lighting.cz\/en\/wp-json\/wp\/v2\/comments?post=44334"}],"version-history":[{"count":0,"href":"https:\/\/tesla-lighting.cz\/en\/wp-json\/wp\/v2\/pages\/44334\/revisions"}],"wp:attachment":[{"href":"https:\/\/tesla-lighting.cz\/en\/wp-json\/wp\/v2\/media?parent=44334"}],"curies":[{"name":"wp","href":"https:\/\/api.w.org\/{rel}","templated":true}]}}